{"id":6165,"date":"2025-12-19T22:29:34","date_gmt":"2025-12-19T19:29:34","guid":{"rendered":"https:\/\/wristbandfactory.eu\/?post_type=product&#038;p=6165"},"modified":"2026-04-01T21:52:34","modified_gmt":"2026-04-01T18:52:34","slug":"custom-luggage-tags-bamboo-waterproof-paper-shaped","status":"publish","type":"product","link":"https:\/\/displayproducts.eu\/es\/p\/custom-luggage-tags-bamboo-waterproof-paper-shaped\/","title":{"rendered":"Identificadores de maletas personalizados"},"content":{"rendered":"<p data-path-to-node=\"9\">Viajar deja huella, y nuestra gama de etiquetas de equipaje personalizadas garantiza que su marca llegue a donde vayan sus clientes. Dise\u00f1adas para ofrecer durabilidad y visibilidad, esta l\u00ednea de productos ofrece flexibilidad para adaptarse a su presupuesto y estilo de marketing, ya sea que necesite un obsequio masivo econ\u00f3mico o un regalo ecol\u00f3gico premium.<\/p>\n<p data-path-to-node=\"10\"><b data-path-to-node=\"10\" data-index-in-node=\"0\">Elige tu estilo:<\/b><\/p>\n<ol start=\"1\" data-path-to-node=\"11\">\n<li>\n<p data-path-to-node=\"11,0,0\"><b data-path-to-node=\"11,0,0\" data-index-in-node=\"0\">Etiquetas de papel sint\u00e9tico (resistentes al agua y al desgarro):<\/b> No te dejes enga\u00f1ar por la palabra &quot;papel&quot;. Este avanzado material sint\u00e9tico es completamente impermeable y resistente al desgarro, lo que lo hace perfecto para viajes exigentes.<\/p>\n<ul data-path-to-node=\"11,0,1\">\n<li>\n<p data-path-to-node=\"11,0,1,0,0\"><b data-path-to-node=\"11,0,1,0,0\" data-index-in-node=\"0\">Forma est\u00e1ndar:<\/b> \u00c1rea m\u00e1xima de marca para logotipos e informaci\u00f3n de contacto.<\/p>\n<\/li>\n<li>\n<p data-path-to-node=\"11,0,1,1,0\"><b data-path-to-node=\"11,0,1,1,0\" data-index-in-node=\"0\">Forma del avi\u00f3n:<\/b> Un dise\u00f1o de aviaci\u00f3n divertido y troquelado, ideal para oficinas de turismo y aerol\u00edneas.<\/p>\n<\/li>\n<li>\n<p data-path-to-node=\"11,0,1,2,0\"><i data-path-to-node=\"11,0,1,2,0\" data-index-in-node=\"0\">Incluye impresi\u00f3n a todo color en el frente.<\/i><\/p>\n<\/li>\n<\/ul>\n<\/li>\n<li>\n<p data-path-to-node=\"11,1,0\"><b data-path-to-node=\"11,1,0\" data-index-in-node=\"0\">Etiquetas de bamb\u00fa (Eco-Premium):<\/b> Para una apariencia sostenible y sofisticada, elija nuestras etiquetas de bamb\u00fa natural. R\u00edgidas y distintivas, destacan en el carrusel.<\/p>\n<ul data-path-to-node=\"11,1,1\">\n<li>\n<p data-path-to-node=\"11,1,1,0,0\"><i data-path-to-node=\"11,1,1,0,0\" data-index-in-node=\"0\">Incluye correa de pl\u00e1stico y hebilla para una fijaci\u00f3n segura.<\/i><\/p>\n<\/li>\n<\/ul>\n<\/li>\n<\/ol>\n<h2 data-path-to-node=\"12\">Caracter\u00edsticas principales<\/h2>\n<ul data-path-to-node=\"13\">\n<li>\n<p data-path-to-node=\"13,0,0\"><b data-path-to-node=\"13,0,0\" data-index-in-node=\"0\">Versatilidad:<\/b> Una sola lista de productos, m\u00faltiples soluciones. Combinaci\u00f3n para diferentes segmentos de clientes (p. ej., Paper para pasajeros de clase econ\u00f3mica, Bamboo para VIP).<\/p>\n<\/li>\n<li>\n<p data-path-to-node=\"13,1,0\"><b data-path-to-node=\"13,1,0\" data-index-in-node=\"0\">Durabilidad extrema:<\/b> El papel sint\u00e9tico soporta la lluvia, la humedad y el manejo brusco del equipaje sin romperse.<\/p>\n<\/li>\n<li>\n<p data-path-to-node=\"13,2,0\"><b data-path-to-node=\"13,2,0\" data-index-in-node=\"0\">Eco-consciente:<\/b> El bamb\u00fa ofrece una opci\u00f3n de material renovable para campa\u00f1as de marketing verde.<\/p>\n<\/li>\n<li>\n<p data-path-to-node=\"13,3,0\"><b data-path-to-node=\"13,3,0\" data-index-in-node=\"0\">Alta visibilidad:<\/b> Las \u00e1reas de impresi\u00f3n grandes garantizan que su logotipo sea visto en aeropuertos de todo el mundo.<\/p>\n<\/li>\n<\/ul>\n<h2 data-path-to-node=\"14\">Presupuesto<\/h2>\n<ul data-path-to-node=\"15\">\n<li>\n<p data-path-to-node=\"15,0,0\"><b data-path-to-node=\"15,0,0\" data-index-in-node=\"0\">Materiales:<\/b> Papel sint\u00e9tico (mezcla de polipropileno) O bamb\u00fa natural.<\/p>\n<\/li>\n<li>\n<p data-path-to-node=\"15,1,0\"><b data-path-to-node=\"15,1,0\" data-index-in-node=\"0\">Propiedades de la etiqueta de papel:<\/b> Resistente al agua, al desgarro, flexible.<\/p>\n<\/li>\n<li>\n<p data-path-to-node=\"15,2,0\"><b data-path-to-node=\"15,2,0\" data-index-in-node=\"0\">Propiedades de la etiqueta Bamboo:<\/b> Acabado r\u00edgido de grano natural.<\/p>\n<\/li>\n<li>\n<p data-path-to-node=\"15,3,0\"><b data-path-to-node=\"15,3,0\" data-index-in-node=\"0\">Formas:<\/b> Troquel rectangular (85x54mm aprox) o de avi\u00f3n.<\/p>\n<\/li>\n<li>\n<p data-path-to-node=\"15,4,0\"><b data-path-to-node=\"15,4,0\" data-index-in-node=\"0\">Adjunto:<\/b> Correa de pl\u00e1stico con hebilla (Bamb\u00fa) o mecanismo de bucle.<\/p>\n<\/li>\n<li>\n<p data-path-to-node=\"15,5,0\"><b data-path-to-node=\"15,5,0\" data-index-in-node=\"0\">Cantidad m\u00ednima de pedido:<\/b> 250 piezas (para modelos de papel).<\/p>\n<\/li>\n<\/ul>\n<h2 data-path-to-node=\"16\">Casos de uso<\/h2>\n<ul data-path-to-node=\"17\">\n<li>\n<p data-path-to-node=\"17,0,0\"><b data-path-to-node=\"17,0,0\" data-index-in-node=\"0\">Operadores tur\u00edsticos:<\/b> Incluya una etiqueta de marca con las carteras para documentos de viaje.<\/p>\n<\/li>\n<li>\n<p data-path-to-node=\"17,1,0\"><b data-path-to-node=\"17,1,0\" data-index-in-node=\"0\">Retiros corporativos:<\/b> Identifique f\u00e1cilmente el equipaje del equipo durante el viaje en grupo.<\/p>\n<\/li>\n<li>\n<p data-path-to-node=\"17,2,0\"><b data-path-to-node=\"17,2,0\" data-index-in-node=\"0\">Hoteles:<\/b> Un obsequio memorable para sus invitados.<\/p>\n<\/li>\n<li>\n<p data-path-to-node=\"17,3,0\"><b data-path-to-node=\"17,3,0\" data-index-in-node=\"0\">Log\u00edstica:<\/b> Etiquetado duradero para cargas y mercanc\u00edas no est\u00e1ndar.<\/p>\n<\/li>\n<\/ul>","protected":false},"excerpt":{"rendered":"<ul>\n<li>\n<p data-path-to-node=\"8,0,0\"><b data-path-to-node=\"8,0,0\" data-index-in-node=\"0\">Elecci\u00f3n del material:<\/b> Elija entre bamb\u00fa r\u00edgido o papel flexible resistente al desgarro.<\/p>\n<\/li>\n<li>\n<p data-path-to-node=\"8,1,0\"><b data-path-to-node=\"8,1,0\" data-index-in-node=\"0\">Formas:<\/b> Disponible en formas de aviones rectangulares est\u00e1ndar o tem\u00e1ticos.<\/p>\n<\/li>\n<li>\n<p data-path-to-node=\"8,2,0\"><b data-path-to-node=\"8,2,0\" data-index-in-node=\"0\">Durabilidad:<\/b> Resistente al agua y dise\u00f1ado para soportar viajes globales.<\/p>\n<\/li>\n<li>\n<p data-path-to-node=\"8,3,0\"><b data-path-to-node=\"8,3,0\" data-index-in-node=\"0\">Herrada:<\/b> Impresi\u00f3n a todo color (Papel) o Grabado\/Impresi\u00f3n L\u00e1ser (Bamb\u00fa).<\/p>\n<\/li>\n<\/ul>","protected":false},"featured_media":6304,"comment_status":"closed","ping_status":"closed","template":"","meta":[],"product_brand":[],"product_cat":[129,122],"product_tag":[],"class_list":{"0":"post-6165","1":"product","2":"type-product","3":"status-publish","4":"has-post-thumbnail","6":"product_cat-leisure-lifestyle","7":"product_cat-promotional-accessories","9":"first","10":"instock","11":"shipping-taxable","12":"purchasable","13":"product-type-simple"},"_links":{"self":[{"href":"https:\/\/displayproducts.eu\/es\/wp-json\/wp\/v2\/product\/6165","targetHints":{"allow":["GET"]}}],"collection":[{"href":"https:\/\/displayproducts.eu\/es\/wp-json\/wp\/v2\/product"}],"about":[{"href":"https:\/\/displayproducts.eu\/es\/wp-json\/wp\/v2\/types\/product"}],"replies":[{"embeddable":true,"href":"https:\/\/displayproducts.eu\/es\/wp-json\/wp\/v2\/comments?post=6165"}],"wp:featuredmedia":[{"embeddable":true,"href":"https:\/\/displayproducts.eu\/es\/wp-json\/wp\/v2\/media\/6304"}],"wp:attachment":[{"href":"https:\/\/displayproducts.eu\/es\/wp-json\/wp\/v2\/media?parent=6165"}],"wp:term":[{"taxonomy":"product_brand","embeddable":true,"href":"https:\/\/displayproducts.eu\/es\/wp-json\/wp\/v2\/product_brand?post=6165"},{"taxonomy":"product_cat","embeddable":true,"href":"https:\/\/displayproducts.eu\/es\/wp-json\/wp\/v2\/product_cat?post=6165"},{"taxonomy":"product_tag","embeddable":true,"href":"https:\/\/displayproducts.eu\/es\/wp-json\/wp\/v2\/product_tag?post=6165"}],"curies":[{"name":"wp","href":"https:\/\/api.w.org\/{rel}","templated":true}]}}