{"id":6159,"date":"2025-12-19T16:35:18","date_gmt":"2025-12-19T13:35:18","guid":{"rendered":"https:\/\/wristbandfactory.eu\/?post_type=product&#038;p=6159"},"modified":"2026-04-01T21:52:34","modified_gmt":"2026-04-01T18:52:34","slug":"custom-printed-seamless-arm-sleeves-uv-protection","status":"publish","type":"product","link":"https:\/\/displayproducts.eu\/es\/p\/custom-printed-seamless-arm-sleeves-uv-protection\/","title":{"rendered":"Manguitos deportivos personalizados"},"content":{"rendered":"<p data-path-to-node=\"11\">Maximiza la visibilidad de tu marca en eventos al aire libre y competiciones deportivas con nuestras mangas sin costuras con impresi\u00f3n personalizada. Estos accesorios vers\u00e1tiles son esenciales para corredores, ciclistas y personal de actividades al aire libre, ofreciendo un amplio espacio m\u00f3vil para tu logotipo o dise\u00f1o.<\/p>\n<p data-path-to-node=\"12\">A diferencia de las fundas serigrafiadas est\u00e1ndar, nuestras fundas utilizan tecnolog\u00eda de sublimaci\u00f3n de tinta. Esto significa que el dise\u00f1o se impregna en las fibras de la tela, garantizando que la impresi\u00f3n no se agriete, despegue ni desti\u00f1a, a la vez que conserva la transpirabilidad y elasticidad de la tela.<\/p>\n<h2 data-path-to-node=\"13\">Caracter\u00edsticas principales<\/h2>\n<ul data-path-to-node=\"14\">\n<li>\n<p data-path-to-node=\"14,0,0\"><b data-path-to-node=\"14,0,0\" data-index-in-node=\"0\">Construcci\u00f3n sin costuras:<\/b> El dise\u00f1o de tejido tubular elimina las costuras laterales, evitando rozaduras e irritaciones durante el uso prolongado.<\/p>\n<\/li>\n<li>\n<p data-path-to-node=\"14,1,0\"><b data-path-to-node=\"14,1,0\" data-index-in-node=\"0\"><span class=\"citation-32\">Protecci\u00f3n solar y de la piel:<\/span><\/b><span class=\"citation-32 citation-end-32\"> Proporciona una barrera eficaz contra los da\u00f1inos rayos UV y protege la piel de quemaduras o rasgu\u00f1os.<\/span><\/p>\n<div class=\"source-inline-chip-container ng-star-inserted\"><\/div>\n<\/li>\n<li>\n<p data-path-to-node=\"14,2,0\"><b data-path-to-node=\"14,2,0\" data-index-in-node=\"0\">Ajuste el\u00e1stico:<\/b> La mezcla de poli\u00e9ster y elastano garantiza que las mangas permanezcan firmemente en su lugar sin restringir el movimiento.<\/p>\n<\/li>\n<li>\n<p data-path-to-node=\"14,3,0\"><b data-path-to-node=\"14,3,0\" data-index-in-node=\"0\">Personalizaci\u00f3n v\u00edvida:<\/b> La impresi\u00f3n de superficie completa permite reproducir perfectamente degradados complejos, fotograf\u00edas y colores de marca.<\/p>\n<\/li>\n<\/ul>\n<h2 data-path-to-node=\"15\">Presupuesto<\/h2>\n<ul data-path-to-node=\"16\">\n<li>\n<p data-path-to-node=\"16,0,0\"><b data-path-to-node=\"16,0,0\" data-index-in-node=\"0\">Material:<\/b> Tejido t\u00e9cnico de 160 g\/m\u00b2 (95% poli\u00e9ster \/ 5% elastano).<\/p>\n<\/li>\n<li>\n<p data-path-to-node=\"16,1,0\"><b data-path-to-node=\"16,1,0\" data-index-in-node=\"0\">T\u00e9cnica de impresi\u00f3n:<\/b> Sublimaci\u00f3n de tinta a todo color.<\/p>\n<\/li>\n<li>\n<p data-path-to-node=\"16,2,0\"><b data-path-to-node=\"16,2,0\" data-index-in-node=\"0\">Embalaje:<\/b> Se vende por par (1 pieza = 2 mangas).<\/p>\n<\/li>\n<li>\n<p data-path-to-node=\"16,3,0\"><b data-path-to-node=\"16,3,0\" data-index-in-node=\"0\">Dimensiones (Mediano):<\/b> 7 cm (mu\u00f1eca) x 8 cm (brazo superior) x 37 cm (largo).<\/p>\n<\/li>\n<li>\n<p data-path-to-node=\"16,4,0\"><b data-path-to-node=\"16,4,0\" data-index-in-node=\"0\">Dimensiones (Grande):<\/b> 9 cm (mu\u00f1eca) x 11 cm (brazo superior) x 44 cm (largo).<\/p>\n<\/li>\n<\/ul>\n<h2 data-path-to-node=\"17\">Casos de uso<\/h2>\n<ul data-path-to-node=\"18\">\n<li>\n<p data-path-to-node=\"18,0,0\"><b data-path-to-node=\"18,0,0\" data-index-in-node=\"0\">Maratones y eventos de ciclismo:<\/b> Equipo esencial para los participantes en bolsas de regalos.<\/p>\n<\/li>\n<li>\n<p data-path-to-node=\"18,1,0\"><b data-path-to-node=\"18,1,0\" data-index-in-node=\"0\">Uniformes del equipo:<\/b> Aspecto unificado para equipos de baloncesto, voleibol o deportes electr\u00f3nicos.<\/p>\n<\/li>\n<li>\n<p data-path-to-node=\"18,2,0\"><b data-path-to-node=\"18,2,0\" data-index-in-node=\"0\">Fuerza laboral al aire libre:<\/b> Protecci\u00f3n para el personal que trabaja bajo la luz solar directa (paisajismo, seguridad de eventos).<\/p>\n<\/li>\n<li>\n<p data-path-to-node=\"18,3,0\"><b data-path-to-node=\"18,3,0\" data-index-in-node=\"0\">Ventas de mercanc\u00edas:<\/b> Art\u00edculo de alto margen para tiendas de gimnasios o clubes.<\/p>\n<\/li>\n<\/ul>","protected":false},"excerpt":{"rendered":"<ul>\n<li>\n<p data-path-to-node=\"10,0,0\"><b data-path-to-node=\"10,0,0\" data-index-in-node=\"0\">Comodidad sin costuras:<\/b> Sin costuras irritantes, lo que garantiza la m\u00e1xima comodidad durante la actividad f\u00edsica.<\/p>\n<\/li>\n<li>\n<p data-path-to-node=\"10,1,0\"><b data-path-to-node=\"10,1,0\" data-index-in-node=\"0\">Marca a todo color:<\/b> La impresi\u00f3n por sublimaci\u00f3n de borde a borde permite posibilidades de dise\u00f1o ilimitadas.<\/p>\n<\/li>\n<li>\n<p data-path-to-node=\"10,2,0\"><b data-path-to-node=\"10,2,0\" data-index-in-node=\"0\"><span class=\"citation-33\">Protecci\u00f3n UV y rayones:<\/span><\/b><span class=\"citation-33 citation-end-33\"> Protege los brazos de la exposici\u00f3n solar y peque\u00f1as abrasiones.<\/span><\/p>\n<\/li>\n<li>\n<p data-path-to-node=\"10,3,0\"><b data-path-to-node=\"10,3,0\" data-index-in-node=\"0\">Se vende por par:<\/b> Una unidad incluye una manga izquierda y otra derecha.<\/p>\n<\/li>\n<\/ul>","protected":false},"featured_media":6160,"comment_status":"closed","ping_status":"closed","template":"","meta":[],"product_brand":[],"product_cat":[118],"product_tag":[],"class_list":{"0":"post-6159","1":"product","2":"type-product","3":"status-publish","4":"has-post-thumbnail","6":"product_cat-sports-fitness","8":"first","9":"instock","10":"shipping-taxable","11":"purchasable","12":"product-type-simple"},"_links":{"self":[{"href":"https:\/\/displayproducts.eu\/es\/wp-json\/wp\/v2\/product\/6159","targetHints":{"allow":["GET"]}}],"collection":[{"href":"https:\/\/displayproducts.eu\/es\/wp-json\/wp\/v2\/product"}],"about":[{"href":"https:\/\/displayproducts.eu\/es\/wp-json\/wp\/v2\/types\/product"}],"replies":[{"embeddable":true,"href":"https:\/\/displayproducts.eu\/es\/wp-json\/wp\/v2\/comments?post=6159"}],"wp:featuredmedia":[{"embeddable":true,"href":"https:\/\/displayproducts.eu\/es\/wp-json\/wp\/v2\/media\/6160"}],"wp:attachment":[{"href":"https:\/\/displayproducts.eu\/es\/wp-json\/wp\/v2\/media?parent=6159"}],"wp:term":[{"taxonomy":"product_brand","embeddable":true,"href":"https:\/\/displayproducts.eu\/es\/wp-json\/wp\/v2\/product_brand?post=6159"},{"taxonomy":"product_cat","embeddable":true,"href":"https:\/\/displayproducts.eu\/es\/wp-json\/wp\/v2\/product_cat?post=6159"},{"taxonomy":"product_tag","embeddable":true,"href":"https:\/\/displayproducts.eu\/es\/wp-json\/wp\/v2\/product_tag?post=6159"}],"curies":[{"name":"wp","href":"https:\/\/api.w.org\/{rel}","templated":true}]}}