{"id":6155,"date":"2025-12-19T16:20:46","date_gmt":"2025-12-19T13:20:46","guid":{"rendered":"https:\/\/wristbandfactory.eu\/?post_type=product&#038;p=6155"},"modified":"2026-04-01T21:52:03","modified_gmt":"2026-04-01T18:52:03","slug":"custom-beach-slippers-with-logo-sand-imprint-sole","status":"publish","type":"product","link":"https:\/\/displayproducts.eu\/es\/p\/custom-beach-slippers-with-logo-sand-imprint-sole\/","title":{"rendered":"Chanclas de playa personalizadas con huella en la arena"},"content":{"rendered":"<p data-path-to-node=\"12\">Impulsa tus campa\u00f1as de marketing de verano o los servicios de tu hotel con nuestras chanclas de playa totalmente personalizables. Dise\u00f1adas para maximizar la visibilidad de tu marca, estas chanclas ofrecen un efecto \u00fanico de cartelera. Ya sea para un retiro corporativo, un regalo de spa o un obsequio en un festival de verano, ofrecemos una combinaci\u00f3n de colores completa para que se ajuste perfectamente a tu identidad de marca.<\/p>\n<p data-path-to-node=\"13\">A diferencia del calzado promocional est\u00e1ndar, nuestras pantuflas ofrecen innovadoras t\u00e9cnicas de marca en la suela inferior que convierten cada paso en una impresi\u00f3n.<\/p>\n<h2 data-path-to-node=\"14\">Caracter\u00edsticas principales<\/h2>\n<ul data-path-to-node=\"15\">\n<li>\n<p data-path-to-node=\"15,0,0\"><b data-path-to-node=\"15,0,0\" data-index-in-node=\"0\">Coincidencia de colores Pantone:<\/b> Podemos combinar los colores de la suela y la correa con los c\u00f3digos PMS de su marca espec\u00edfica sin costos de configuraci\u00f3n adicionales.<\/p>\n<\/li>\n<li>\n<p data-path-to-node=\"15,1,0\"><b data-path-to-node=\"15,1,0\" data-index-in-node=\"0\">Impresi\u00f3n de arena troquelada:<\/b> La suela tiene un corte de aproximadamente 5 mm de profundidad. Al caminar sobre arena blanda, la zapatilla deja una huella distintiva de su logotipo o mensaje.<\/p>\n<\/li>\n<li>\n<p data-path-to-node=\"15,2,0\"><b data-path-to-node=\"15,2,0\" data-index-in-node=\"0\">Estampado de suela inferior:<\/b> Para detalles m\u00e1s finos, podemos estampar su logotipo aproximadamente 2 mm en la suela inferior (ideal para dise\u00f1os intrincados).<\/p>\n<\/li>\n<li>\n<p data-path-to-node=\"15,3,0\"><b data-path-to-node=\"15,3,0\" data-index-in-node=\"0\">Marca de superficie completa:<\/b> La serigraf\u00eda tradicional est\u00e1 disponible tanto en el tal\u00f3n de la suela como en las correas para una colocaci\u00f3n del logotipo de alta visibilidad.<\/p>\n<\/li>\n<\/ul>\n<h2 data-path-to-node=\"16\">Presupuesto<\/h2>\n<ul data-path-to-node=\"17\">\n<li>\n<p data-path-to-node=\"17,0,0\"><b data-path-to-node=\"17,0,0\" data-index-in-node=\"0\">Material:<\/b> Mezcla de caucho PE\/PVC duradera y c\u00f3moda (materiales personalizados disponibles a pedido).<\/p>\n<\/li>\n<li>\n<p data-path-to-node=\"17,1,0\"><b data-path-to-node=\"17,1,0\" data-index-in-node=\"0\">Grosor de la suela:<\/b> Espesor est\u00e1ndar optimizado para mayor comodidad y troquelado efectivo.<\/p>\n<\/li>\n<li>\n<p data-path-to-node=\"17,2,0\"><b data-path-to-node=\"17,2,0\" data-index-in-node=\"0\">Tallas:<\/b> Disponible en una gama de tama\u00f1os est\u00e1ndar de la UE (unisex, hombre, mujer, ni\u00f1os).<\/p>\n<\/li>\n<li>\n<p data-path-to-node=\"17,3,0\"><b data-path-to-node=\"17,3,0\" data-index-in-node=\"0\">M\u00e9todos de personalizaci\u00f3n:<\/b> Serigraf\u00eda, relieve (abajo), troquelado (abajo).<\/p>\n<\/li>\n<li>\n<p data-path-to-node=\"17,4,0\"><b data-path-to-node=\"17,4,0\" data-index-in-node=\"0\">Pedido m\u00ednimo:<\/b> Verifique el MOQ actual con nuestro equipo de ventas.<\/p>\n<\/li>\n<\/ul>\n<h2 data-path-to-node=\"18\">Casos de uso<\/h2>\n<ul data-path-to-node=\"19\">\n<li>\n<p data-path-to-node=\"19,0,0\"><b data-path-to-node=\"19,0,0\" data-index-in-node=\"0\">Festivales y eventos de verano:<\/b> Mercanc\u00eda de alto valor que los asistentes utilizar\u00e1n durante toda la temporada.<\/p>\n<\/li>\n<li>\n<p data-path-to-node=\"19,1,0\"><b data-path-to-node=\"19,1,0\" data-index-in-node=\"0\">Hoteles y spas:<\/b> Art\u00edculos de aseo de marca premium para piscinas y centros de bienestar.<\/p>\n<\/li>\n<li>\n<p data-path-to-node=\"19,2,0\"><b data-path-to-node=\"19,2,0\" data-index-in-node=\"0\">Regalos corporativos:<\/b> Perfecto para retiros de formaci\u00f3n de equipos o kits de \u201cinicio de verano\u201d.<\/p>\n<\/li>\n<li>\n<p data-path-to-node=\"19,3,0\"><b data-path-to-node=\"19,3,0\" data-index-in-node=\"0\">Agencias de viajes:<\/b> Gran obsequio promocional para paquetes de vacaciones en la playa.<\/p>\n<\/li>\n<\/ul>","protected":false},"excerpt":{"rendered":"<ul>\n<li>\n<p data-path-to-node=\"11,0,0\"><b data-path-to-node=\"11,0,0\" data-index-in-node=\"0\">Pantone igualado:<\/b> Colores personalizados tanto para la suela como para la correa sin coste extra.<\/p>\n<\/li>\n<li>\n<p data-path-to-node=\"11,1,0\"><b data-path-to-node=\"11,1,0\" data-index-in-node=\"0\">M\u00faltiples puntos de marca:<\/b> Imprimir en la correa, en la suela superior o en la suela inferior.<\/p>\n<\/li>\n<li>\n<p data-path-to-node=\"11,2,0\"><b data-path-to-node=\"11,2,0\" data-index-in-node=\"0\">Efecto de impresi\u00f3n de arena:<\/b> La suela troquelada opcional deja la impresi\u00f3n de su logotipo en la arena.<\/p>\n<\/li>\n<li>\n<p data-path-to-node=\"11,3,0\"><b data-path-to-node=\"11,3,0\" data-index-in-node=\"0\">Personalizaci\u00f3n Premium:<\/b> Elija entre suelas troqueladas de alto impacto o con relieve detallado.<\/p>\n<\/li>\n<\/ul>","protected":false},"featured_media":6158,"comment_status":"closed","ping_status":"closed","template":"","meta":[],"product_brand":[],"product_cat":[129],"product_tag":[],"class_list":{"0":"post-6155","1":"product","2":"type-product","3":"status-publish","4":"has-post-thumbnail","6":"product_cat-leisure-lifestyle","8":"first","9":"instock","10":"shipping-taxable","11":"purchasable","12":"product-type-simple"},"_links":{"self":[{"href":"https:\/\/displayproducts.eu\/es\/wp-json\/wp\/v2\/product\/6155","targetHints":{"allow":["GET"]}}],"collection":[{"href":"https:\/\/displayproducts.eu\/es\/wp-json\/wp\/v2\/product"}],"about":[{"href":"https:\/\/displayproducts.eu\/es\/wp-json\/wp\/v2\/types\/product"}],"replies":[{"embeddable":true,"href":"https:\/\/displayproducts.eu\/es\/wp-json\/wp\/v2\/comments?post=6155"}],"wp:featuredmedia":[{"embeddable":true,"href":"https:\/\/displayproducts.eu\/es\/wp-json\/wp\/v2\/media\/6158"}],"wp:attachment":[{"href":"https:\/\/displayproducts.eu\/es\/wp-json\/wp\/v2\/media?parent=6155"}],"wp:term":[{"taxonomy":"product_brand","embeddable":true,"href":"https:\/\/displayproducts.eu\/es\/wp-json\/wp\/v2\/product_brand?post=6155"},{"taxonomy":"product_cat","embeddable":true,"href":"https:\/\/displayproducts.eu\/es\/wp-json\/wp\/v2\/product_cat?post=6155"},{"taxonomy":"product_tag","embeddable":true,"href":"https:\/\/displayproducts.eu\/es\/wp-json\/wp\/v2\/product_tag?post=6155"}],"curies":[{"name":"wp","href":"https:\/\/api.w.org\/{rel}","templated":true}]}}