{"id":6144,"date":"2025-12-19T16:02:37","date_gmt":"2025-12-19T13:02:37","guid":{"rendered":"https:\/\/wristbandfactory.eu\/?post_type=product&#038;p=6144"},"modified":"2026-04-01T21:52:34","modified_gmt":"2026-04-01T18:52:34","slug":"custom-printed-picnic-blankets-fleece-waterproof-models","status":"publish","type":"product","link":"https:\/\/displayproducts.eu\/es\/p\/custom-printed-picnic-blankets-fleece-waterproof-models\/","title":{"rendered":"Mantas de picnic personalizadas"},"content":{"rendered":"<p data-path-to-node=\"10\">Convierta cualquier reuni\u00f3n al aire libre en una oportunidad de marca con nuestro <b data-path-to-node=\"10\" data-index-in-node=\"89\">Mantas de picnic con impresi\u00f3n personalizada<\/b>. Ya sea que necesite un obsequio acogedor para un concierto de verano o un obsequio corporativo de alta gama para sus empleados, ofrecemos dos materiales distintos que se adaptan a su presupuesto y necesidades funcionales.<\/p>\n<p data-path-to-node=\"11\">Ambos modelos cuentan con impresi\u00f3n digital de borde a borde, lo que permite obtener fotos vibrantes, patrones intrincados o logotipos llamativos en toda la superficie.<\/p>\n<h3 data-path-to-node=\"12\">Elige tu modelo<\/h3>\n<p>1. La manta de vell\u00f3n suave (est\u00e1ndar)<\/p>\n<p>Una elecci\u00f3n cl\u00e1sica para calidez y comodidad.<\/p>\n<ul data-path-to-node=\"14\">\n<li>\n<p data-path-to-node=\"14,0,0\"><b data-path-to-node=\"14,0,0\" data-index-in-node=\"0\">Arriba:<\/b> Polar de poli\u00e9ster 100% suave (220 g\/m\u00b2) para una sensaci\u00f3n acogedora.<\/p>\n<\/li>\n<li>\n<p data-path-to-node=\"14,1,0\"><b data-path-to-node=\"14,1,0\" data-index-in-node=\"0\">Abajo:<\/b> Respaldo de tela no tejida de 80g de color negro.<\/p>\n<\/li>\n<li>\n<p data-path-to-node=\"14,2,0\"><b data-path-to-node=\"14,2,0\" data-index-in-node=\"0\">Embalaje:<\/b> Envasado individualmente en bolsas de pl\u00e1stico (funda de papel personalizada disponible a pedido).<\/p>\n<\/li>\n<\/ul>\n<p>2. La manta impermeable premium (acolchada)<\/p>\n<p>Dise\u00f1ado para durabilidad y condiciones de suelo h\u00famedo.<\/p>\n<ul data-path-to-node=\"16\">\n<li>\n<p data-path-to-node=\"16,0,0\"><b data-path-to-node=\"16,0,0\" data-index-in-node=\"0\">Construcci\u00f3n:<\/b> Dise\u00f1o tipo s\u00e1ndwich de 3 capas: parte superior de poli\u00e9ster 300D, n\u00facleo de espuma de 2 mm para mayor comodidad al sentarse y parte inferior de poli\u00e9ster 210D.<\/p>\n<\/li>\n<li>\n<p data-path-to-node=\"16,1,0\"><b data-path-to-node=\"16,1,0\" data-index-in-node=\"0\">Impermeable:<\/b> Cuenta con un respaldo de PU para mantener la humedad afuera.<\/p>\n<\/li>\n<li>\n<p data-path-to-node=\"16,2,0\"><b data-path-to-node=\"16,2,0\" data-index-in-node=\"0\">Portabilidad:<\/b> Incluye un asa de cinta PP cosida (aprox. 2,5 x 50 cm) con cierre de velcro para enrollarla y transportarla f\u00e1cilmente.<\/p>\n<\/li>\n<\/ul>\n<h2 data-path-to-node=\"17\">Caracter\u00edsticas principales<\/h2>\n<ul data-path-to-node=\"18\">\n<li>\n<p data-path-to-node=\"18,0,0\"><b data-path-to-node=\"18,0,0\" data-index-in-node=\"0\">Impresi\u00f3n digital vibrante:<\/b> Imprimimos tu dise\u00f1o digitalmente. <i data-path-to-node=\"18,0,0\" data-index-in-node=\"55\">Nota: Debido a la textura de la tela, los colores de la impresi\u00f3n final pueden variar hasta 15% en tono en comparaci\u00f3n con la obra de arte original.<\/i><\/p>\n<\/li>\n<li>\n<p data-path-to-node=\"18,1,0\"><b data-path-to-node=\"18,1,0\" data-index-in-node=\"0\">Marca pr\u00e1ctica:<\/b> Una superficie masiva garantiza que su marca sea visible desde la distancia en playas, parques y festivales.<\/p>\n<\/li>\n<li>\n<p data-path-to-node=\"18,2,0\"><b data-path-to-node=\"18,2,0\" data-index-in-node=\"0\">Tolerancia de producci\u00f3n:<\/b> Seg\u00fan los est\u00e1ndares de la industria, nos reservamos el derecho de entregar y facturar +\/- 10% de la cantidad solicitada.<\/p>\n<\/li>\n<\/ul>\n<h2 data-path-to-node=\"19\">Presupuesto<\/h2>\n<table data-path-to-node=\"20\">\n<thead>\n<tr>\n<td><strong>Caracter\u00edstica<\/strong><\/td>\n<td><strong>Modelo de vell\u00f3n<\/strong><\/td>\n<td><strong>Modelo acolchado impermeable<\/strong><\/td>\n<\/tr>\n<\/thead>\n<tbody>\n<tr>\n<td><span data-path-to-node=\"20,1,0,0\"><b data-path-to-node=\"20,1,0,0\" data-index-in-node=\"0\">Material superior<\/b><\/span><\/td>\n<td><span data-path-to-node=\"20,1,1,0\">Polar de poli\u00e9ster de 220 g\/m\u00b2<\/span><\/td>\n<td><span data-path-to-node=\"20,1,2,0\">Poli\u00e9ster 300D<\/span><\/td>\n<\/tr>\n<tr>\n<td><span data-path-to-node=\"20,2,0,0\"><b data-path-to-node=\"20,2,0,0\" data-index-in-node=\"0\">Apoyo<\/b><\/span><\/td>\n<td><span data-path-to-node=\"20,2,1,0\">Tela no tejida negra de 80 gr<\/span><\/td>\n<td><span data-path-to-node=\"20,2,2,0\">PU impermeable + poli\u00e9ster 210D<\/span><\/td>\n<\/tr>\n<tr>\n<td><span data-path-to-node=\"20,3,0,0\"><b data-path-to-node=\"20,3,0,0\" data-index-in-node=\"0\">Relleno<\/b><\/span><\/td>\n<td><span data-path-to-node=\"20,3,1,0\">Ninguno<\/span><\/td>\n<td><span data-path-to-node=\"20,3,2,0\">Espuma de 2 mm<\/span><\/td>\n<\/tr>\n<tr>\n<td><span data-path-to-node=\"20,4,0,0\"><b data-path-to-node=\"20,4,0,0\" data-index-in-node=\"0\">Dimensiones<\/b><\/span><\/td>\n<td><span data-path-to-node=\"20,4,1,0\">120x150cm O 130x170cm<\/span><\/td>\n<td><span data-path-to-node=\"20,4,2,0\">120x150cm<\/span><\/td>\n<\/tr>\n<tr>\n<td><span data-path-to-node=\"20,5,0,0\"><b data-path-to-node=\"20,5,0,0\" data-index-in-node=\"0\">Sistema de transporte<\/b><\/span><\/td>\n<td><span data-path-to-node=\"20,5,1,0\">Bolsa de polietileno (funda opcional)<\/span><\/td>\n<td><span data-path-to-node=\"20,5,2,0\">Asa de cinta PP integrada<\/span><\/td>\n<\/tr>\n<tr>\n<td><span data-path-to-node=\"20,6,0,0\"><b data-path-to-node=\"20,6,0,0\" data-index-in-node=\"0\">T\u00e9cnica de impresi\u00f3n<\/b><\/span><\/td>\n<td><span data-path-to-node=\"20,6,1,0\">Digital a todo color<\/span><\/td>\n<td><span data-path-to-node=\"20,6,2,0\">Digital a todo color<\/span><\/td>\n<\/tr>\n<\/tbody>\n<\/table>\n<p>&nbsp;<\/p>\n<h2 data-path-to-node=\"21\">Casos de uso<\/h2>\n<ul data-path-to-node=\"22\">\n<li>\n<p data-path-to-node=\"22,0,0\"><b data-path-to-node=\"22,0,0\" data-index-in-node=\"0\">Festivales de verano:<\/b> Zonas de asientos de marca para eventos musicales.<\/p>\n<\/li>\n<li>\n<p data-path-to-node=\"22,1,0\"><b data-path-to-node=\"22,1,0\" data-index-in-node=\"0\">Picnics corporativos:<\/b> Un regalo pr\u00e1ctico que los empleados utilizar\u00e1n repetidamente.<\/p>\n<\/li>\n<li>\n<p data-path-to-node=\"22,2,0\"><b data-path-to-node=\"22,2,0\" data-index-in-node=\"0\">Tiendas de mercanc\u00edas:<\/b> Un art\u00edculo de gran valor para bandas o equipos deportivos.<\/p>\n<\/li>\n<li>\n<p data-path-to-node=\"22,3,0\"><b data-path-to-node=\"22,3,0\" data-index-in-node=\"0\">Promociones al aire libre:<\/b> Ideal para marcas de bebidas o estilo de vida.<\/p>\n<\/li>\n<\/ul>","protected":false},"excerpt":{"rendered":"<ul>\n<li>\n<p data-path-to-node=\"9,0,0\"><b data-path-to-node=\"9,0,0\" data-index-in-node=\"0\">Dos variaciones:<\/b> Elija entre Soft Fleece (ligero) o Premium Waterproof (acolchado con asa).<\/p>\n<\/li>\n<li>\n<p data-path-to-node=\"9,1,0\"><b data-path-to-node=\"9,1,0\" data-index-in-node=\"0\">Personalizaci\u00f3n completa:<\/b> La impresi\u00f3n digital de alta resoluci\u00f3n cubre toda la superficie superior.<\/p>\n<\/li>\n<li>\n<p data-path-to-node=\"9,2,0\"><b data-path-to-node=\"9,2,0\" data-index-in-node=\"0\">Tama\u00f1os vers\u00e1tiles:<\/b> Est\u00e1ndar 120x150cm o m\u00e1s grande 130x170cm (solo vell\u00f3n).<\/p>\n<\/li>\n<li>\n<p data-path-to-node=\"9,3,0\"><b data-path-to-node=\"9,3,0\" data-index-in-node=\"0\">Listo para el evento:<\/b> Perfecto para festivales al aire libre, picnics de empresa y campa\u00f1as de verano.<\/p>\n<\/li>\n<\/ul>","protected":false},"featured_media":6315,"comment_status":"closed","ping_status":"closed","template":"","meta":[],"product_brand":[],"product_cat":[68,121],"product_tag":[],"class_list":{"0":"post-6144","1":"product","2":"type-product","3":"status-publish","4":"has-post-thumbnail","6":"product_cat-event-supplies","7":"product_cat-promotional-merchandise","9":"first","10":"instock","11":"shipping-taxable","12":"purchasable","13":"product-type-simple"},"_links":{"self":[{"href":"https:\/\/displayproducts.eu\/es\/wp-json\/wp\/v2\/product\/6144","targetHints":{"allow":["GET"]}}],"collection":[{"href":"https:\/\/displayproducts.eu\/es\/wp-json\/wp\/v2\/product"}],"about":[{"href":"https:\/\/displayproducts.eu\/es\/wp-json\/wp\/v2\/types\/product"}],"replies":[{"embeddable":true,"href":"https:\/\/displayproducts.eu\/es\/wp-json\/wp\/v2\/comments?post=6144"}],"wp:featuredmedia":[{"embeddable":true,"href":"https:\/\/displayproducts.eu\/es\/wp-json\/wp\/v2\/media\/6315"}],"wp:attachment":[{"href":"https:\/\/displayproducts.eu\/es\/wp-json\/wp\/v2\/media?parent=6144"}],"wp:term":[{"taxonomy":"product_brand","embeddable":true,"href":"https:\/\/displayproducts.eu\/es\/wp-json\/wp\/v2\/product_brand?post=6144"},{"taxonomy":"product_cat","embeddable":true,"href":"https:\/\/displayproducts.eu\/es\/wp-json\/wp\/v2\/product_cat?post=6144"},{"taxonomy":"product_tag","embeddable":true,"href":"https:\/\/displayproducts.eu\/es\/wp-json\/wp\/v2\/product_tag?post=6144"}],"curies":[{"name":"wp","href":"https:\/\/api.w.org\/{rel}","templated":true}]}}