{"id":6135,"date":"2025-12-19T15:54:46","date_gmt":"2025-12-19T12:54:46","guid":{"rendered":"https:\/\/wristbandfactory.eu\/?post_type=product&#038;p=6135"},"modified":"2026-04-01T21:52:34","modified_gmt":"2026-04-01T18:52:34","slug":"custom-printed-wooden-deck-chairs-patio-stools-made-in-eu","status":"publish","type":"product","link":"https:\/\/displayproducts.eu\/es\/p\/custom-printed-wooden-deck-chairs-patio-stools-made-in-eu\/","title":{"rendered":"Tumbonas de madera personalizadas"},"content":{"rendered":"<p data-path-to-node=\"10\">Cree una experiencia de marca relajante con nuestra gama premium de <b data-path-to-node=\"10\" data-index-in-node=\"86\">Tumbonas y taburetes de madera con impresi\u00f3n personalizada<\/b>. Ya sea para un club de playa, un festival de m\u00fasica, un patio de verano corporativo o una estaci\u00f3n de esqu\u00ed de invierno, estas sillas ofrecen la combinaci\u00f3n perfecta de comodidad y visibilidad.<\/p>\n<p data-path-to-node=\"11\">Fabricadas directamente en la UE, nuestras estructuras est\u00e1n fabricadas con robusta madera de haya (acabado natural), lo que garantiza durabilidad y una sensaci\u00f3n de alta gama en comparaci\u00f3n con las ligeras importaciones. La tela del asiento est\u00e1 impresa digitalmente a todo color, lo que permite dise\u00f1os fotorrealistas que cubren toda la superficie.<\/p>\n<h3 data-path-to-node=\"12\">Modelos disponibles<\/h3>\n<p data-path-to-node=\"13\">Ofrecemos cuatro configuraciones distintas para adaptarse a las necesidades de su evento:<\/p>\n<ol start=\"1\" data-path-to-node=\"14\">\n<li>\n<p data-path-to-node=\"14,0,0\"><b data-path-to-node=\"14,0,0\" data-index-in-node=\"0\">Tumbona cl\u00e1sica:<\/b> Dise\u00f1o atemporal sin reposabrazos. Minimalista y port\u00e1til.<\/p>\n<\/li>\n<li>\n<p data-path-to-node=\"14,1,0\"><b data-path-to-node=\"14,1,0\" data-index-in-node=\"0\">Tumbona Comfort:<\/b> Cuenta con apoyabrazos ergon\u00f3micos para mayor relajaci\u00f3n.<\/p>\n<\/li>\n<li>\n<p data-path-to-node=\"14,2,0\"><b data-path-to-node=\"14,2,0\" data-index-in-node=\"0\">Tumbona Premium:<\/b> Incluye apoyabrazos y un portavasos incorporado: la mejor opci\u00f3n para festivales.<\/p>\n<\/li>\n<li>\n<p data-path-to-node=\"14,3,0\"><b data-path-to-node=\"14,3,0\" data-index-in-node=\"0\">Taburete de patio:<\/b> Un reposapi\u00e9s compacto y plegable o un asiento adicional que complementa perfectamente las sillas.<\/p>\n<\/li>\n<\/ol>\n<h2 data-path-to-node=\"15\">Caracter\u00edsticas principales<\/h2>\n<ul data-path-to-node=\"16\">\n<li>\n<p data-path-to-node=\"16,0,0\"><b data-path-to-node=\"16,0,0\" data-index-in-node=\"0\">Comodidad ajustable:<\/b> Todos los modelos de silla cuentan con un ajuste de altura del respaldo de 3 pasos para una relajaci\u00f3n personalizada (est\u00e1ndar: rango de 28\/60 mm; modelos con apoyabrazos: rango de 28\/57 mm o 32\/61 mm).<\/p>\n<\/li>\n<li>\n<p data-path-to-node=\"16,1,0\"><b data-path-to-node=\"16,1,0\" data-index-in-node=\"0\">Marca vibrante:<\/b> La tela de poli\u00e9ster de 215 g\/m\u00b2 admite impresi\u00f3n CMYK de alta resoluci\u00f3n. <i data-path-to-node=\"16,1,0\" data-index-in-node=\"83\">Nota: Debido a la absorci\u00f3n textil, los colores finales pueden variar hasta 15% del archivo digital.<\/i><\/p>\n<\/li>\n<li>\n<p data-path-to-node=\"16,2,0\"><b data-path-to-node=\"16,2,0\" data-index-in-node=\"0\">Dise\u00f1o inteligente:<\/b> Las fundas de las sillas son extra\u00edbles y cambiables, lo que permite actualizar las campa\u00f1as sin necesidad de comprar estructuras nuevas. (Nota: La tela del taburete es fija, no extra\u00edble).<\/p>\n<\/li>\n<li>\n<p data-path-to-node=\"16,3,0\"><b data-path-to-node=\"16,3,0\" data-index-in-node=\"0\">Seguridad y carga:<\/b> Construcci\u00f3n rigurosa que soporta hasta 110 kg por asiento.<\/p>\n<\/li>\n<\/ul>\n<h2 data-path-to-node=\"17\">Presupuesto<\/h2>\n<table data-path-to-node=\"18\">\n<thead>\n<tr>\n<td><strong>Caracter\u00edstica<\/strong><\/td>\n<td><strong>Silla cl\u00e1sica<\/strong><\/td>\n<td><strong>Silla con reposabrazos<\/strong><\/td>\n<td><strong>Silla portavasos<\/strong><\/td>\n<td><strong>Taburete de patio<\/strong><\/td>\n<\/tr>\n<\/thead>\n<tbody>\n<tr>\n<td><span data-path-to-node=\"18,1,0,0\"><b data-path-to-node=\"18,1,0,0\" data-index-in-node=\"0\">Material del marco<\/b><\/span><\/td>\n<td><span data-path-to-node=\"18,1,1,0\">Madera de haya<\/span><\/td>\n<td><span data-path-to-node=\"18,1,2,0\">Madera de haya<\/span><\/td>\n<td><span data-path-to-node=\"18,1,3,0\">Madera de haya<\/span><\/td>\n<td><span data-path-to-node=\"18,1,4,0\">Madera de haya<\/span><\/td>\n<\/tr>\n<tr>\n<td><span data-path-to-node=\"18,2,0,0\"><b data-path-to-node=\"18,2,0,0\" data-index-in-node=\"0\">Dimensiones (plegado)<\/b><\/span><\/td>\n<td><span data-path-to-node=\"18,2,1,0\">1250 x 560 mil\u00edmetros<\/span><\/td>\n<td><span data-path-to-node=\"18,2,2,0\">1510 x 580 mil\u00edmetros<\/span><\/td>\n<td><span data-path-to-node=\"18,2,3,0\">1510 x 580 mil\u00edmetros<\/span><\/td>\n<td><span data-path-to-node=\"18,2,4,0\">500 x 320 mil\u00edmetros<\/span><\/td>\n<\/tr>\n<tr>\n<td><span data-path-to-node=\"18,3,0,0\"><b data-path-to-node=\"18,3,0,0\" data-index-in-node=\"0\">Niveles de altura<\/b><\/span><\/td>\n<td><span data-path-to-node=\"18,3,1,0\">3 pasos<\/span><\/td>\n<td><span data-path-to-node=\"18,3,2,0\">3 pasos<\/span><\/td>\n<td><span data-path-to-node=\"18,3,3,0\">3 pasos<\/span><\/td>\n<td><span data-path-to-node=\"18,3,4,0\">Fijo (70 mm)<\/span><\/td>\n<\/tr>\n<tr>\n<td><span data-path-to-node=\"18,4,0,0\"><b data-path-to-node=\"18,4,0,0\" data-index-in-node=\"0\">Peso<\/b><\/span><\/td>\n<td><span data-path-to-node=\"18,4,1,0\">3,9 kg (7,8 kg\/solicitar presupuesto)<\/span><\/td>\n<td><span data-path-to-node=\"18,4,2,0\">4,4 kg (8,8 kg\/solicitar presupuesto)<\/span><\/td>\n<td><span data-path-to-node=\"18,4,3,0\">4,7 kg (9,4 kg\/solicitar presupuesto)<\/span><\/td>\n<td><span data-path-to-node=\"18,4,4,0\">1,6 kg (3,2 kg\/solicitar presupuesto)<\/span><\/td>\n<\/tr>\n<tr>\n<td><span data-path-to-node=\"18,5,0,0\"><b data-path-to-node=\"18,5,0,0\" data-index-in-node=\"0\">Tela<\/b><\/span><\/td>\n<td><span data-path-to-node=\"18,5,1,0\">Poli\u00e9ster de 215 g\/m\u00b2<\/span><\/td>\n<td><span data-path-to-node=\"18,5,2,0\">Poli\u00e9ster de 215 g\/m\u00b2<\/span><\/td>\n<td><span data-path-to-node=\"18,5,3,0\">Poli\u00e9ster de 215 g\/m\u00b2<\/span><\/td>\n<td><span data-path-to-node=\"18,5,4,0\">Poli\u00e9ster de 215 g\/m\u00b2<\/span><\/td>\n<\/tr>\n<tr>\n<td><span data-path-to-node=\"18,6,0,0\"><b data-path-to-node=\"18,6,0,0\" data-index-in-node=\"0\">Embalaje<\/b><\/span><\/td>\n<td><span data-path-to-node=\"18,6,1,0\">2 piezas \/ solicitar presupuesto<\/span><\/td>\n<td><span data-path-to-node=\"18,6,2,0\">2 piezas \/ solicitar presupuesto<\/span><\/td>\n<td><span data-path-to-node=\"18,6,3,0\">2 piezas \/ solicitar presupuesto<\/span><\/td>\n<td><span data-path-to-node=\"18,6,4,0\">2 piezas \/ solicitar presupuesto<\/span><\/td>\n<\/tr>\n<\/tbody>\n<\/table>\n<h2 data-path-to-node=\"19\">Casos de uso<\/h2>\n<ul data-path-to-node=\"20\">\n<li>\n<p data-path-to-node=\"20,0,0\"><b data-path-to-node=\"20,0,0\" data-index-in-node=\"0\">Festivales de verano y chiringuitos de playa:<\/b> Crear una zona de relax con marca.<\/p>\n<\/li>\n<li>\n<p data-path-to-node=\"20,1,0\"><b data-path-to-node=\"20,1,0\" data-index-in-node=\"0\">Estaciones de esqu\u00ed:<\/b> La madera duradera y el poli\u00e9ster tambi\u00e9n funcionan bien en las terrazas soleadas en invierno.<\/p>\n<\/li>\n<li>\n<p data-path-to-node=\"20,2,0\"><b data-path-to-node=\"20,2,0\" data-index-in-node=\"0\">Regalos corporativos:<\/b> Un regalo de gran valor para que las parejas lo utilicen en sus jardines o balcones.<\/p>\n<\/li>\n<li>\n<p data-path-to-node=\"20,3,0\"><b data-path-to-node=\"20,3,0\" data-index-in-node=\"0\">Eventos al aire libre:<\/b> Asientos port\u00e1tiles que tambi\u00e9n funcionan como vallas publicitarias.<\/p>\n<\/li>\n<\/ul>","protected":false},"excerpt":{"rendered":"<ul>\n<li>\n<p data-path-to-node=\"9,0,0\"><b data-path-to-node=\"9,0,0\" data-index-in-node=\"0\">Fabricado en la UE:<\/b> Realizado artesanalmente con madera de haya natural de alta calidad.<\/p>\n<\/li>\n<li>\n<p data-path-to-node=\"9,1,0\"><b data-path-to-node=\"9,1,0\" data-index-in-node=\"0\">Personalizaci\u00f3n completa:<\/b> Impresi\u00f3n CMYK de borde a borde sobre poli\u00e9ster duradero de 215 g\/m\u00b2.<\/p>\n<\/li>\n<li>\n<p data-path-to-node=\"9,2,0\"><b data-path-to-node=\"9,2,0\" data-index-in-node=\"0\">4 modelos disponibles:<\/b> Est\u00e1ndar, Apoyabrazos, Apoyabrazos + Portavasos y Taburete Plegable.<\/p>\n<\/li>\n<li>\n<p data-path-to-node=\"9,3,0\"><b data-path-to-node=\"9,3,0\" data-index-in-node=\"0\">Tela reemplazable:<\/b> Cambie el dise\u00f1o f\u00e1cilmente en todos los modelos de sillas (la tela del taburete es fija).<\/p>\n<\/li>\n<\/ul>","protected":false},"featured_media":6320,"comment_status":"closed","ping_status":"closed","template":"","meta":[],"product_brand":[],"product_cat":[68],"product_tag":[],"class_list":{"0":"post-6135","1":"product","2":"type-product","3":"status-publish","4":"has-post-thumbnail","6":"product_cat-event-supplies","8":"first","9":"instock","10":"shipping-taxable","11":"purchasable","12":"product-type-simple"},"_links":{"self":[{"href":"https:\/\/displayproducts.eu\/es\/wp-json\/wp\/v2\/product\/6135","targetHints":{"allow":["GET"]}}],"collection":[{"href":"https:\/\/displayproducts.eu\/es\/wp-json\/wp\/v2\/product"}],"about":[{"href":"https:\/\/displayproducts.eu\/es\/wp-json\/wp\/v2\/types\/product"}],"replies":[{"embeddable":true,"href":"https:\/\/displayproducts.eu\/es\/wp-json\/wp\/v2\/comments?post=6135"}],"wp:featuredmedia":[{"embeddable":true,"href":"https:\/\/displayproducts.eu\/es\/wp-json\/wp\/v2\/media\/6320"}],"wp:attachment":[{"href":"https:\/\/displayproducts.eu\/es\/wp-json\/wp\/v2\/media?parent=6135"}],"wp:term":[{"taxonomy":"product_brand","embeddable":true,"href":"https:\/\/displayproducts.eu\/es\/wp-json\/wp\/v2\/product_brand?post=6135"},{"taxonomy":"product_cat","embeddable":true,"href":"https:\/\/displayproducts.eu\/es\/wp-json\/wp\/v2\/product_cat?post=6135"},{"taxonomy":"product_tag","embeddable":true,"href":"https:\/\/displayproducts.eu\/es\/wp-json\/wp\/v2\/product_tag?post=6135"}],"curies":[{"name":"wp","href":"https:\/\/api.w.org\/{rel}","templated":true}]}}