{"id":6109,"date":"2025-12-18T12:35:53","date_gmt":"2025-12-18T09:35:53","guid":{"rendered":"https:\/\/wristbandfactory.eu\/?post_type=product&#038;p=6109"},"modified":"2026-04-01T21:52:34","modified_gmt":"2026-04-01T18:52:34","slug":"full-color-tyvek-wristbands-cmyk-photo-print","status":"publish","type":"product","link":"https:\/\/displayproducts.eu\/es\/p\/full-color-tyvek-wristbands-cmyk-photo-print\/","title":{"rendered":"Pulseras Tyvek a todo color"},"content":{"rendered":"<p data-path-to-node=\"12\">Eleve la marca de su evento con nuestro <b data-path-to-node=\"12\" data-index-in-node=\"62\">Pulseras Tyvek a todo color<\/b>. A diferencia de las opciones est\u00e1ndar de un solo color, este m\u00e9todo de impresi\u00f3n premium elimina todas las limitaciones de dise\u00f1o, lo que le permite convertir un simple pase de seguridad en una poderosa herramienta de marketing.<\/p>\n<p data-path-to-node=\"13\">Utilizando tecnolog\u00eda avanzada de impresi\u00f3n digital CMYK, podemos reproducir <b data-path-to-node=\"13\" data-index-in-node=\"66\">Fotograf\u00edas de alta resoluci\u00f3n, degradados de color suaves y logotipos de patrocinadores multicolores.<\/b> Con una claridad excepcional. La impresi\u00f3n se aplica de borde a borde, lo que le brinda un lienzo totalmente personalizado para mostrar la identidad de su marca o la tem\u00e1tica de su festival.<\/p>\n<h2 data-path-to-node=\"14\">Caracter\u00edsticas principales<\/h2>\n<ul data-path-to-node=\"15\">\n<li>\n<p data-path-to-node=\"15,0,0\"><b data-path-to-node=\"15,0,0\" data-index-in-node=\"0\">Calidad de fotograf\u00eda CMYK:<\/b> Imprima millones de colores con precisi\u00f3n. Ideal para trabajos art\u00edsticos complejos que requieren sombreado o detalles finos.<\/p>\n<\/li>\n<li>\n<p data-path-to-node=\"15,1,0\"><b data-path-to-node=\"15,1,0\" data-index-in-node=\"0\">M\u00e1xima exposici\u00f3n de marca:<\/b> Ideal para festivales y eventos corporativos donde los logotipos de los patrocinadores deben mostrarse en sus colores originales.<\/p>\n<\/li>\n<li>\n<p data-path-to-node=\"15,2,0\"><b data-path-to-node=\"15,2,0\" data-index-in-node=\"0\">Seguridad a prueba de manipulaciones:<\/b> Equipado con un cierre adhesivo troquelado seguro que se tritura al retirarlo para evitar la transferencia del boleto.<\/p>\n<\/li>\n<li>\n<p data-path-to-node=\"15,3,0\"><b data-path-to-node=\"15,3,0\" data-index-in-node=\"0\">Numeraci\u00f3n secuencial:<\/b> Cada banda incluye un n\u00famero de serie \u00fanico para el seguimiento de la capacidad y la auditor\u00eda de seguridad.<\/p>\n<\/li>\n<li>\n<p data-path-to-node=\"15,4,0\"><b data-path-to-node=\"15,4,0\" data-index-in-node=\"0\">DuPont\u2122 Tyvek\u00ae genuino:<\/b> Utilizamos material Tyvek\u00ae aut\u00e9ntico que es impermeable, duradero y c\u00f3modo para eventos de varios d\u00edas.<\/p>\n<\/li>\n<li>\n<p data-path-to-node=\"15,5,0\"><b data-path-to-node=\"15,5,0\" data-index-in-node=\"0\">Tal\u00f3n desprendible opcional:<\/b> Se puede producir con un tal\u00f3n perforado, perfecto para vales de bebidas, etiquetas de guardarropa o rifas.<\/p>\n<\/li>\n<\/ul>\n<h2 data-path-to-node=\"16\">Presupuesto<\/h2>\n<ul data-path-to-node=\"17\">\n<li>\n<p data-path-to-node=\"17,0,0\"><b data-path-to-node=\"17,0,0\" data-index-in-node=\"0\">Material:<\/b> DuPont\u2122 Tyvek\u00ae (Polietileno de alta densidad reciclable).<\/p>\n<\/li>\n<li>\n<p data-path-to-node=\"17,1,0\"><b data-path-to-node=\"17,1,0\" data-index-in-node=\"0\">Tipo de impresi\u00f3n:<\/b> Impresi\u00f3n digital a todo color (CMYK).<\/p>\n<\/li>\n<li>\n<p data-path-to-node=\"17,2,0\"><b data-path-to-node=\"17,2,0\" data-index-in-node=\"0\">\u00c1rea de impresi\u00f3n:<\/b> De borde a borde (se permite sangrado).<\/p>\n<\/li>\n<li>\n<p data-path-to-node=\"17,3,0\"><b data-path-to-node=\"17,3,0\" data-index-in-node=\"0\">Tama\u00f1o:<\/b> Ancho est\u00e1ndar de 19 mm o 25 mm.<\/p>\n<\/li>\n<li>\n<p data-path-to-node=\"17,4,0\"><b data-path-to-node=\"17,4,0\" data-index-in-node=\"0\">Cierre:<\/b> Adhesivo de seguridad de un solo uso.<\/p>\n<\/li>\n<li>\n<p data-path-to-node=\"17,5,0\"><b data-path-to-node=\"17,5,0\" data-index-in-node=\"0\">Durabilidad:<\/b> Resistente al agua, al desgarro, adecuado durante 1 a 5 d\u00edas.<\/p>\n<\/li>\n<\/ul>\n<h2 data-path-to-node=\"18\">Casos de uso<\/h2>\n<ul data-path-to-node=\"19\">\n<li>\n<p data-path-to-node=\"19,0,0\"><b data-path-to-node=\"19,0,0\" data-index-in-node=\"0\">Festivales de m\u00fasica:<\/b> Dise\u00f1os vibrantes que combinan con la identidad visual del festival.<\/p>\n<\/li>\n<li>\n<p data-path-to-node=\"19,1,0\"><b data-path-to-node=\"19,1,0\" data-index-in-node=\"0\">Acceso VIP:<\/b> Distinga a los invitados VIP con una apariencia colorida y premium en comparaci\u00f3n con las bandas est\u00e1ndar.<\/p>\n<\/li>\n<li>\n<p data-path-to-node=\"19,2,0\"><b data-path-to-node=\"19,2,0\" data-index-in-node=\"0\">Patrocinios:<\/b> Muestre claramente los logotipos de varios patrocinadores en sus colores corporativos oficiales.<\/p>\n<\/li>\n<li>\n<p data-path-to-node=\"19,3,0\"><b data-path-to-node=\"19,3,0\" data-index-in-node=\"0\">Campa\u00f1as de marketing:<\/b> Utilice c\u00f3digos QR y elementos visuales de alto impacto para impulsar la participaci\u00f3n.<\/p>\n<\/li>\n<\/ul>","protected":false},"excerpt":{"rendered":"<ul>\n<li>\n<p data-path-to-node=\"11,0,0\"><b data-path-to-node=\"11,0,0\" data-index-in-node=\"0\">Creatividad ilimitada:<\/b> La impresi\u00f3n CMYK a todo color permite realizar fotograf\u00edas, degradados y logotipos de patrocinadores complejos.<\/p>\n<\/li>\n<li>\n<p data-path-to-node=\"11,1,0\"><b data-path-to-node=\"11,1,0\" data-index-in-node=\"0\">Dise\u00f1o de borde a borde:<\/b> Maximice el impacto de la marca con un dise\u00f1o que cubra toda la longitud de la pulsera.<\/p>\n<\/li>\n<li>\n<p data-path-to-node=\"11,2,0\"><b data-path-to-node=\"11,2,0\" data-index-in-node=\"0\">Alta definici\u00f3n:<\/b> Calidad de impresi\u00f3n n\u00edtida y fotorrealista que no est\u00e1 disponible con la serigraf\u00eda est\u00e1ndar.<\/p>\n<\/li>\n<li>\n<p data-path-to-node=\"11,3,0\"><b data-path-to-node=\"11,3,0\" data-index-in-node=\"0\">Seguro y duradero:<\/b> Cuenta con numeraci\u00f3n secuencial y genuino DuPont\u2122 Tyvek\u00ae resistente al desgarro.<\/p>\n<\/li>\n<\/ul>","protected":false},"featured_media":6110,"comment_status":"closed","ping_status":"closed","template":"","meta":[],"product_brand":[],"product_cat":[41],"product_tag":[],"class_list":{"0":"post-6109","1":"product","2":"type-product","3":"status-publish","4":"has-post-thumbnail","6":"product_cat-tyvek","8":"first","9":"instock","10":"shipping-taxable","11":"purchasable","12":"product-type-simple"},"_links":{"self":[{"href":"https:\/\/displayproducts.eu\/es\/wp-json\/wp\/v2\/product\/6109","targetHints":{"allow":["GET"]}}],"collection":[{"href":"https:\/\/displayproducts.eu\/es\/wp-json\/wp\/v2\/product"}],"about":[{"href":"https:\/\/displayproducts.eu\/es\/wp-json\/wp\/v2\/types\/product"}],"replies":[{"embeddable":true,"href":"https:\/\/displayproducts.eu\/es\/wp-json\/wp\/v2\/comments?post=6109"}],"wp:featuredmedia":[{"embeddable":true,"href":"https:\/\/displayproducts.eu\/es\/wp-json\/wp\/v2\/media\/6110"}],"wp:attachment":[{"href":"https:\/\/displayproducts.eu\/es\/wp-json\/wp\/v2\/media?parent=6109"}],"wp:term":[{"taxonomy":"product_brand","embeddable":true,"href":"https:\/\/displayproducts.eu\/es\/wp-json\/wp\/v2\/product_brand?post=6109"},{"taxonomy":"product_cat","embeddable":true,"href":"https:\/\/displayproducts.eu\/es\/wp-json\/wp\/v2\/product_cat?post=6109"},{"taxonomy":"product_tag","embeddable":true,"href":"https:\/\/displayproducts.eu\/es\/wp-json\/wp\/v2\/product_tag?post=6109"}],"curies":[{"name":"wp","href":"https:\/\/api.w.org\/{rel}","templated":true}]}}