{"id":6080,"date":"2025-12-17T15:25:31","date_gmt":"2025-12-17T12:25:31","guid":{"rendered":"https:\/\/wristbandfactory.eu\/?post_type=product&#038;p=6080"},"modified":"2026-04-01T21:52:34","modified_gmt":"2026-04-01T18:52:34","slug":"custom-metal-enamel-lapel-pins-badges","status":"publish","type":"product","link":"https:\/\/displayproducts.eu\/es\/p\/custom-metal-enamel-lapel-pins-badges\/","title":{"rendered":"Pines esmaltados con logo"},"content":{"rendered":"<p data-path-to-node=\"11\">En una era en la que la identidad de marca es crucial, <b>Pines de solapa de metal personalizados<\/b> Ofrecen una forma sofisticada de distinguir a su empresa. Mucho m\u00e1s que sin impresi\u00f3n accesorios, estas insignias sirven como s\u00edmbolos de prestigio, solidaridad y pertenencia.<\/p>\n<p data-path-to-node=\"12\">Combinamos la artesan\u00eda tradicional con las necesidades modernas de branding. Un excelente ejemplo es nuestro trabajo para <b>LIBERAR<\/b>, donde creamos pines de lat\u00f3n de 20 mm con <b>Imitaci\u00f3n de esmalte duro<\/b>. El brillante revestimiento de n\u00edquel contrasta maravillosamente con los profundos colores del esmalte y una sutil textura arenosa, convirtiendo un logotipo corporativo en una pieza de joyer\u00eda.<\/p>\n<p data-path-to-node=\"13\">Sin embargo, los alfileres met\u00e1licos tambi\u00e9n son herramientas funcionales. Para <b>49.\u00ba Rally de Saaremaa<\/b>, producimos pines elegantes que tambi\u00e9n serv\u00edan como <b>pases de entrada port\u00e1tiles<\/b>, lo que demuestra que las credenciales de seguridad pueden ser elegantes. Ya sea que necesite un obsequio corporativo de alta gama, un obsequio funcional para un evento o un s\u00edmbolo de apoyo (como nuestro... <b>Pines de la bandera de Estonia y Ucrania<\/b>), entregamos precisi\u00f3n y calidad.<\/p>\n<h2 data-path-to-node=\"14\">Caracter\u00edsticas principales<\/h2>\n<ul data-path-to-node=\"15\">\n<li>\n<p data-path-to-node=\"15,0,0\"><b>Imitaci\u00f3n de esmalte duro (Epola):<\/b> Proporciona una superficie lisa y plana donde las l\u00edneas met\u00e1licas quedan alineadas con el esmalte de color. Esto proporciona un acabado de alta calidad, similar al de una joyer\u00eda (como el utilizado en el proyecto FREEN).<\/p>\n<\/li>\n<li>\n<p data-path-to-node=\"15,1,0\"><b>Excelencia material:<\/b> Fabricado con materiales duraderos <b>Lat\u00f3n o hierro<\/b>, lo que garantiza que el pin se sienta sustancial y dure a\u00f1os.<\/p>\n<\/li>\n<li>\n<p data-path-to-node=\"15,2,0\"><b>Opciones de enchapado:<\/b> Elija entre oro brillante, plata (n\u00edquel), n\u00edquel negro, bronce antiguo y m\u00e1s para combinar con las pautas de su marca.<\/p>\n<\/li>\n<li>\n<p data-path-to-node=\"15,3,0\"><b>Adjunto seguro:<\/b> Est\u00e1ndar <b>Clutch de mariposa<\/b> Garantiza que el alfiler se mantenga en su lugar en solapas de trajes, mochilas o uniformes. Tambi\u00e9n disponemos de soportes magn\u00e9ticos o imperdibles.<\/p>\n<\/li>\n<\/ul>\n<h2 data-path-to-node=\"16\">Presupuesto<\/h2>\n<ul data-path-to-node=\"17\">\n<li>\n<p data-path-to-node=\"17,0,0\"><b>Material:<\/b> Aleaci\u00f3n de lat\u00f3n, cobre, hierro o zinc.<\/p>\n<\/li>\n<li>\n<p data-path-to-node=\"17,1,0\"><b>T\u00e9cnica:<\/b> Troquelado con esmalte duro, esmalte suave o impresi\u00f3n offset.<\/p>\n<\/li>\n<li>\n<p data-path-to-node=\"17,2,0\"><b>Tama\u00f1os est\u00e1ndar:<\/b> 15 mm \u2013 50 mm (formas personalizadas disponibles).<\/p>\n<\/li>\n<li>\n<p data-path-to-node=\"17,3,0\"><b>Espesor:<\/b> Normalmente entre 1,2 mm y 2,0 mm.<\/p>\n<\/li>\n<li>\n<p data-path-to-node=\"17,4,0\"><b>Enchapado:<\/b> Oro, n\u00edquel, n\u00edquel negro, bronce, etc.<\/p>\n<\/li>\n<li>\n<p data-path-to-node=\"17,5,0\"><b>Apoyo:<\/b> Embrague de mariposa (est\u00e1ndar), embrague de goma, pasador de seguridad, im\u00e1n.<\/p>\n<\/li>\n<li>\n<p data-path-to-node=\"17,6,0\"><b>Cantidad m\u00ednima de pedido:<\/b> 50 unidades.<\/p>\n<\/li>\n<\/ul>\n<h2 data-path-to-node=\"18\">Casos de uso<\/h2>\n<ul data-path-to-node=\"19\">\n<li>\n<p data-path-to-node=\"19,0,0\"><b>Identidad corporativa:<\/b> Mejora la vestimenta de tu equipo con prendedores con el logotipo discretos y elegantes.<\/p>\n<\/li>\n<li>\n<p data-path-to-node=\"19,1,0\"><b>Acceso al evento:<\/b> Reemplace los boletos de papel con pins coleccionables (por ejemplo, pases VIP o insignias de Rally).<\/p>\n<\/li>\n<li>\n<p data-path-to-node=\"19,2,0\"><b>RSE y Solidaridad:<\/b> Mostrar apoyo a causas globales (por ejemplo, prendedores de banderas) para demostrar responsabilidad social.<\/p>\n<\/li>\n<li>\n<p data-path-to-node=\"19,3,0\"><b>Mercanc\u00edas:<\/b> Un art\u00edculo minorista de alto margen para bandas, artistas y tiendas de recuerdos.<\/p>\n<\/li>\n<\/ul>","protected":false},"excerpt":{"rendered":"<ul>\n<li>\n<p data-path-to-node=\"10,0,0\"><b>Acabado Premium:<\/b> Disponible en esmalte duro (imitaci\u00f3n), esmalte suave o impresi\u00f3n offset.<\/p>\n<\/li>\n<li>\n<p data-path-to-node=\"10,1,0\"><b>Material:<\/b> Aleaci\u00f3n de lat\u00f3n o zinc de alta calidad con varios recubrimientos (n\u00edquel, oro, negro).<\/p>\n<\/li>\n<li>\n<p data-path-to-node=\"10,2,0\"><b>Vers\u00e1til:<\/b> \u00daselo como joyer\u00eda corporativa, pases de entrada a eventos o s\u00edmbolo de caridad.<\/p>\n<\/li>\n<li>\n<p data-path-to-node=\"10,3,0\"><b>Personalizaci\u00f3n:<\/b> Formas, tama\u00f1os y texturas totalmente personalizados (por ejemplo, fondo arenado)<\/p>\n<\/li>\n<\/ul>","protected":false},"featured_media":6081,"comment_status":"closed","ping_status":"closed","template":"","meta":[],"product_brand":[],"product_cat":[121,122,45],"product_tag":[],"class_list":{"0":"post-6080","1":"product","2":"type-product","3":"status-publish","4":"has-post-thumbnail","6":"product_cat-promotional-merchandise","7":"product_cat-promotional-accessories","8":"product_cat-other","10":"first","11":"instock","12":"shipping-taxable","13":"purchasable","14":"product-type-simple"},"_links":{"self":[{"href":"https:\/\/displayproducts.eu\/es\/wp-json\/wp\/v2\/product\/6080","targetHints":{"allow":["GET"]}}],"collection":[{"href":"https:\/\/displayproducts.eu\/es\/wp-json\/wp\/v2\/product"}],"about":[{"href":"https:\/\/displayproducts.eu\/es\/wp-json\/wp\/v2\/types\/product"}],"replies":[{"embeddable":true,"href":"https:\/\/displayproducts.eu\/es\/wp-json\/wp\/v2\/comments?post=6080"}],"wp:featuredmedia":[{"embeddable":true,"href":"https:\/\/displayproducts.eu\/es\/wp-json\/wp\/v2\/media\/6081"}],"wp:attachment":[{"href":"https:\/\/displayproducts.eu\/es\/wp-json\/wp\/v2\/media?parent=6080"}],"wp:term":[{"taxonomy":"product_brand","embeddable":true,"href":"https:\/\/displayproducts.eu\/es\/wp-json\/wp\/v2\/product_brand?post=6080"},{"taxonomy":"product_cat","embeddable":true,"href":"https:\/\/displayproducts.eu\/es\/wp-json\/wp\/v2\/product_cat?post=6080"},{"taxonomy":"product_tag","embeddable":true,"href":"https:\/\/displayproducts.eu\/es\/wp-json\/wp\/v2\/product_tag?post=6080"}],"curies":[{"name":"wp","href":"https:\/\/api.w.org\/{rel}","templated":true}]}}