{"id":6077,"date":"2025-12-17T15:18:17","date_gmt":"2025-12-17T12:18:17","guid":{"rendered":"https:\/\/wristbandfactory.eu\/?post_type=product&#038;p=6077"},"modified":"2026-04-01T21:52:03","modified_gmt":"2026-04-01T18:52:03","slug":"custom-high-visibility-reflective-shopping-bags","status":"publish","type":"product","link":"https:\/\/displayproducts.eu\/es\/p\/custom-high-visibility-reflective-shopping-bags\/","title":{"rendered":"Bolsas de compra reflectantes con logo"},"content":{"rendered":"<p data-path-to-node=\"11\">Combine la utilidad pr\u00e1ctica con la seguridad vial esencial utilizando nuestro <b>Bolsas de compra reflectantes con logo<\/b>. En los oscuros meses de oto\u00f1o e invierno, la visibilidad es crucial. Esta innovadora bolsa transforma un art\u00edculo promocional est\u00e1ndar en un accesorio indispensable, reflejando los faros de los coches desde todos los \u00e1ngulos para garantizar la visibilidad del usuario.<\/p>\n<p data-path-to-node=\"12\">Perfecta para escuelas, campa\u00f1as de seguridad vial e iniciativas corporativas de &quot;Cuidado&quot;, esta bolsa ofrece una amplia superficie para su logotipo y aporta un valor a\u00f1adido al destinatario. A diferencia de los peque\u00f1os reflectores que se pueden ocultar, una bolsa de tela totalmente reflectante es imperceptible.<\/p>\n<h2 data-path-to-node=\"13\">Caracter\u00edsticas principales<\/h2>\n<ul data-path-to-node=\"14\">\n<li>\n<p data-path-to-node=\"14,0,1\"><span data-path-to-node=\"14,0,1,0\"><b><span class=\"citation-84\">Reflectividad de 360\u00b0:<\/span><\/b><span class=\"citation-84\"> La bolsa est\u00e1 fabricada \u00edntegramente con tejido reflectante de \u201calta\/baja visibilidad\u201d, lo que convierte todo el art\u00edculo en una baliza de seguridad.<\/span><\/span><span data-path-to-node=\"14,0,1,2\">.<\/span><\/p>\n<\/li>\n<li>\n<p data-path-to-node=\"14,1,1\"><span data-path-to-node=\"14,1,1,0\"><b><span class=\"citation-83\">Construcci\u00f3n robusta:<\/span><\/b><span class=\"citation-83\"> Fabricado en poli\u00e9ster duradero con un refuerzo inferior estructurado (8 cm), lo que le permite contener alimentos, libros o materiales para eventos de forma segura.<\/span><\/span><span data-path-to-node=\"14,1,1,2\">.<\/span><\/p>\n<\/li>\n<li>\n<p data-path-to-node=\"14,2,1\"><span data-path-to-node=\"14,2,1,0\"><b><span class=\"citation-82\">Cumple con las normas de seguridad:<\/span><\/b><span class=\"citation-82\"> Fabricado con altos est\u00e1ndares, pasando estrictas pruebas para <\/span><b><span class=\"citation-82\">ftalatos<\/span><\/b><span class=\"citation-82\"> y <\/span><b><span class=\"citation-82\">Dirigir<\/span><\/b><span class=\"citation-82\">, garantizando que el material no sea t\u00f3xico y sea seguro para todas las edades.<\/span><\/span><span data-path-to-node=\"14,2,1,2\">.<\/span><\/p>\n<\/li>\n<li>\n<p data-path-to-node=\"14,3,0\"><b>Marca personalizada:<\/b> Su logotipo se imprime directamente sobre la superficie reflectante, lo que garantiza que su marca est\u00e9 asociada con la seguridad y el cuidado.<\/p>\n<\/li>\n<\/ul>\n<h2 data-path-to-node=\"15\">Presupuesto<\/h2>\n<ul data-path-to-node=\"16\">\n<li>\n<p data-path-to-node=\"16,0,1\"><span data-path-to-node=\"16,0,1,0\"><b><span class=\"citation-81\">Dimensiones:<\/span><\/b><span class=\"citation-81\"> 38 cm (ancho) x 42 cm (alto) x 8 cm (profundidad)<\/span><\/span><span data-path-to-node=\"16,0,1,2\">.<\/span><\/p>\n<\/li>\n<li>\n<p data-path-to-node=\"16,1,1\"><span data-path-to-node=\"16,1,1,0\"><b><span class=\"citation-80\">Material:<\/span><\/b><span class=\"citation-80\"> Poli\u00e9ster con revestimiento reflectante<\/span><\/span><span data-path-to-node=\"16,1,1,2\">.<\/span><\/p>\n<\/li>\n<li>\n<p data-path-to-node=\"16,2,1\"><span data-path-to-node=\"16,2,1,0\"><b><span class=\"citation-79\">Estilo:<\/span><\/b><span class=\"citation-79\"> Bolso de mano con asa<\/span><\/span><span data-path-to-node=\"16,2,1,2\">.<\/span><\/p>\n<\/li>\n<li>\n<p data-path-to-node=\"16,3,0\"><span data-path-to-node=\"16,3,0,0\"><b>Peso:<\/b> Aprox. <\/span><span data-path-to-node=\"16,3,0,2\"><span class=\"citation-78\">0,250 kg por unidad<\/span><\/span><span data-path-to-node=\"16,3,0,4\">.<\/span><\/p>\n<\/li>\n<li>\n<p data-path-to-node=\"16,4,1\"><span data-path-to-node=\"16,4,1,0\"><b><span class=\"citation-77\">Embalaje:<\/span><\/b><span class=\"citation-77\"> A granel (100 piezas\/solicitar presupuesto)<\/span><\/span><span data-path-to-node=\"16,4,1,2\">.<\/span><\/p>\n<\/li>\n<li>\n<p data-path-to-node=\"16,4,1\"><span data-path-to-node=\"16,5,1,0\"><b><span class=\"citation-76\">Cumplimiento:<\/span><\/b><span class=\"citation-76\"> Aprob\u00f3 la prueba de ftalatos, la prueba de plomo y la prueba A20 para los est\u00e1ndares de PP\/no tejidos.<\/span><\/span><\/p>\n<\/li>\n<\/ul>\n<h2 data-path-to-node=\"17\">Casos de uso<\/h2>\n<ul data-path-to-node=\"18\">\n<li>\n<p data-path-to-node=\"18,0,0\"><b>Campa\u00f1as de seguridad vial:<\/b> Elemento de distribuci\u00f3n ideal para peatones y ciclistas durante los meses oscuros.<\/p>\n<\/li>\n<li>\n<p data-path-to-node=\"18,1,0\"><b>Grupos escolares y juveniles:<\/b> Bolsas de libros seguras para los estudiantes que caminan a casa por la tarde.<\/p>\n<\/li>\n<li>\n<p data-path-to-node=\"18,2,0\"><b>Regalos del evento:<\/b> Una bolsa de conferencia de alto valor que los asistentes reutilizar\u00e1n por sus caracter\u00edsticas de seguridad.<\/p>\n<\/li>\n<\/ul>","protected":false},"excerpt":{"rendered":"<ul>\n<li data-path-to-node=\"10,0,0\"><b>Alta visibilidad:<\/b> Toda la superficie del bolso est\u00e1 hecha de material reflectante, lo que garantiza la m\u00e1xima seguridad en condiciones de poca luz.<\/li>\n<li>\n<p data-path-to-node=\"10,0,0\"><span style=\"font-family: -apple-system, BlinkMacSystemFont, 'Segoe UI', Roboto, 'Helvetica Neue', Arial, 'Noto Sans', sans-serif, 'Apple Color Emoji', 'Segoe UI Emoji', 'Segoe UI Symbol', 'Noto Color Emoji';\" data-path-to-node=\"10,1,1,0\"><b><span class=\"citation-87\">Material duradero:<\/span><\/b><span class=\"citation-87\"> Fabricado en poli\u00e9ster resistente con revestimiento reflectante.<\/span><\/span><span style=\"font-family: -apple-system, BlinkMacSystemFont, 'Segoe UI', Roboto, 'Helvetica Neue', Arial, 'Noto Sans', sans-serif, 'Apple Color Emoji', 'Segoe UI Emoji', 'Segoe UI Symbol', 'Noto Color Emoji';\" data-path-to-node=\"10,1,1,2\">.<\/span><\/p>\n<\/li>\n<li>\n<p data-path-to-node=\"10,2,1\"><span data-path-to-node=\"10,2,1,0\"><b><span class=\"citation-86\">Seguridad certificada:<\/span><\/b><span class=\"citation-86\"> Probado para ftalatos y plomo, lo que lo hace seguro para el uso diario.<\/span><\/span><span data-path-to-node=\"10,2,1,2\">.<\/span><\/p>\n<\/li>\n<li>\n<p data-path-to-node=\"10,3,1\"><span data-path-to-node=\"10,3,1,0\"><b><span class=\"citation-85\">Tama\u00f1o pr\u00e1ctico:<\/span><\/b><span class=\"citation-85\"> Bolso de compra mediano (38 x 42 x 8 cm) con asas c\u00f3modas<\/span><\/span><span data-path-to-node=\"10,3,1,2\">.<\/span><\/p>\n<\/li>\n<\/ul>","protected":false},"featured_media":6329,"comment_status":"closed","ping_status":"closed","template":"","meta":[],"product_brand":[],"product_cat":[131],"product_tag":[],"class_list":{"0":"post-6077","1":"product","2":"type-product","3":"status-publish","4":"has-post-thumbnail","6":"product_cat-custom-bags-totes","8":"first","9":"instock","10":"shipping-taxable","11":"purchasable","12":"product-type-simple"},"_links":{"self":[{"href":"https:\/\/displayproducts.eu\/es\/wp-json\/wp\/v2\/product\/6077","targetHints":{"allow":["GET"]}}],"collection":[{"href":"https:\/\/displayproducts.eu\/es\/wp-json\/wp\/v2\/product"}],"about":[{"href":"https:\/\/displayproducts.eu\/es\/wp-json\/wp\/v2\/types\/product"}],"replies":[{"embeddable":true,"href":"https:\/\/displayproducts.eu\/es\/wp-json\/wp\/v2\/comments?post=6077"}],"wp:featuredmedia":[{"embeddable":true,"href":"https:\/\/displayproducts.eu\/es\/wp-json\/wp\/v2\/media\/6329"}],"wp:attachment":[{"href":"https:\/\/displayproducts.eu\/es\/wp-json\/wp\/v2\/media?parent=6077"}],"wp:term":[{"taxonomy":"product_brand","embeddable":true,"href":"https:\/\/displayproducts.eu\/es\/wp-json\/wp\/v2\/product_brand?post=6077"},{"taxonomy":"product_cat","embeddable":true,"href":"https:\/\/displayproducts.eu\/es\/wp-json\/wp\/v2\/product_cat?post=6077"},{"taxonomy":"product_tag","embeddable":true,"href":"https:\/\/displayproducts.eu\/es\/wp-json\/wp\/v2\/product_tag?post=6077"}],"curies":[{"name":"wp","href":"https:\/\/api.w.org\/{rel}","templated":true}]}}