{"id":6073,"date":"2025-12-17T15:08:59","date_gmt":"2025-12-17T12:08:59","guid":{"rendered":"https:\/\/wristbandfactory.eu\/?post_type=product&#038;p=6073"},"modified":"2026-04-01T21:52:03","modified_gmt":"2026-04-01T18:52:03","slug":"custom-charity-bracelets-with-printed-backing-cards","status":"publish","type":"product","link":"https:\/\/displayproducts.eu\/es\/p\/custom-charity-bracelets-with-printed-backing-cards\/","title":{"rendered":"Pulseras ben\u00e9ficas personalizadas"},"content":{"rendered":"<p data-path-to-node=\"8\">Convierte un simple accesorio en un movimiento poderoso con nuestras Pulseras Ben\u00e9ficas Personalizadas. Dise\u00f1adas espec\u00edficamente para ONG y campa\u00f1as sociales, estas pulseras van m\u00e1s all\u00e1 de los art\u00edculos promocionales habituales y se convierten en un pr\u00e1ctico &quot;agradecimiento&quot; para donantes y voluntarios. La combinaci\u00f3n de un c\u00f3modo cord\u00f3n para la mu\u00f1eca y un punto focal personalizado las convierte en un art\u00edculo de gran valor para cualquier causa noble.<\/p>\n<p data-path-to-node=\"9\">El set incluye una tarjeta de soporte impresa profesionalmente, lo que convierte la pulsera en una herramienta de comunicaci\u00f3n integral. Este enfoque, listo para la venta minorista, garantiza que su mensaje se transmita con claridad, ya sea en eventos, correo directo o en puntos de venta.<\/p>\n<h2 data-path-to-node=\"10\">Caracter\u00edsticas principales<\/h2>\n<ul data-path-to-node=\"11\">\n<li>\n<p data-path-to-node=\"11,0,0\"><b data-path-to-node=\"11,0,0\" data-index-in-node=\"0\">Est\u00e9tica Premium:<\/b> A diferencia de las pulseras de festivales temporales, estas pulseras utilizan materiales suaves al tacto y detalles met\u00e1licos para una sensaci\u00f3n similar a la de una joyer\u00eda.<\/p>\n<\/li>\n<li>\n<p data-path-to-node=\"11,1,1\"><span data-path-to-node=\"11,1,1,0\"><b data-path-to-node=\"11,1,1,0\" data-index-in-node=\"0\"><span class=\"citation-11394\">Colgantes acr\u00edlicos a medida:<\/span><\/b><span class=\"citation-11394\"> Utilizamos corte l\u00e1ser de precisi\u00f3n para crear dijes que combinen con la identidad de su campa\u00f1a, desde gotas de sangre hasta logotipos corporativos.<\/span><\/span><span data-path-to-node=\"11,1,1,2\">.<\/span><\/p>\n<\/li>\n<li>\n<p data-path-to-node=\"11,2,0\"><b data-path-to-node=\"11,2,0\" data-index-in-node=\"0\">Lienzo de mensajer\u00eda vers\u00e1til:<\/b> La tarjeta de soporte de gran formato (75 \u00d7 160 mm) est\u00e1 impresa en ambas caras a todo color CMYK, perfecta para contenido educativo.<\/p>\n<\/li>\n<li>\n<p data-path-to-node=\"11,3,0\"><b data-path-to-node=\"11,3,0\" data-index-in-node=\"0\">Ajuste universal:<\/b> Un sistema de nudo corredizo garantiza un ajuste perfecto para todos los aficionados, desde ni\u00f1os hasta adultos.<\/p>\n<\/li>\n<\/ul>\n<h2 data-path-to-node=\"12\">Presupuesto<\/h2>\n<ul data-path-to-node=\"13\">\n<li>\n<p data-path-to-node=\"13,0,1\"><span data-path-to-node=\"13,0,1,0\"><b data-path-to-node=\"13,0,1,0\" data-index-in-node=\"0\"><span class=\"citation-11393\">Material de la pulsera:<\/span><\/b><span class=\"citation-11393\"> Cord\u00f3n suave de nailon y algod\u00f3n con cuentas plateadas<\/span><\/span><span data-path-to-node=\"13,0,1,2\">.<\/span><\/p>\n<\/li>\n<li>\n<p data-path-to-node=\"13,1,0\"><b data-path-to-node=\"13,1,0\" data-index-in-node=\"0\">Material del dije:<\/b> Acr\u00edlico coloreado en formas personalizadas.<\/p>\n<\/li>\n<li>\n<p data-path-to-node=\"13,2,0\"><b data-path-to-node=\"13,2,0\" data-index-in-node=\"0\">Dimensiones de la tarjeta:<\/b> 75 mm \u00d7 160 mm (totalmente personalizable).<\/p>\n<\/li>\n<li>\n<p data-path-to-node=\"13,3,0\"><b data-path-to-node=\"13,3,0\" data-index-in-node=\"0\">Impresi\u00f3n de tarjetas:<\/b> A todo color (CMYK) en ambas caras.<\/p>\n<\/li>\n<li>\n<p data-path-to-node=\"13,4,0\"><b data-path-to-node=\"13,4,0\" data-index-in-node=\"0\">Cantidad m\u00ednima de pedido (MOQ):<\/b> 500 unidades.<\/p>\n<\/li>\n<\/ul>\n<h2 data-path-to-node=\"14\">Casos de uso<\/h2>\n<ul data-path-to-node=\"15\">\n<li>\n<p data-path-to-node=\"15,0,0\"><b data-path-to-node=\"15,0,0\" data-index-in-node=\"0\">Concientizaci\u00f3n sobre la atenci\u00f3n m\u00e9dica:<\/b> Ideal para centros de donaci\u00f3n de sangre, fundaciones de investigaci\u00f3n del c\u00e1ncer e iniciativas de salud mental.<\/p>\n<\/li>\n<li>\n<p data-path-to-node=\"15,1,0\"><b data-path-to-node=\"15,1,0\" data-index-in-node=\"0\">Mercanc\u00eda para recaudaci\u00f3n de fondos:<\/b> Un art\u00edculo duradero y atractivo que las organizaciones ben\u00e9ficas pueden vender como una herramienta de recaudaci\u00f3n de fondos de alto margen.<\/p>\n<\/li>\n<li>\n<p data-path-to-node=\"15,2,0\"><b data-path-to-node=\"15,2,0\" data-index-in-node=\"0\">RSE corporativa:<\/b> Regalos significativos para empleados que participan en servicios comunitarios o proyectos de impacto social.<\/p>\n<\/li>\n<li>\n<p data-path-to-node=\"15,3,1\"><span data-path-to-node=\"15,3,1,0\"><b data-path-to-node=\"15,3,1,0\" data-index-in-node=\"0\"><span class=\"citation-11392\">Recuerdos de eventos memorables:<\/span><\/b><span class=\"citation-11392\"> Recuerdos sostenibles para cenas de gala, carreras ben\u00e9ficas o cumbres de defensa de los derechos de los animales.<\/span><\/span><span data-path-to-node=\"15,3,1,2\">.<\/span><\/p>\n<\/li>\n<\/ul>","protected":false},"excerpt":{"rendered":"<ul>\n<li>\n<p data-path-to-node=\"7,0,0\"><b data-path-to-node=\"7,0,0\" data-index-in-node=\"0\">Presentaci\u00f3n lista para la venta minorista:<\/b> Cada pulsera est\u00e1 premontada en una tarjeta de soporte a todo color de 75 \u00d7 160 mm, lo que proporciona un amplio espacio para contar historias de campa\u00f1as o c\u00f3digos QR.<\/p>\n<\/li>\n<li>\n<p data-path-to-node=\"7,1,1\"><span data-path-to-node=\"7,1,1,0\"><b data-path-to-node=\"7,1,1,0\" data-index-in-node=\"0\"><span class=\"citation-11395\">Charms totalmente personalizables:<\/span><\/b><span class=\"citation-11395\"> Cuenta con un colgante de acr\u00edlico cortado con l\u00e1ser disponible en cualquier forma o color, como cintas de concientizaci\u00f3n o logotipos.<\/span><\/span><span data-path-to-node=\"7,1,1,2\">.<\/span><\/p>\n<\/li>\n<li>\n<p data-path-to-node=\"7,2,0\"><b data-path-to-node=\"7,2,0\" data-index-in-node=\"0\">Acabado de calidad de joyer\u00eda:<\/b> Fabricado con cord\u00f3n de nailon o algod\u00f3n suave y refinadas cuentas en tono plateado, dise\u00f1ado para uso diario a largo plazo.<\/p>\n<\/li>\n<li>\n<p data-path-to-node=\"7,3,0\"><b data-path-to-node=\"7,3,0\" data-index-in-node=\"0\">Herramienta B2B de alto impacto:<\/b> Ideal para organizaciones de atenci\u00f3n m\u00e9dica, ONG e iniciativas de RSE corporativa con un pedido m\u00ednimo de 500 unidades.<\/p>\n<\/li>\n<\/ul>","protected":false},"featured_media":6074,"comment_status":"closed","ping_status":"closed","template":"","meta":[],"product_brand":[],"product_cat":[122,45],"product_tag":[],"class_list":{"0":"post-6073","1":"product","2":"type-product","3":"status-publish","4":"has-post-thumbnail","6":"product_cat-promotional-accessories","7":"product_cat-other","9":"first","10":"instock","11":"shipping-taxable","12":"purchasable","13":"product-type-simple"},"_links":{"self":[{"href":"https:\/\/displayproducts.eu\/es\/wp-json\/wp\/v2\/product\/6073","targetHints":{"allow":["GET"]}}],"collection":[{"href":"https:\/\/displayproducts.eu\/es\/wp-json\/wp\/v2\/product"}],"about":[{"href":"https:\/\/displayproducts.eu\/es\/wp-json\/wp\/v2\/types\/product"}],"replies":[{"embeddable":true,"href":"https:\/\/displayproducts.eu\/es\/wp-json\/wp\/v2\/comments?post=6073"}],"wp:featuredmedia":[{"embeddable":true,"href":"https:\/\/displayproducts.eu\/es\/wp-json\/wp\/v2\/media\/6074"}],"wp:attachment":[{"href":"https:\/\/displayproducts.eu\/es\/wp-json\/wp\/v2\/media?parent=6073"}],"wp:term":[{"taxonomy":"product_brand","embeddable":true,"href":"https:\/\/displayproducts.eu\/es\/wp-json\/wp\/v2\/product_brand?post=6073"},{"taxonomy":"product_cat","embeddable":true,"href":"https:\/\/displayproducts.eu\/es\/wp-json\/wp\/v2\/product_cat?post=6073"},{"taxonomy":"product_tag","embeddable":true,"href":"https:\/\/displayproducts.eu\/es\/wp-json\/wp\/v2\/product_tag?post=6073"}],"curies":[{"name":"wp","href":"https:\/\/api.w.org\/{rel}","templated":true}]}}