{"id":6055,"date":"2025-12-17T14:28:12","date_gmt":"2025-12-17T11:28:12","guid":{"rendered":"https:\/\/wristbandfactory.eu\/?post_type=product&#038;p=6055"},"modified":"2026-04-01T21:52:03","modified_gmt":"2026-04-01T18:52:03","slug":"custom-recycled-cotton-tote-bags-dual-handle","status":"publish","type":"product","link":"https:\/\/displayproducts.eu\/es\/p\/custom-recycled-cotton-tote-bags-dual-handle\/","title":{"rendered":"Bolsas recicladas con logo"},"content":{"rendered":"<p data-path-to-node=\"10\">Combine la sostenibilidad con una utilidad excepcional utilizando nuestro <b>Bolsas de algod\u00f3n reciclado personalizadas<\/b>. Dise\u00f1ados para marcas que valoran la responsabilidad ambiental sin comprometer el estilo, estos bolsos son una mejora significativa de los bolsos promocionales est\u00e1ndar.<\/p>\n<p data-path-to-node=\"11\">Como se muestra en nuestro proyecto para <b>Centro de formaci\u00f3n Kersti V\u00f5lu<\/b>, Este bolso cumple una doble funci\u00f3n: es un bolso de compras diario confiable y un espacioso bolso de playa. Al elegir este producto, su empresa transmite un mensaje contundente sobre la reducci\u00f3n de residuos y la conservaci\u00f3n de recursos, utilizando una mezcla de materiales reciclados certificados.<\/p>\n<h2 data-path-to-node=\"12\">Caracter\u00edsticas principales<\/h2>\n<ul data-path-to-node=\"13\">\n<li>\n<p data-path-to-node=\"13,0,0\"><b>Sistema inteligente de doble manija:<\/b> Su dise\u00f1o \u00fanico incluye dos asas. Usa las correas cortas para un agarre r\u00e1pido y f\u00e1cil, o las largas para llevarla c\u00f3modamente al hombro cuando el bolso pesa.<\/p>\n<\/li>\n<li>\n<p data-path-to-node=\"13,1,0\"><b>Composici\u00f3n sostenible:<\/b> Elaborado a partir de una mezcla de <b>60% Algod\u00f3n reciclado<\/b> y <b>40% Poli\u00e9ster reciclado<\/b>, reduciendo el desperdicio textil al tiempo que proporciona un acabado robusto y texturizado.<\/p>\n<\/li>\n<li>\n<p data-path-to-node=\"13,2,0\"><b>Construido para durar:<\/b> Con una densidad de tejido de <b>320 g\/m\u00b2<\/b>, Esta bolsa es gruesa, resistente y capaz de transportar cargas pesadas (alimentos, libros, computadoras port\u00e1tiles) sin perder la forma.<\/p>\n<\/li>\n<li>\n<p data-path-to-node=\"13,3,0\"><b>Marca vers\u00e1til:<\/b> La tela suave pero gruesa es ideal para m\u00faltiples t\u00e9cnicas de impresi\u00f3n. Elija <b>Serigraf\u00eda<\/b> Para colores atrevidos y duraderos, <b>Transferencia digital<\/b> para logotipos complejos multicolor, o <b>Bordado<\/b> para un acabado t\u00e1ctil de alta gama.<\/p>\n<\/li>\n<\/ul>\n<h2 data-path-to-node=\"14\">Presupuesto<\/h2>\n<ul data-path-to-node=\"15\">\n<li>\n<p data-path-to-node=\"15,0,0\"><b>Dimensiones:<\/b> 37 cm (ancho) x 49 cm (alto) x 10 cm (profundidad).<\/p>\n<\/li>\n<li>\n<p data-path-to-node=\"15,1,0\"><b>Material:<\/b> 60% Algod\u00f3n Reciclado \/ 40% Poli\u00e9ster Reciclado.<\/p>\n<\/li>\n<li>\n<p data-path-to-node=\"15,2,0\"><b>Peso:<\/b> 320 g\/m\u00b2 (tacto similar al lienzo).<\/p>\n<\/li>\n<li>\n<p data-path-to-node=\"15,3,0\"><b>Tipos de mango:<\/b> 2x Corto (Mano), 2x Largo (Hombro).<\/p>\n<\/li>\n<li>\n<p data-path-to-node=\"15,4,0\"><b>Bandera:<\/b> Natural \/ Eco-Gris (Colores base adaptados para una apariencia ecol\u00f3gica).<\/p>\n<\/li>\n<li>\n<p data-path-to-node=\"15,5,0\"><b>\u00c1rea de impresi\u00f3n:<\/b> Gran zona central en la parte delantera y trasera.<\/p>\n<\/li>\n<\/ul>\n<h2 data-path-to-node=\"16\">Casos de uso<\/h2>\n<ul data-path-to-node=\"17\">\n<li>\n<p data-path-to-node=\"17,0,0\"><b>Regalos corporativos:<\/b> Un regalo de alto valor para empleados o socios que se alinea con los objetivos de RSE (Responsabilidad Social Corporativa).<\/p>\n<\/li>\n<li>\n<p data-path-to-node=\"17,1,0\"><b>Venta minorista y merchandising:<\/b> Un art\u00edculo perfecto \u201cse vende por separado\u201d para boutiques o centros de formaci\u00f3n con conciencia ecol\u00f3gica.<\/p>\n<\/li>\n<li>\n<p data-path-to-node=\"17,2,0\"><b>Eventos y conferencias:<\/b> Una bolsa de regalo resistente que los asistentes realmente conservar\u00e1n y reutilizar\u00e1n durante a\u00f1os.<\/p>\n<\/li>\n<\/ul>","protected":false},"excerpt":{"rendered":"<ul>\n<li>\n<p data-path-to-node=\"9,0,0\"><b>Material ecol\u00f3gico:<\/b> Fabricado con algod\u00f3n reciclado 60% y poli\u00e9ster reciclado 40%.<\/p>\n<\/li>\n<li>\n<p data-path-to-node=\"9,1,0\"><b>Dise\u00f1o de doble manija:<\/b> Cuenta con correas cortas para llevar en la mano y correas largas para usar en el hombro.<\/p>\n<\/li>\n<li>\n<p data-path-to-node=\"9,2,0\"><b>Trabajo pesado:<\/b> La densidad del tejido de 320 g\/m\u00b2 garantiza durabilidad para art\u00edculos pesados.<\/p>\n<\/li>\n<li>\n<p data-path-to-node=\"9,3,0\"><b>Gran capacidad:<\/b> Sus dimensiones de 37 \u00d7 49 \u00d7 10 cm lo convierten en un bolso perfecto para la playa o para las compras.<\/p>\n<\/li>\n<\/ul>","protected":false},"featured_media":6056,"comment_status":"closed","ping_status":"closed","template":"","meta":[],"product_brand":[],"product_cat":[131],"product_tag":[],"class_list":{"0":"post-6055","1":"product","2":"type-product","3":"status-publish","4":"has-post-thumbnail","6":"product_cat-custom-bags-totes","8":"first","9":"instock","10":"shipping-taxable","11":"purchasable","12":"product-type-simple"},"_links":{"self":[{"href":"https:\/\/displayproducts.eu\/es\/wp-json\/wp\/v2\/product\/6055","targetHints":{"allow":["GET"]}}],"collection":[{"href":"https:\/\/displayproducts.eu\/es\/wp-json\/wp\/v2\/product"}],"about":[{"href":"https:\/\/displayproducts.eu\/es\/wp-json\/wp\/v2\/types\/product"}],"replies":[{"embeddable":true,"href":"https:\/\/displayproducts.eu\/es\/wp-json\/wp\/v2\/comments?post=6055"}],"wp:featuredmedia":[{"embeddable":true,"href":"https:\/\/displayproducts.eu\/es\/wp-json\/wp\/v2\/media\/6056"}],"wp:attachment":[{"href":"https:\/\/displayproducts.eu\/es\/wp-json\/wp\/v2\/media?parent=6055"}],"wp:term":[{"taxonomy":"product_brand","embeddable":true,"href":"https:\/\/displayproducts.eu\/es\/wp-json\/wp\/v2\/product_brand?post=6055"},{"taxonomy":"product_cat","embeddable":true,"href":"https:\/\/displayproducts.eu\/es\/wp-json\/wp\/v2\/product_cat?post=6055"},{"taxonomy":"product_tag","embeddable":true,"href":"https:\/\/displayproducts.eu\/es\/wp-json\/wp\/v2\/product_tag?post=6055"}],"curies":[{"name":"wp","href":"https:\/\/api.w.org\/{rel}","templated":true}]}}