{"id":5995,"date":"2025-12-16T16:28:57","date_gmt":"2025-12-16T13:28:57","guid":{"rendered":"https:\/\/wristbandfactory.eu\/?post_type=product&#038;p=5995"},"modified":"2026-04-01T21:52:03","modified_gmt":"2026-04-01T18:52:03","slug":"custom-printed-microfiber-cleaning-cloths-screens-glasses","status":"publish","type":"product","link":"https:\/\/displayproducts.eu\/es\/p\/custom-printed-microfiber-cleaning-cloths-screens-glasses\/","title":{"rendered":"Pa\u00f1os de microfibra con logotipo"},"content":{"rendered":"<p data-path-to-node=\"9\">Aseg\u00farese de que su marca sea visible cada vez que un cliente limpie sus gafas o la pantalla de su tel\u00e9fono inteligente. Nuestra <b>Pa\u00f1os de limpieza de microfibra personalizados<\/b> Son un art\u00edculo promocional muy pr\u00e1ctico, ligero y econ\u00f3mico. A diferencia de los pa\u00f1uelos de papel, estos pa\u00f1os duraderos se usan repetidamente, lo que proporciona visibilidad de marca a largo plazo.<\/p>\n<p data-path-to-node=\"10\">Ofrecemos una gama vers\u00e1til de materiales y tama\u00f1os que se adaptan a su presupuesto y objetivos de sostenibilidad, desde obsequios rentables hasta pa\u00f1os de limpieza gruesos y de primera calidad fabricados en Europa.<\/p>\n<h2 data-path-to-node=\"11\">Materiales y opciones ecol\u00f3gicas<\/h2>\n<p data-path-to-node=\"12\">Elige el gramaje de tela que mejor se adapte a tus necesidades:<\/p>\n<ul data-path-to-node=\"13\">\n<li>\n<p data-path-to-node=\"13,0,0\"><b>Microfibra est\u00e1ndar (170 g\/m\u00b2):<\/b> Ligero y econ\u00f3mico. Ideal para campa\u00f1as de correo masivo y folletos para ferias comerciales.<\/p>\n<\/li>\n<li>\n<p data-path-to-node=\"13,1,0\"><b>Microfibra premium (200 g\/m\u00b2):<\/b> M\u00e1s grueso, suave y duradero. Se siente m\u00e1s s\u00f3lido en la mano: perfecto para regalos corporativos de alta calidad.<\/p>\n<\/li>\n<li>\n<p data-path-to-node=\"13,2,0\"><b>rPET ecol\u00f3gico (170 g\/m\u00b2\/200 g\/m\u00b2):<\/b> Hecho de botellas de pl\u00e1stico recicladas. Una opci\u00f3n sostenible que ofrece el mismo rendimiento que la microfibra est\u00e1ndar, pero reduce el impacto ambiental.<\/p>\n<\/li>\n<\/ul>\n<h2 data-path-to-node=\"14\">T\u00e9cnicas de marca<\/h2>\n<ul data-path-to-node=\"15\">\n<li>\n<p data-path-to-node=\"15,0,0\"><b>Sublimaci\u00f3n a todo color:<\/b> Imprimimos su foto, logotipo o patr\u00f3n en alta definici\u00f3n sobre toda la superficie de la tela (de borde a borde).<\/p>\n<\/li>\n<li>\n<p data-path-to-node=\"15,1,0\"><b>Marca grabada en relieve:<\/b> Su logotipo se imprime con calor sobre la tela, creando una textura sutil y permanente sin tinta. Un aspecto sofisticado para telas de 200 g\/m\u00b2 y rPET.<\/p>\n<\/li>\n<\/ul>\n<h2 data-path-to-node=\"16\">Tallas disponibles<\/h2>\n<p data-path-to-node=\"17\">Ofrecemos una variedad de tama\u00f1os est\u00e1ndar para adaptarse a diferentes dispositivos:<\/p>\n<ul data-path-to-node=\"18\">\n<li>\n<p data-path-to-node=\"18,0,0\"><b>Tama\u00f1o de bolsillo:<\/b> 12\u00d712 cm (Perfecto para vasos)<\/p>\n<\/li>\n<li>\n<p data-path-to-node=\"18,1,0\"><b>Est\u00e1ndar:<\/b> 15\u00d715 cm \/ 17\u00d712 cm (Ideal para tel\u00e9fonos)<\/p>\n<\/li>\n<li>\n<p data-path-to-node=\"18,2,0\"><b>Grande:<\/b> 17\u00d715 cm \/ 17\u00d718 cm (Ideal para tabletas y port\u00e1tiles)<\/p>\n<\/li>\n<\/ul>\n<h2 data-path-to-node=\"19\">Presupuesto<\/h2>\n<ul data-path-to-node=\"20\">\n<li>\n<p data-path-to-node=\"20,0,0\"><b>Cantidad m\u00ednima de pedido (MOQ):<\/b><\/p>\n<ul data-path-to-node=\"20,0,1\">\n<li>\n<p data-path-to-node=\"20,0,1,0,0\">Importaci\u00f3n est\u00e1ndar: <b>250 piezas<\/b><\/p>\n<\/li>\n<li>\n<p data-path-to-node=\"20,0,1,1,0\">Fabricado en la UE: <b>100 piezas<\/b><\/p>\n<\/li>\n<\/ul>\n<\/li>\n<li>\n<p data-path-to-node=\"20,1,0\"><b>Embalaje:<\/b> Envasado a granel o en bolsas de polietileno individuales (opcional).<\/p>\n<\/li>\n<li>\n<p data-path-to-node=\"20,2,0\"><b>Origen:<\/b> Opciones de importaci\u00f3n asi\u00e1tica (mejor precio) o producci\u00f3n europea (entrega m\u00e1s r\u00e1pida).<\/p>\n<\/li>\n<li>\n<p data-path-to-node=\"20,3,0\"><b>Usar:<\/b> Limpieza sin pelusa y no abrasiva para superficies \u00f3pticas delicadas.<\/p>\n<\/li>\n<\/ul>\n<h2 data-path-to-node=\"21\">Casos de uso<\/h2>\n<ul data-path-to-node=\"22\">\n<li>\n<p data-path-to-node=\"22,0,0\"><b>Empresas de tecnolog\u00eda y TI:<\/b> Accesorio imprescindible para port\u00e1tiles y monitores.<\/p>\n<\/li>\n<li>\n<p data-path-to-node=\"22,1,0\"><b>\u00d3pticas y gafas:<\/b> El cl\u00e1sico regalo de marca que viene con cada par de gafas.<\/p>\n<\/li>\n<li>\n<p data-path-to-node=\"22,2,0\"><b>Campa\u00f1as de correo directo:<\/b> Extremadamente livianos y planos, lo que hace que sean econ\u00f3micos para enviarlos por correo a nivel mundial.<\/p>\n<\/li>\n<li>\n<p data-path-to-node=\"22,3,0\"><b>Bolsas de regalos para eventos:<\/b> Un art\u00edculo \u00fatil que los asistentes no tirar\u00e1n.<\/p>\n<\/li>\n<\/ul>\n<p data-path-to-node=\"23\">","protected":false},"excerpt":{"rendered":"<ul>\n<li>\n<p data-path-to-node=\"8,0,0\"><b>Limpieza cristalina:<\/b> Perfecto para tel\u00e9fonos inteligentes, tabletas, computadoras port\u00e1tiles y anteojos.<\/p>\n<\/li>\n<li>\n<p data-path-to-node=\"8,1,0\"><b>Opciones de materiales:<\/b> Est\u00e1ndar 170 g\/m\u00b2\/200 g\/m\u00b2 o ecol\u00f3gico <b>rPET<\/b> (Botellas recicladas).<\/p>\n<\/li>\n<li>\n<p data-path-to-node=\"8,2,0\"><b>Opciones de impresi\u00f3n:<\/b> Vibrante <b>A todo color<\/b> sublimaci\u00f3n o sutil <b>Grabado en bajorrelieve<\/b> herrada.<\/p>\n<\/li>\n<li>\n<p data-path-to-node=\"8,3,0\"><b>Producci\u00f3n europea:<\/b> Opciones de entrega r\u00e1pida disponibles con m\u00ednimos bajos (desde 100 piezas).<\/p>\n<\/li>\n<\/ul>","protected":false},"featured_media":6333,"comment_status":"closed","ping_status":"closed","template":"","meta":[],"product_brand":[],"product_cat":[128],"product_tag":[],"class_list":{"0":"post-5995","1":"product","2":"type-product","3":"status-publish","4":"has-post-thumbnail","6":"product_cat-mobile-tech-accessories","8":"first","9":"instock","10":"shipping-taxable","11":"purchasable","12":"product-type-simple"},"_links":{"self":[{"href":"https:\/\/displayproducts.eu\/es\/wp-json\/wp\/v2\/product\/5995","targetHints":{"allow":["GET"]}}],"collection":[{"href":"https:\/\/displayproducts.eu\/es\/wp-json\/wp\/v2\/product"}],"about":[{"href":"https:\/\/displayproducts.eu\/es\/wp-json\/wp\/v2\/types\/product"}],"replies":[{"embeddable":true,"href":"https:\/\/displayproducts.eu\/es\/wp-json\/wp\/v2\/comments?post=5995"}],"wp:featuredmedia":[{"embeddable":true,"href":"https:\/\/displayproducts.eu\/es\/wp-json\/wp\/v2\/media\/6333"}],"wp:attachment":[{"href":"https:\/\/displayproducts.eu\/es\/wp-json\/wp\/v2\/media?parent=5995"}],"wp:term":[{"taxonomy":"product_brand","embeddable":true,"href":"https:\/\/displayproducts.eu\/es\/wp-json\/wp\/v2\/product_brand?post=5995"},{"taxonomy":"product_cat","embeddable":true,"href":"https:\/\/displayproducts.eu\/es\/wp-json\/wp\/v2\/product_cat?post=5995"},{"taxonomy":"product_tag","embeddable":true,"href":"https:\/\/displayproducts.eu\/es\/wp-json\/wp\/v2\/product_tag?post=5995"}],"curies":[{"name":"wp","href":"https:\/\/api.w.org\/{rel}","templated":true}]}}