{"id":5985,"date":"2025-12-16T16:19:40","date_gmt":"2025-12-16T13:19:40","guid":{"rendered":"https:\/\/wristbandfactory.eu\/?post_type=product&#038;p=5985"},"modified":"2026-04-01T21:52:35","modified_gmt":"2026-04-01T18:52:35","slug":"custom-knitted-socks-with-logo-cotton-bamboo-merino-sports","status":"publish","type":"product","link":"https:\/\/displayproducts.eu\/es\/p\/custom-knitted-socks-with-logo-cotton-bamboo-merino-sports\/","title":{"rendered":"Calcetines tejidos con logo"},"content":{"rendered":"<p data-path-to-node=\"10\">Convierte un art\u00edculo esencial de uso diario en el producto m\u00e1s popular de tu marca. Nuestro <b>Calcetines de punto personalizados<\/b> No solo se imprimen, sino que se crean desde cero con tecnolog\u00eda de tejido Jacquard. Esto significa que su logotipo y dise\u00f1o se tejen directamente en la tela con hasta 5 colores de hilo diferentes, lo que garantiza que el dise\u00f1o no se descascare ni desti\u00f1a.<\/p>\n<p data-path-to-node=\"11\">Ya sea que necesite obsequios corporativos profesionales, equipos deportivos de alto rendimiento o productos ecol\u00f3gicos, nuestras capacidades de fabricaci\u00f3n cubren todas las necesidades con cantidades m\u00ednimas bajas.<\/p>\n<h2 data-path-to-node=\"12\">Opciones de materiales<\/h2>\n<p data-path-to-node=\"13\">Ofrecemos distintas mezclas de materiales para adaptarse a su prop\u00f3sito espec\u00edfico:<\/p>\n<ul data-path-to-node=\"14\">\n<li>\n<p data-path-to-node=\"14,0,0\"><b>Mezcla cl\u00e1sica de algod\u00f3n:<\/b> El est\u00e1ndar de la industria en comodidad y durabilidad. Ideal para uso diario y para regalar.<\/p>\n<ul data-path-to-node=\"14,0,1\">\n<li>\n<p data-path-to-node=\"14,0,1,0,0\"><i>Composici\u00f3n:<\/i> Algod\u00f3n 68%, poli\u00e9ster 29%, elastano 3% (est\u00e1ndar) o mezclas de algod\u00f3n 80% para producci\u00f3n en la UE.<\/p>\n<\/li>\n<\/ul>\n<\/li>\n<li>\n<p data-path-to-node=\"14,1,0\"><b>Bamb\u00fa Premium:<\/b> Una opci\u00f3n sostenible, m\u00e1s suave y naturalmente hipoalerg\u00e9nica.<\/p>\n<ul data-path-to-node=\"14,1,1\">\n<li>\n<p data-path-to-node=\"14,1,1,0,0\"><i>Composici\u00f3n:<\/i> 65% bamb\u00fa, 25% algod\u00f3n, 8% poli\u00e9ster, 2% elastano.<\/p>\n<\/li>\n<\/ul>\n<\/li>\n<li>\n<p data-path-to-node=\"14,2,0\"><b>Lana merino (invierno y senderismo):<\/b> Suave, transpirable y absorbe los olores. Perfecto para marcas de exterior y regalos de invierno.<\/p>\n<ul data-path-to-node=\"14,2,1\">\n<li>\n<p data-path-to-node=\"14,2,1,0,0\"><i>Composici\u00f3n:<\/i> 43% lana merino, 25% poliamida, 29% acr\u00edlico, 3% elastano.<\/p>\n<\/li>\n<\/ul>\n<\/li>\n<li>\n<p data-path-to-node=\"14,3,0\"><b>Mezcla deportiva de alto rendimiento:<\/b> Mezclas de alta durabilidad dise\u00f1adas para correr y jugar al f\u00fatbol.<\/p>\n<ul data-path-to-node=\"14,3,1\">\n<li>\n<p data-path-to-node=\"14,3,1,0,0\"><i>Composici\u00f3n:<\/i> Mezclas de poliamida\/algod\u00f3n\/elastano con ventilaci\u00f3n de malla.<\/p>\n<\/li>\n<\/ul>\n<\/li>\n<\/ul>\n<h2 data-path-to-node=\"15\">Estilos y cortes disponibles<\/h2>\n<p data-path-to-node=\"16\">Puedes aplicar tu dise\u00f1o a cualquiera de los siguientes cortes:<\/p>\n<ul data-path-to-node=\"17\">\n<li>\n<p data-path-to-node=\"17,0,0\"><b>Calcetines de tripulaci\u00f3n:<\/b> El cl\u00e1sico largo hasta media pantorrilla. Disponible en todos los materiales.<\/p>\n<\/li>\n<li>\n<p data-path-to-node=\"17,1,0\"><b>Calcetines tobilleros e invisibles:<\/b> Cortes discretos y modernos, perfectos para verano o sneakers.<\/p>\n<\/li>\n<li>\n<p data-path-to-node=\"17,2,0\"><b>Calcetines deportivos y de tenis:<\/b> Caracter\u00edsticas <b>Soporte de arco de 360\u00b0<\/b> y suelas acolchadas opcionales (media felpa) para absorber el impacto.<\/p>\n<\/li>\n<li>\n<p data-path-to-node=\"17,3,0\"><b>Calcetines para correr:<\/b> Tejido avanzado con malla transpirable en la parte superior del antepi\u00e9 y tejido piqu\u00e9 en la pierna.<\/p>\n<\/li>\n<li>\n<p data-path-to-node=\"17,4,0\"><b>Calcetines de f\u00fatbol:<\/b> Largo por encima de la pantorrilla con paneles de malla en la pantorrilla y la suela superior.<\/p>\n<\/li>\n<li>\n<p data-path-to-node=\"17,5,0\"><b>Yoga y antideslizante:<\/b> Cuenta con suelas antideslizantes de silicona con un dise\u00f1o personalizado. Disponibles con puntera completa o sin puntera.<\/p>\n<\/li>\n<\/ul>\n<h2 data-path-to-node=\"18\">Presupuesto<\/h2>\n<ul data-path-to-node=\"19\">\n<li>\n<p data-path-to-node=\"19,0,0\"><b>Tecnolog\u00eda de tejido:<\/b> Jacquard (dise\u00f1o tejido en la tela).<\/p>\n<\/li>\n<li>\n<p data-path-to-node=\"19,1,0\"><b>Bandera:<\/b> Hasta 5 colores por dise\u00f1o.<\/p>\n<\/li>\n<li>\n<p data-path-to-node=\"19,2,0\"><b>Cantidad m\u00ednima de pedido (MOQ):<\/b> Comienza desde <b>25 pares<\/b> para modelos deportivos selectos y <b>50 pares<\/b> para dise\u00f1os est\u00e1ndar.<\/p>\n<\/li>\n<li>\n<p data-path-to-node=\"19,3,0\"><b>Tallas:<\/b> Disponible en talla \u00fanica o en rangos de tallas espec\u00edficos.<\/p>\n<\/li>\n<li>\n<p data-path-to-node=\"19,4,0\"><b>Embalaje:<\/b> Etiquetas de papel a todo color personalizadas opcionales. <i>Nota: Para varios tama\u00f1os con el mismo dise\u00f1o de etiqueta, se utilizan etiquetas de tama\u00f1o para reducir costos.<\/i><\/p>\n<\/li>\n<li>\n<p data-path-to-node=\"19,5,0\"><b>Nota de dise\u00f1o:<\/b> Los calcetines izquierdo y derecho pueden tener dise\u00f1os diferentes (se aplica un costo adicional). Los logotipos en la parte exterior de ambas piernas se consideran dise\u00f1os separados debido a su orientaci\u00f3n.<\/p>\n<\/li>\n<\/ul>\n<h2 data-path-to-node=\"20\">Casos de uso<\/h2>\n<ul data-path-to-node=\"21\">\n<li>\n<p data-path-to-node=\"21,0,0\"><b>Art\u00edculos promocionales corporativos:<\/b> Regalos de oficina divertidos y pr\u00e1cticos que los empleados realmente usan.<\/p>\n<\/li>\n<li>\n<p data-path-to-node=\"21,1,0\"><b>Equipos deportivos:<\/b> Calcetines de f\u00fatbol, baloncesto y running personalizados con los colores del equipo.<\/p>\n<\/li>\n<li>\n<p data-path-to-node=\"21,2,0\"><b>Venta minorista y merchandising:<\/b> Art\u00edculos de reventa de alta calidad para bandas, influencers y marcas de ropa.<\/p>\n<\/li>\n<li>\n<p data-path-to-node=\"21,3,0\"><b>Estudios de bienestar:<\/b> Calcetines antideslizantes de marca para clases de yoga y pilates.<\/p>\n<\/li>\n<\/ul>\n<p data-path-to-node=\"22\">","protected":false},"excerpt":{"rendered":"<ul>\n<li>\n<p data-path-to-node=\"9,0,0\"><b>Tejido Jacquard:<\/b> Su dise\u00f1o se teje directamente en la tela (hasta 5 colores) para lograr durabilidad y una apariencia premium.<\/p>\n<\/li>\n<li>\n<p data-path-to-node=\"9,1,0\"><b>Elecci\u00f3n del material:<\/b> Disponible en algod\u00f3n est\u00e1ndar, bamb\u00fa ecol\u00f3gico o lana merino c\u00e1lida.<\/p>\n<\/li>\n<li>\n<p data-path-to-node=\"9,2,0\"><b>Estilos vers\u00e1tiles:<\/b> Opciones de yoga: tripulaci\u00f3n, tobillo, invisible, deportivo (soporte de arco) y antideslizante.<\/p>\n<\/li>\n<li>\n<p data-path-to-node=\"9,3,0\"><b>Etiquetas personalizadas:<\/b> Etiquetas o pegatinas de papel a todo color opcionales para embalajes listos para la venta minorista.<\/p>\n<\/li>\n<\/ul>","protected":false},"featured_media":6670,"comment_status":"closed","ping_status":"closed","template":"","meta":[],"product_brand":[],"product_cat":[129],"product_tag":[],"class_list":{"0":"post-5985","1":"product","2":"type-product","3":"status-publish","4":"has-post-thumbnail","6":"product_cat-leisure-lifestyle","8":"first","9":"instock","10":"shipping-taxable","11":"product-type-simple"},"_links":{"self":[{"href":"https:\/\/displayproducts.eu\/es\/wp-json\/wp\/v2\/product\/5985","targetHints":{"allow":["GET"]}}],"collection":[{"href":"https:\/\/displayproducts.eu\/es\/wp-json\/wp\/v2\/product"}],"about":[{"href":"https:\/\/displayproducts.eu\/es\/wp-json\/wp\/v2\/types\/product"}],"replies":[{"embeddable":true,"href":"https:\/\/displayproducts.eu\/es\/wp-json\/wp\/v2\/comments?post=5985"}],"wp:featuredmedia":[{"embeddable":true,"href":"https:\/\/displayproducts.eu\/es\/wp-json\/wp\/v2\/media\/6670"}],"wp:attachment":[{"href":"https:\/\/displayproducts.eu\/es\/wp-json\/wp\/v2\/media?parent=5985"}],"wp:term":[{"taxonomy":"product_brand","embeddable":true,"href":"https:\/\/displayproducts.eu\/es\/wp-json\/wp\/v2\/product_brand?post=5985"},{"taxonomy":"product_cat","embeddable":true,"href":"https:\/\/displayproducts.eu\/es\/wp-json\/wp\/v2\/product_cat?post=5985"},{"taxonomy":"product_tag","embeddable":true,"href":"https:\/\/displayproducts.eu\/es\/wp-json\/wp\/v2\/product_tag?post=5985"}],"curies":[{"name":"wp","href":"https:\/\/api.w.org\/{rel}","templated":true}]}}