{"id":5963,"date":"2025-12-16T15:28:54","date_gmt":"2025-12-16T12:28:54","guid":{"rendered":"https:\/\/wristbandfactory.eu\/?post_type=product&#038;p=5963"},"modified":"2026-04-01T21:52:35","modified_gmt":"2026-04-01T18:52:35","slug":"custom-printed-bucket-hats-polyester-reversible-corduroy","status":"publish","type":"product","link":"https:\/\/displayproducts.eu\/es\/p\/custom-printed-bucket-hats-polyester-reversible-corduroy\/","title":{"rendered":"Gorros de pescador personalizados"},"content":{"rendered":"<p data-path-to-node=\"11\"><b>Sombreros ic\u00f3nicos para una m\u00e1xima exposici\u00f3n de la marca<\/b> Nuestro <b>Sombreros de pescador con estampados personalizados<\/b> Son el accesorio de verano definitivo para festivales, eventos al aire libre y colecciones de merchandising corporativo. Ya sea que necesite un obsequio econ\u00f3mico o un art\u00edculo de alta calidad para su tienda, nuestra gama cubre todas sus necesidades con vibrantes impresiones a todo color y telas de primera calidad.<\/p>\n<p data-path-to-node=\"12\"><b>Modelos y estilos disponibles<\/b><\/p>\n<ul data-path-to-node=\"13\">\n<li>\n<p data-path-to-node=\"13,0,0\"><b>Est\u00e1ndar a todo color (poli\u00e9ster)<\/b><\/p>\n<ul data-path-to-node=\"13,0,1\">\n<li>\n<p data-path-to-node=\"13,0,1,0,0\"><b>Ligero:<\/b> Poli\u00e9ster de 150 g\/m\u00b2. Ideal para d\u00edas calurosos de verano y promociones masivas.<\/p>\n<\/li>\n<li>\n<p data-path-to-node=\"13,0,1,1,0\"><b>De peso pesado:<\/b>\u00a0Poli\u00e9ster de 260 g\/m\u00b2. Una textura m\u00e1s resistente y estructurada para una mayor percepci\u00f3n del valor.<\/p>\n<\/li>\n<li>\n<p data-path-to-node=\"13,0,1,2,0\"><b>Detalles:<\/b> Impreso en el exterior y el borde interior. Incluye banda de sudor negra.<\/p>\n<\/li>\n<\/ul>\n<\/li>\n<li>\n<p data-path-to-node=\"13,1,0\"><b>Sombreros reversibles \u201c2 en 1\u201d<\/b><\/p>\n<ul data-path-to-node=\"13,1,1\">\n<li>\n<p data-path-to-node=\"13,1,1,0,0\"><b>(150 g\/m\u00b2) y (260 g\/m\u00b2):<\/b> \u00a1Duplica el impacto de tu marca! Estas gorras son totalmente reversibles, lo que permite dos dise\u00f1os completamente diferentes por dentro y por fuera. Simplemente dale la vuelta para lucir un nuevo look.<\/p>\n<\/li>\n<\/ul>\n<\/li>\n<li>\n<p data-path-to-node=\"13,2,0\"><b>Textura Premium (Pana)<\/b><\/p>\n<ul data-path-to-node=\"13,2,1\">\n<li>\n<p data-path-to-node=\"13,2,1,0,0\"><b>Pana cl\u00e1sica:<\/b> Tejido de 210 g\/m\u00b2 con una distintiva textura acanalada. Perfil medio.<\/p>\n<\/li>\n<li>\n<p data-path-to-node=\"13,2,1,1,0\"><b>Pana de algod\u00f3n:<\/b> Mezcla de algod\u00f3n de 200 g\/m\u00b2 para una sensaci\u00f3n m\u00e1s suave y natural.<\/p>\n<\/li>\n<li>\n<p data-path-to-node=\"13,2,1,2,0\"><b>Estilo:<\/b> Look de inspiraci\u00f3n retro, perfecto para marcas vanguardistas y streetwear.<\/p>\n<\/li>\n<\/ul>\n<\/li>\n<li>\n<p data-path-to-node=\"13,3,0\"><b>Opciones especiales<\/b><\/p>\n<ul data-path-to-node=\"13,3,1\">\n<li>\n<p data-path-to-node=\"13,3,1,0,0\"><b>Ala grande:<\/b> Poli\u00e9ster de 200 g\/m\u00b2 con ala extendida para mayor protecci\u00f3n solar.<\/p>\n<\/li>\n<li>\n<p data-path-to-node=\"13,3,1,1,0\"><b>Opci\u00f3n bordada:<\/b> Poli\u00e9ster de 170 g\/m\u00b2 dise\u00f1ado espec\u00edficamente para bordado o impresi\u00f3n puntual.<\/p>\n<\/li>\n<\/ul>\n<\/li>\n<\/ul>\n<p data-path-to-node=\"14\"><b>Especificaciones y tama\u00f1os<\/b><\/p>\n<ul data-path-to-node=\"15\">\n<li>\n<p data-path-to-node=\"15,0,0\"><b>Impresi\u00f3n:<\/b> Sublimaci\u00f3n CMYK de superficie completa (modelos de poli\u00e9ster). Permite dise\u00f1os fotorrealistas y patrones integrales.<\/p>\n<\/li>\n<li>\n<p data-path-to-node=\"15,1,0\"><b>Tallas:<\/b><\/p>\n<ul data-path-to-node=\"15,1,1\">\n<li>\n<p data-path-to-node=\"15,1,1,0,0\"><b>Ni\u00f1os:<\/b> 55 cent\u00edmetros<\/p>\n<\/li>\n<li>\n<p data-path-to-node=\"15,1,1,1,0\"><b>Adulto est\u00e1ndar:<\/b> 58 cm (se adapta a la mayor\u00eda de mujeres y hombres)<\/p>\n<\/li>\n<li>\n<p data-path-to-node=\"15,1,1,2,0\"><b>Adulto grande:<\/b> 60 cm (ajuste relajado)<\/p>\n<\/li>\n<\/ul>\n<\/li>\n<li>\n<p data-path-to-node=\"15,2,0\"><b>Ventilaci\u00f3n:<\/b> Los ojales cosidos a juego (en los modelos de poli\u00e9ster est\u00e1ndar) garantizan la transpirabilidad durante eventos c\u00e1lidos.<\/p>\n<\/li>\n<li>\n<p data-path-to-node=\"15,3,0\"><b>Ancho del ala:<\/b> Opciones est\u00e1ndar de 5,5 cm o 7,5 cm (seg\u00fan el modelo).<\/p>\n<\/li>\n<\/ul>\n<p data-path-to-node=\"16\"><b>Casos de uso<\/b><\/p>\n<ul data-path-to-node=\"17\">\n<li>\n<p data-path-to-node=\"17,0,0\"><b>Festivales y conciertos:<\/b> Mercanc\u00eda de alta visibilidad que a los fan\u00e1ticos les encanta usar.<\/p>\n<\/li>\n<li>\n<p data-path-to-node=\"17,1,0\"><b>Equipos deportivos:<\/b> Look unificado para seguidores y socios del club.<\/p>\n<\/li>\n<li>\n<p data-path-to-node=\"17,2,0\"><b>Eventos estudiantiles:<\/b> Jornadas de orientaci\u00f3n y merchandising universitario.<\/p>\n<\/li>\n<\/ul>","protected":false},"excerpt":{"rendered":"<ul>\n<li>\n<p data-path-to-node=\"9,0,0\"><b>Amplia selecci\u00f3n:<\/b> Elija entre poli\u00e9ster liviano (150 g\/m\u00b2) o pesado (260 g\/m\u00b2), estilos reversibles o pana de moda.<\/p>\n<\/li>\n<li>\n<p data-path-to-node=\"9,1,0\"><b>Personalizaci\u00f3n completa:<\/b> Impresi\u00f3n por sublimaci\u00f3n CMYK de borde a borde para colores y patrones ilimitados.<\/p>\n<\/li>\n<li>\n<p data-path-to-node=\"9,2,0\"><b>Ajuste perfecto:<\/b> Disponible en tama\u00f1os para ni\u00f1os (55 cm), adultos (58 cm) y grandes (60 cm).<\/p>\n<\/li>\n<li>\n<p data-path-to-node=\"9,3,0\"><b>Vers\u00e1til:<\/b> Ideal para festivales de verano, art\u00edculos deportivos y marcas de ropa urbana.<\/p>\n<\/li>\n<\/ul>","protected":false},"featured_media":6365,"comment_status":"closed","ping_status":"closed","template":"","meta":[],"product_brand":[],"product_cat":[130],"product_tag":[],"class_list":{"0":"post-5963","1":"product","2":"type-product","3":"status-publish","4":"has-post-thumbnail","6":"product_cat-custom-headwear","8":"first","9":"instock","10":"shipping-taxable","11":"purchasable","12":"product-type-simple"},"_links":{"self":[{"href":"https:\/\/displayproducts.eu\/es\/wp-json\/wp\/v2\/product\/5963","targetHints":{"allow":["GET"]}}],"collection":[{"href":"https:\/\/displayproducts.eu\/es\/wp-json\/wp\/v2\/product"}],"about":[{"href":"https:\/\/displayproducts.eu\/es\/wp-json\/wp\/v2\/types\/product"}],"replies":[{"embeddable":true,"href":"https:\/\/displayproducts.eu\/es\/wp-json\/wp\/v2\/comments?post=5963"}],"wp:featuredmedia":[{"embeddable":true,"href":"https:\/\/displayproducts.eu\/es\/wp-json\/wp\/v2\/media\/6365"}],"wp:attachment":[{"href":"https:\/\/displayproducts.eu\/es\/wp-json\/wp\/v2\/media?parent=5963"}],"wp:term":[{"taxonomy":"product_brand","embeddable":true,"href":"https:\/\/displayproducts.eu\/es\/wp-json\/wp\/v2\/product_brand?post=5963"},{"taxonomy":"product_cat","embeddable":true,"href":"https:\/\/displayproducts.eu\/es\/wp-json\/wp\/v2\/product_cat?post=5963"},{"taxonomy":"product_tag","embeddable":true,"href":"https:\/\/displayproducts.eu\/es\/wp-json\/wp\/v2\/product_tag?post=5963"}],"curies":[{"name":"wp","href":"https:\/\/api.w.org\/{rel}","templated":true}]}}