{"id":5959,"date":"2025-12-16T15:21:56","date_gmt":"2025-12-16T12:21:56","guid":{"rendered":"https:\/\/wristbandfactory.eu\/?post_type=product&#038;p=5959"},"modified":"2026-04-01T21:52:03","modified_gmt":"2026-04-01T18:52:03","slug":"custom-printed-balaclavas-ski-masks-polyester-fleece-thermal","status":"publish","type":"product","link":"https:\/\/displayproducts.eu\/es\/p\/custom-printed-balaclavas-ski-masks-polyester-fleece-thermal\/","title":{"rendered":"Pasamonta\u00f1as personalizados"},"content":{"rendered":"<p data-path-to-node=\"11\"><b>La marca definitiva para el clima fr\u00edo<\/b> Equipa a tu equipo o a tus fans con nuestro <b>Pasamonta\u00f1as con estampado personalizado<\/b>, Dise\u00f1ados para m\u00e1xima calidez y visibilidad. Ya sea para estaciones de esqu\u00ed, equipos de construcci\u00f3n invernales o eventos promocionales al aire libre, estos pasamonta\u00f1as ofrecen una amplia superficie imprimible para exhibir su marca y brindar protecci\u00f3n esencial contra las inclemencias del tiempo.<\/p>\n<p data-path-to-node=\"12\"><b>Modelos y especificaciones disponibles<\/b><\/p>\n<ul data-path-to-node=\"13\">\n<li>\n<p data-path-to-node=\"13,0,0\"><b>\u00a0Rendimiento ligero (una sola capa)<\/b><\/p>\n<ul data-path-to-node=\"13,0,1\">\n<li>\n<p data-path-to-node=\"13,0,1,0,0\"><b>Material:<\/b> Poli\u00e9ster 100% (180-190 g\/m\u00b2).<\/p>\n<\/li>\n<li>\n<p data-path-to-node=\"13,0,1,1,0\"><b>Dise\u00f1o:<\/b> Impresi\u00f3n por sublimaci\u00f3n a todo color sobre toda la superficie.<\/p>\n<\/li>\n<li>\n<p data-path-to-node=\"13,0,1,2,0\"><b>Ideal para:<\/b> Deportes activos, uso debajo del casco y condiciones invernales m\u00e1s suaves.<\/p>\n<\/li>\n<li>\n<p data-path-to-node=\"13,0,1,3,0\"><b>Tama\u00f1o:<\/b> Aprox. 45x26cm (48g).<\/p>\n<\/li>\n<\/ul>\n<\/li>\n<li>\n<p data-path-to-node=\"13,1,0\"><b>Calidez invernal (doble capa)<\/b><\/p>\n<ul data-path-to-node=\"13,1,1\">\n<li>\n<p data-path-to-node=\"13,1,1,0,0\"><b>Material:<\/b> Exterior de poli\u00e9ster impreso (130 g\/m\u00b2) + forro polar negro (160 g\/m\u00b2).<\/p>\n<\/li>\n<li>\n<p data-path-to-node=\"13,1,1,1,0\"><b>Dise\u00f1o:<\/b> Impresi\u00f3n exterior a todo color con un interior suave y t\u00e9rmico.<\/p>\n<\/li>\n<li>\n<p data-path-to-node=\"13,1,1,2,0\"><b>Ideal para:<\/b> Esqu\u00ed, snowboard y larga exposici\u00f3n al fr\u00edo.<\/p>\n<\/li>\n<li>\n<p data-path-to-node=\"13,1,1,3,0\"><b>Tama\u00f1o:<\/b> Aprox. 40x29cm (65-70g).<\/p>\n<\/li>\n<\/ul>\n<\/li>\n<li>\n<p data-path-to-node=\"13,2,0\"><b>\u00a0Polar cl\u00e1sico t\u00e9rmico (forro polar s\u00f3lido)<\/b><\/p>\n<ul data-path-to-node=\"13,2,1\">\n<li>\n<p data-path-to-node=\"13,2,1,0,0\"><b>Material:<\/b> 100% Polar (220 g\/m\u00b2).<\/p>\n<\/li>\n<li>\n<p data-path-to-node=\"13,2,1,1,0\"><b>Dise\u00f1o:<\/b> Disponible en colores de tela est\u00e1ndar con <b>Bordado de logotipos<\/b>.<\/p>\n<\/li>\n<li>\n<p data-path-to-node=\"13,2,1,2,0\"><b>Ideal para:<\/b> Calidez resistente, ropa de trabajo y productos de primera calidad.<\/p>\n<\/li>\n<li>\n<p data-path-to-node=\"13,2,1,3,0\"><b>Tama\u00f1o:<\/b> Aprox. 38x30cm (100g).<\/p>\n<\/li>\n<\/ul>\n<\/li>\n<\/ul>","protected":false},"excerpt":{"rendered":"<ul>\n<li>\n<p data-path-to-node=\"9,0,0\"><b>Tres variaciones:<\/b> Poli\u00e9ster de una sola capa (ligero), poli\u00e9ster con forro polar (c\u00e1lido) o forro polar s\u00f3lido (t\u00e9rmico).<\/p>\n<\/li>\n<li>\n<p data-path-to-node=\"9,1,0\"><b>Personalizaci\u00f3n completa:<\/b> Impresi\u00f3n por sublimaci\u00f3n de borde a borde para gr\u00e1ficos complejos o bordados para vell\u00f3n s\u00f3lido.<\/p>\n<\/li>\n<li>\n<p data-path-to-node=\"9,2,0\"><b>Protecci\u00f3n invernal:<\/b> Protege la cara y el cuello contra el viento y el fr\u00edo; ideal para deportes de invierno y trabajos al aire libre.<\/p>\n<\/li>\n<li>\n<p data-path-to-node=\"9,3,0\"><b>Ajuste universal:<\/b> El dise\u00f1o de talla \u00fanica (aprox. 40 x 29 cm \/ 45 x 26 cm) garantiza versatilidad.<\/p>\n<\/li>\n<\/ul>","protected":false},"featured_media":6370,"comment_status":"closed","ping_status":"closed","template":"","meta":[],"product_brand":[],"product_cat":[123,118],"product_tag":[],"class_list":{"0":"post-5959","1":"product","2":"type-product","3":"status-publish","4":"has-post-thumbnail","6":"product_cat-fan-cheering-items","7":"product_cat-sports-fitness","9":"first","10":"instock","11":"shipping-taxable","12":"purchasable","13":"product-type-simple"},"_links":{"self":[{"href":"https:\/\/displayproducts.eu\/es\/wp-json\/wp\/v2\/product\/5959","targetHints":{"allow":["GET"]}}],"collection":[{"href":"https:\/\/displayproducts.eu\/es\/wp-json\/wp\/v2\/product"}],"about":[{"href":"https:\/\/displayproducts.eu\/es\/wp-json\/wp\/v2\/types\/product"}],"replies":[{"embeddable":true,"href":"https:\/\/displayproducts.eu\/es\/wp-json\/wp\/v2\/comments?post=5959"}],"wp:featuredmedia":[{"embeddable":true,"href":"https:\/\/displayproducts.eu\/es\/wp-json\/wp\/v2\/media\/6370"}],"wp:attachment":[{"href":"https:\/\/displayproducts.eu\/es\/wp-json\/wp\/v2\/media?parent=5959"}],"wp:term":[{"taxonomy":"product_brand","embeddable":true,"href":"https:\/\/displayproducts.eu\/es\/wp-json\/wp\/v2\/product_brand?post=5959"},{"taxonomy":"product_cat","embeddable":true,"href":"https:\/\/displayproducts.eu\/es\/wp-json\/wp\/v2\/product_cat?post=5959"},{"taxonomy":"product_tag","embeddable":true,"href":"https:\/\/displayproducts.eu\/es\/wp-json\/wp\/v2\/product_tag?post=5959"}],"curies":[{"name":"wp","href":"https:\/\/api.w.org\/{rel}","templated":true}]}}