{"id":5938,"date":"2025-12-16T15:04:12","date_gmt":"2025-12-16T12:04:12","guid":{"rendered":"https:\/\/wristbandfactory.eu\/?post_type=product&#038;p=5938"},"modified":"2026-04-01T21:52:35","modified_gmt":"2026-04-01T18:52:35","slug":"custom-printed-multifunctional-multiscarfs-tubular-bandanas","status":"publish","type":"product","link":"https:\/\/displayproducts.eu\/es\/p\/custom-printed-multifunctional-multiscarfs-tubular-bandanas\/","title":{"rendered":"Bragas de cuello personalizadas"},"content":{"rendered":"<p data-path-to-node=\"7\">Maximiza la visibilidad de tu marca con nuestras Multibufandas Personalizadas, el accesorio multifuncional definitivo para estilos de vida activos. Tambi\u00e9n conocidas como pa\u00f1uelos tubulares o braga de cuello, estas bufandas tubulares sin costuras est\u00e1n dise\u00f1adas para brindar comodidad y utilidad en cualquier condici\u00f3n clim\u00e1tica. Ya sea para una marat\u00f3n, una estaci\u00f3n de esqu\u00ed o una salida corporativa de verano, tu marca se mantendr\u00e1 en el centro de atenci\u00f3n.<\/p>\n<p data-path-to-node=\"8\">Nuestras multibufandas se fabrican con telas de alta calidad, adaptadas a su entorno espec\u00edfico. Desde microfibras ligeras y transpirables hasta tecnolog\u00eda especializada que absorbe la humedad, ofrecemos el lienzo perfecto para la identidad de su organizaci\u00f3n.<\/p>\n<h2 data-path-to-node=\"9\">Caracter\u00edsticas principales<\/h2>\n<ul data-path-to-node=\"10\">\n<li>\n<p data-path-to-node=\"10,0,0\"><b data-path-to-node=\"10,0,0\" data-index-in-node=\"0\">Sublimaci\u00f3n de alta definici\u00f3n:<\/b> Utilizamos impresi\u00f3n a todo color CMYK, donde la tinta se incrusta directamente en las fibras de la tela, lo que garantiza que el dise\u00f1o no se agriete, pele ni desvanezca.<\/p>\n<\/li>\n<li>\n<p data-path-to-node=\"10,1,0\"><b data-path-to-node=\"10,1,0\" data-index-in-node=\"0\">Construcci\u00f3n sin costuras:<\/b> El dise\u00f1o tubular est\u00e1 realizado sin costuras irritantes, proporcionando la m\u00e1xima comodidad para el uso diario y la actividad f\u00edsica intensa.<\/p>\n<\/li>\n<li>\n<p data-path-to-node=\"10,2,0\"><b data-path-to-node=\"10,2,0\" data-index-in-node=\"0\">Durabilidad excepcional:<\/b> Totalmente lavable y reutilizable, mantiene la forma y el color vibrantes incluso despu\u00e9s de un uso intensivo repetido.<\/p>\n<\/li>\n<li>\n<p data-path-to-node=\"10,3,0\"><b data-path-to-node=\"10,3,0\" data-index-in-node=\"0\">Protecci\u00f3n durante toda la temporada:<\/b> Proporciona una barrera contra el viento, el polvo, el fr\u00edo y los rayos UV seg\u00fan la configuraci\u00f3n del material elegido.<\/p>\n<\/li>\n<\/ul>\n<h2 data-path-to-node=\"11\">Presupuesto<\/h2>\n<ul data-path-to-node=\"12\">\n<li>\n<p data-path-to-node=\"12,0,0\"><b data-path-to-node=\"12,0,0\" data-index-in-node=\"0\">Materiales:<\/b> Poli\u00e9ster est\u00e1ndar, RPET reciclado, vell\u00f3n de invierno, COOLMAX\u00ae (que absorbe la humedad) o licra (UPF50+).<\/p>\n<\/li>\n<li>\n<p data-path-to-node=\"12,1,0\"><b data-path-to-node=\"12,1,0\" data-index-in-node=\"0\">Tama\u00f1o:<\/b> Tama\u00f1o est\u00e1ndar para adultos (tama\u00f1os personalizados disponibles a pedido).<\/p>\n<\/li>\n<li>\n<p data-path-to-node=\"12,2,0\"><b data-path-to-node=\"12,2,0\" data-index-in-node=\"0\">Impresi\u00f3n:<\/b> Sublimaci\u00f3n de borde a borde a todo color.<\/p>\n<\/li>\n<li>\n<p data-path-to-node=\"12,3,0\"><b data-path-to-node=\"12,3,0\" data-index-in-node=\"0\">Cantidad m\u00ednima de pedido:<\/b> 100 unidades.<\/p>\n<\/li>\n<li>\n<p data-path-to-node=\"12,4,0\"><b data-path-to-node=\"12,4,0\" data-index-in-node=\"0\">Mantenimiento:<\/b> Lavable a m\u00e1quina, secado r\u00e1pido.<\/p>\n<\/li>\n<\/ul>\n<h2 data-path-to-node=\"13\">Casos de uso<\/h2>\n<ul data-path-to-node=\"14\">\n<li>\n<p data-path-to-node=\"14,0,0\"><b data-path-to-node=\"14,0,0\" data-index-in-node=\"0\">Deportes y fitness:<\/b> Equipamiento esencial para clubes de corredores, equipos de ciclismo y art\u00edculos de gimnasio.<\/p>\n<\/li>\n<li>\n<p data-path-to-node=\"14,1,0\"><b data-path-to-node=\"14,1,0\" data-index-in-node=\"0\">Eventos y festivales al aire libre:<\/b> Regalos pr\u00e1cticos y elegantes para conciertos, grupos de senderismo y festivales al aire libre.<\/p>\n<\/li>\n<li>\n<p data-path-to-node=\"14,2,0\"><b data-path-to-node=\"14,2,0\" data-index-in-node=\"0\">Responsabilidad Social Corporativa:<\/b> Elija nuestra opci\u00f3n de material RPET para obsequios corporativos sustentables que se alineen con los valores ecol\u00f3gicos.<\/p>\n<\/li>\n<li>\n<p data-path-to-node=\"14,3,0\"><b data-path-to-node=\"14,3,0\" data-index-in-node=\"0\">Turismo de invierno:<\/b> Perfecto para escuelas de esqu\u00ed, estaciones de esqu\u00ed y marketing de deportes de invierno.<\/p>\n<\/li>\n<\/ul>","protected":false},"excerpt":{"rendered":"<ul>\n<li>\n<p data-path-to-node=\"6,0,0\"><b data-path-to-node=\"6,0,0\" data-index-in-node=\"0\">M\u00e1s de 10 formas de usarlo:<\/b> Dise\u00f1o extremadamente vers\u00e1til que funciona como calentador de cuello, diadema, mascarilla, gorro o mu\u00f1equera.<\/p>\n<\/li>\n<li>\n<p data-path-to-node=\"6,1,0\"><b data-path-to-node=\"6,1,0\" data-index-in-node=\"0\">Selecci\u00f3n de materiales de primera calidad:<\/b> Elija entre microfibra est\u00e1ndar, RPET ecol\u00f3gico (pl\u00e1stico reciclado), vell\u00f3n de invierno o Coolmax\u00ae de alto rendimiento.<\/p>\n<\/li>\n<li>\n<p data-path-to-node=\"6,2,0\"><b data-path-to-node=\"6,2,0\" data-index-in-node=\"0\">Personalizaci\u00f3n de superficie completa:<\/b> La impresi\u00f3n por sublimaci\u00f3n de borde a borde permite colores, degradados y detalles fotogr\u00e1ficos ilimitados que nunca se desvanecen.<\/p>\n<\/li>\n<li>\n<p data-path-to-node=\"6,3,0\"><b data-path-to-node=\"6,3,0\" data-index-in-node=\"0\">Elecci\u00f3n profesional B2B:<\/b> Ideal para equipos deportivos, eventos al aire libre y regalos corporativos con una cantidad m\u00ednima de pedido baja de 100 unidades.<\/p>\n<\/li>\n<\/ul>","protected":false},"featured_media":6373,"comment_status":"closed","ping_status":"closed","template":"","meta":[],"product_brand":[],"product_cat":[123,118],"product_tag":[],"class_list":{"0":"post-5938","1":"product","2":"type-product","3":"status-publish","4":"has-post-thumbnail","6":"product_cat-fan-cheering-items","7":"product_cat-sports-fitness","9":"first","10":"instock","11":"shipping-taxable","12":"purchasable","13":"product-type-simple"},"_links":{"self":[{"href":"https:\/\/displayproducts.eu\/es\/wp-json\/wp\/v2\/product\/5938","targetHints":{"allow":["GET"]}}],"collection":[{"href":"https:\/\/displayproducts.eu\/es\/wp-json\/wp\/v2\/product"}],"about":[{"href":"https:\/\/displayproducts.eu\/es\/wp-json\/wp\/v2\/types\/product"}],"replies":[{"embeddable":true,"href":"https:\/\/displayproducts.eu\/es\/wp-json\/wp\/v2\/comments?post=5938"}],"wp:featuredmedia":[{"embeddable":true,"href":"https:\/\/displayproducts.eu\/es\/wp-json\/wp\/v2\/media\/6373"}],"wp:attachment":[{"href":"https:\/\/displayproducts.eu\/es\/wp-json\/wp\/v2\/media?parent=5938"}],"wp:term":[{"taxonomy":"product_brand","embeddable":true,"href":"https:\/\/displayproducts.eu\/es\/wp-json\/wp\/v2\/product_brand?post=5938"},{"taxonomy":"product_cat","embeddable":true,"href":"https:\/\/displayproducts.eu\/es\/wp-json\/wp\/v2\/product_cat?post=5938"},{"taxonomy":"product_tag","embeddable":true,"href":"https:\/\/displayproducts.eu\/es\/wp-json\/wp\/v2\/product_tag?post=5938"}],"curies":[{"name":"wp","href":"https:\/\/api.w.org\/{rel}","templated":true}]}}