{"id":5935,"date":"2025-12-16T13:44:25","date_gmt":"2025-12-16T10:44:25","guid":{"rendered":"https:\/\/wristbandfactory.eu\/?post_type=product&#038;p=5935"},"modified":"2026-04-01T21:52:03","modified_gmt":"2026-04-01T18:52:03","slug":"soft-pvc-nfc-keychains-custom-shape-full-color","status":"publish","type":"product","link":"https:\/\/displayproducts.eu\/es\/p\/soft-pvc-nfc-keychains-custom-shape-full-color\/","title":{"rendered":"Llaveros NFC de PVC blando \u2013 Forma personalizada"},"content":{"rendered":"<p data-path-to-node=\"17\">Transforme un art\u00edculo promocional cl\u00e1sico en una potente herramienta de marketing digital. Nuestros llaveros NFC personalizados de PVC blando combinan el atractivo t\u00e1ctil de un llavero de goma duradero y personalizado con tecnolog\u00eda avanzada sin contacto. Ideales para campa\u00f1as de marketing modernas, estos llaveros permiten a los usuarios acceder instant\u00e1neamente a su sitio web, aplicaci\u00f3n o programa de fidelizaci\u00f3n con solo tocar su smartphone.<\/p>\n<p data-path-to-node=\"18\"><b>Forma y dise\u00f1o totalmente personalizados<\/b> No te conformes con formas geom\u00e9tricas est\u00e1ndar. Moldeamos estos llaveros en... <b>Su logotipo o forma de producto espec\u00edfico<\/b> (hasta 5\u00d75 cm). Fabricado con PVC blando de alta calidad, este material es duradero, flexible y suave al tacto. Su dise\u00f1o se reproduce a todo color por ambas caras, lo que garantiza la m\u00e1xima visibilidad de su marca desde cualquier \u00e1ngulo.<\/p>\n<p data-path-to-node=\"19\"><b>Integraci\u00f3n inteligente de NFC<\/b> Oculto dentro de las capas de PVC se encuentra un chip NFC programable con una antena de 2,5 x 2,5 cm. Esto permite una experiencia t\u00e1ctil sin necesidad de pilas ni carga.<\/p>\n<ul data-path-to-node=\"20\">\n<li>\n<p data-path-to-node=\"20,0,0\"><b>Marketing:<\/b> Dirige tr\u00e1fico a tu p\u00e1gina de destino o redes sociales.<\/p>\n<\/li>\n<li>\n<p data-path-to-node=\"20,1,0\"><b>Eventos:<\/b> \u00daselo para registros digitales o participaciones en concursos.<\/p>\n<\/li>\n<li>\n<p data-path-to-node=\"20,2,0\"><b>Lealtad:<\/b> Habilite el escaneo instant\u00e1neo de recompensas de clientes.<\/p>\n<\/li>\n<\/ul>\n<p data-path-to-node=\"21\"><b>Opciones de embalaje<\/b><\/p>\n<ul data-path-to-node=\"22\">\n<li>\n<p data-path-to-node=\"22,0,0\"><b>Est\u00e1ndar:<\/b> Envuelto individualmente en papel de seda protector para evitar que se pegue.<\/p>\n<\/li>\n<li>\n<p data-path-to-node=\"22,1,0\"><b>Listo para la venta minorista:<\/b> Tarjeta de papel de doble cara a todo color opcional con bolsa de polietileno para una experiencia de desempaquetado premium.<\/p>\n<\/li>\n<\/ul>\n<p data-path-to-node=\"23\"><b>Caracter\u00edsticas principales:<\/b><\/p>\n<ul data-path-to-node=\"24\">\n<li>\n<p data-path-to-node=\"24,0,0\"><b>Material:<\/b> PVC blando libre de ftalatos.<\/p>\n<\/li>\n<li>\n<p data-path-to-node=\"24,1,0\"><b>Tecnolog\u00eda:<\/b> Chip NFC incorporado (compatible con la mayor\u00eda de los tel\u00e9fonos inteligentes modernos).<\/p>\n<\/li>\n<li>\n<p data-path-to-node=\"24,2,0\"><b>Personalizaci\u00f3n:<\/b> 100% forma exterior personalizada.<\/p>\n<\/li>\n<li>\n<p data-path-to-node=\"24,3,0\"><b>Durabilidad:<\/b> Superficie resistente al agua y a los ara\u00f1azos.<\/p>\n<\/li>\n<li>\n<p data-path-to-node=\"24,4,0\"><b>Al por mayor:<\/b> Envasado a granel para una f\u00e1cil distribuci\u00f3n.<\/p>\n<\/li>\n<\/ul>","protected":false},"excerpt":{"rendered":"<ul data-path-to-node=\"13\">\n<li>\n<p data-path-to-node=\"13,0,0\"><b>Material:<\/b> Goma de PVC suave y flexible con forma personalizada (m\u00e1ximo 5\u00d75 cm).<\/p>\n<\/li>\n<li>\n<p data-path-to-node=\"13,1,0\"><b>Tecnolog\u00eda:<\/b> Chip NFC integrado (antena de 2,5\u00d72,5 cm) para interacci\u00f3n digital.<\/p>\n<\/li>\n<li>\n<p data-path-to-node=\"13,2,0\"><b>Dise\u00f1o:<\/b> Impresi\u00f3n a todo color en ambas caras (mismo dise\u00f1o).<\/p>\n<\/li>\n<li>\n<p data-path-to-node=\"13,3,0\"><b>Caso de uso:<\/b> Lanzamientos de aplicaciones, programas de fidelizaci\u00f3n y enlaces a redes sociales.<\/p>\n<\/li>\n<\/ul>","protected":false},"featured_media":6380,"comment_status":"closed","ping_status":"closed","template":"","meta":[],"product_brand":[],"product_cat":[94],"product_tag":[],"class_list":{"0":"post-5935","1":"product","2":"type-product","3":"status-publish","4":"has-post-thumbnail","6":"product_cat-keychains","8":"first","9":"instock","10":"shipping-taxable","11":"purchasable","12":"product-type-simple"},"_links":{"self":[{"href":"https:\/\/displayproducts.eu\/es\/wp-json\/wp\/v2\/product\/5935","targetHints":{"allow":["GET"]}}],"collection":[{"href":"https:\/\/displayproducts.eu\/es\/wp-json\/wp\/v2\/product"}],"about":[{"href":"https:\/\/displayproducts.eu\/es\/wp-json\/wp\/v2\/types\/product"}],"replies":[{"embeddable":true,"href":"https:\/\/displayproducts.eu\/es\/wp-json\/wp\/v2\/comments?post=5935"}],"wp:featuredmedia":[{"embeddable":true,"href":"https:\/\/displayproducts.eu\/es\/wp-json\/wp\/v2\/media\/6380"}],"wp:attachment":[{"href":"https:\/\/displayproducts.eu\/es\/wp-json\/wp\/v2\/media?parent=5935"}],"wp:term":[{"taxonomy":"product_brand","embeddable":true,"href":"https:\/\/displayproducts.eu\/es\/wp-json\/wp\/v2\/product_brand?post=5935"},{"taxonomy":"product_cat","embeddable":true,"href":"https:\/\/displayproducts.eu\/es\/wp-json\/wp\/v2\/product_cat?post=5935"},{"taxonomy":"product_tag","embeddable":true,"href":"https:\/\/displayproducts.eu\/es\/wp-json\/wp\/v2\/product_tag?post=5935"}],"curies":[{"name":"wp","href":"https:\/\/api.w.org\/{rel}","templated":true}]}}