{"id":5824,"date":"2025-12-11T12:42:06","date_gmt":"2025-12-11T09:42:06","guid":{"rendered":"https:\/\/wristbandfactory.eu\/?post_type=product&#038;p=5824"},"modified":"2026-04-01T21:52:35","modified_gmt":"2026-04-01T18:52:35","slug":"embossed-silicone-wristbands-raised-3d-effect","status":"publish","type":"product","link":"https:\/\/displayproducts.eu\/es\/p\/embossed-silicone-wristbands-raised-3d-effect\/","title":{"rendered":"Pulseras de silicona \u2013 Relieve \/ 3D"},"content":{"rendered":"<p data-path-to-node=\"10\"><b>Destaca con un acabado 3D<\/b><\/p>\n<p data-path-to-node=\"11\"><b>Pulseras de silicona en relieve<\/b> Ofrecemos una versi\u00f3n \u00fanica de la cl\u00e1sica banda ben\u00e9fica. En lugar de grabar el texto hacia adentro, utilizamos un molde personalizado para elevar el dise\u00f1o desde la superficie de la banda. Esto crea un efecto impactante. <b>Efecto de relieve 3D<\/b> que es a la vez visualmente distinto y t\u00e1ctil.<\/p>\n<p data-path-to-node=\"12\"><b>C\u00f3mo se hace<\/b> Fabricamos estas pulseras mediante un proceso de moldeo especializado donde la silicona se prensa para crear letras en relieve. Dado que el logotipo est\u00e1 hecho del mismo material de silicona que la pulsera, es... <b>f\u00edsicamente permanente<\/b> y no se puede agrietar, pelar ni deste\u00f1ir.<\/p>\n<p data-path-to-node=\"13\"><b>Estilo de dise\u00f1o<\/b> Las bandas en relieve suelen producirse en un solo color (mon\u00f3tono), donde el texto en relieve crea un sutil efecto de sombra. Esto da como resultado una <b>Aspecto limpio, moderno y discreto<\/b> que es popular para eventos corporativos, membres\u00edas de gimnasios y activaciones de marcas premium.<\/p>\n<p data-path-to-node=\"14\"><b>Personalizaci\u00f3n<\/b><\/p>\n<ul data-path-to-node=\"15\">\n<li>\n<p data-path-to-node=\"15,0,0\"><b>Color:<\/b> Combina la banda con cualquier referencia Pantone (PMS).<\/p>\n<\/li>\n<li>\n<p data-path-to-node=\"15,1,0\"><b>Texto:<\/b> M\u00e1s adecuado para fuentes en negrita y logotipos sin impresi\u00f3n (los detalles finos son m\u00e1s dif\u00edciles de resaltar).<\/p>\n<\/li>\n<\/ul>\n<p data-path-to-node=\"16\"><b>Caracter\u00edsticas principales:<\/b><\/p>\n<ul data-path-to-node=\"17\">\n<li>\n<p data-path-to-node=\"17,0,0\"><b>Estilo:<\/b> Relieve (relieve 3D).<\/p>\n<\/li>\n<li>\n<p data-path-to-node=\"17,1,0\"><b>Material:<\/b> 100% Silicona de grado m\u00e9dico.<\/p>\n<\/li>\n<li>\n<p data-path-to-node=\"17,2,0\"><b>Durabilidad:<\/b> Extremo (sin tinta que se borre).<\/p>\n<\/li>\n<li>\n<p data-path-to-node=\"17,3,0\"><b>Efecto:<\/b> Marca sutil y de alta gama.<\/p>\n<\/li>\n<\/ul>","protected":false},"excerpt":{"rendered":"<ul>\n<li>\n<p data-path-to-node=\"8,0,0\"><b>Efecto 3D elevado:<\/b> Su logotipo y texto se destacan f\u00edsicamente de la superficie de la pulsera.<\/p>\n<\/li>\n<li>\n<p data-path-to-node=\"8,1,0\"><b>Experiencia t\u00e1ctil:<\/b> Ofrece una textura \u00fanica y \u201cirregular\u201d que los usuarios pueden sentir.<\/p>\n<\/li>\n<li>\n<p data-path-to-node=\"8,2,0\"><b>Marca permanente:<\/b> El dise\u00f1o est\u00e1 moldeado en la banda, por lo que nunca se desvanecer\u00e1 ni se desgastar\u00e1.<\/p>\n<\/li>\n<li>\n<p data-path-to-node=\"8,3,0\"><b>Sutil y premium:<\/b> Ideal para marcas que desean un aspecto sofisticado y mon\u00f3tono sin tinta.<\/p>\n<\/li>\n<\/ul>","protected":false},"featured_media":5825,"comment_status":"closed","ping_status":"closed","template":"","meta":[],"product_brand":[],"product_cat":[49],"product_tag":[],"class_list":{"0":"post-5824","1":"product","2":"type-product","3":"status-publish","4":"has-post-thumbnail","6":"product_cat-silicone","8":"first","9":"instock","10":"shipping-taxable","11":"purchasable","12":"product-type-simple"},"_links":{"self":[{"href":"https:\/\/displayproducts.eu\/es\/wp-json\/wp\/v2\/product\/5824","targetHints":{"allow":["GET"]}}],"collection":[{"href":"https:\/\/displayproducts.eu\/es\/wp-json\/wp\/v2\/product"}],"about":[{"href":"https:\/\/displayproducts.eu\/es\/wp-json\/wp\/v2\/types\/product"}],"replies":[{"embeddable":true,"href":"https:\/\/displayproducts.eu\/es\/wp-json\/wp\/v2\/comments?post=5824"}],"wp:featuredmedia":[{"embeddable":true,"href":"https:\/\/displayproducts.eu\/es\/wp-json\/wp\/v2\/media\/5825"}],"wp:attachment":[{"href":"https:\/\/displayproducts.eu\/es\/wp-json\/wp\/v2\/media?parent=5824"}],"wp:term":[{"taxonomy":"product_brand","embeddable":true,"href":"https:\/\/displayproducts.eu\/es\/wp-json\/wp\/v2\/product_brand?post=5824"},{"taxonomy":"product_cat","embeddable":true,"href":"https:\/\/displayproducts.eu\/es\/wp-json\/wp\/v2\/product_cat?post=5824"},{"taxonomy":"product_tag","embeddable":true,"href":"https:\/\/displayproducts.eu\/es\/wp-json\/wp\/v2\/product_tag?post=5824"}],"curies":[{"name":"wp","href":"https:\/\/api.w.org\/{rel}","templated":true}]}}