{"id":5822,"date":"2025-12-11T12:39:16","date_gmt":"2025-12-11T09:39:16","guid":{"rendered":"https:\/\/wristbandfactory.eu\/?post_type=product&#038;p=5822"},"modified":"2026-04-01T21:52:35","modified_gmt":"2026-04-01T18:52:35","slug":"debossed-silicone-wristbands-colour-filled-engraved","status":"publish","type":"product","link":"https:\/\/displayproducts.eu\/es\/p\/debossed-silicone-wristbands-colour-filled-engraved\/","title":{"rendered":"Pulseras de silicona \u2013 Bajorrelieve \/ Con color"},"content":{"rendered":"<p data-path-to-node=\"10\"><b>El est\u00e1ndar de la industria para la longevidad<\/b><\/p>\n<p data-path-to-node=\"11\"><b>Pulseras con relleno de color y relieve<\/b> Son la opci\u00f3n premium para marcas y organizaciones que necesitan pulseras duraderas. A diferencia de las pulseras impresas est\u00e1ndar, donde la tinta se deposita en la superficie, estas pulseras se someten a un proceso de fabricaci\u00f3n de dos pasos para garantizar que su mensaje dure tanto como la propia pulsera.<\/p>\n<p data-path-to-node=\"12\"><b>C\u00f3mo se hace<\/b><\/p>\n<ol start=\"1\" data-path-to-node=\"13\">\n<li>\n<p data-path-to-node=\"13,0,0\"><b>Grabado (repujado):<\/b> Creamos un molde personalizado para grabar su logotipo y texto profundamente en la banda de silicona.<\/p>\n<\/li>\n<li>\n<p data-path-to-node=\"13,1,0\"><b>Relleno de color:<\/b> Luego, las \u00e1reas hundidas se rellenan manualmente con una tinta de silicona especializada y duradera en un color contrastante.<\/p>\n<\/li>\n<\/ol>\n<p data-path-to-node=\"14\"><b>\u00bfPor qu\u00e9 elegir Debossed?<\/b> Debido a que el dise\u00f1o est\u00e1 hundido bajo la superficie, est\u00e1 f\u00edsicamente protegido de la fricci\u00f3n y el desgaste. Esto lo convierte en la \u00fanica opci\u00f3n viable para <b>Campa\u00f1as de concientizaci\u00f3n a largo plazo, art\u00edculos para fomentar el esp\u00edritu escolar y eventos de recaudaci\u00f3n de fondos.<\/b> donde la pulsera se usa diariamente durante meses o incluso a\u00f1os.<\/p>\n<p data-path-to-node=\"15\"><b>Personalizaci\u00f3n<\/b> Podemos combinar la banda de silicona con cualquier <b>Pantone (PMS)<\/b> Colorea y rellena el texto grabado con cualquier tono Pantone contrastante para que combine perfectamente con la identidad de tu marca.<\/p>\n<p data-path-to-node=\"16\"><b>Caracter\u00edsticas principales:<\/b><\/p>\n<ul data-path-to-node=\"17\">\n<li>\n<p data-path-to-node=\"17,0,0\"><b>Estilo:<\/b> Grabado en bajorrelieve y relleno de tinta.<\/p>\n<\/li>\n<li>\n<p data-path-to-node=\"17,1,0\"><b>Material:<\/b> 100% Silicona de grado m\u00e9dico.<\/p>\n<\/li>\n<li>\n<p data-path-to-node=\"17,2,0\"><b>Durabilidad:<\/b> Extremo (Dise\u00f1o a prueba de desgaste).<\/p>\n<\/li>\n<li>\n<p data-path-to-node=\"17,3,0\"><b>Tallas:<\/b> Adulto (202 mm) y joven (180 mm).<\/p>\n<\/li>\n<\/ul>","protected":false},"excerpt":{"rendered":"<ul>\n<li>\n<p data-path-to-node=\"8,0,0\"><b>M\u00e1xima durabilidad:<\/b> Su logotipo est\u00e1 grabado profundamente (en bajo relieve) en la silicona, lo que hace que sea imposible borrarlo.<\/p>\n<\/li>\n<li>\n<p data-path-to-node=\"8,1,0\"><b>Color relleno:<\/b> El texto grabado est\u00e1 relleno de tinta de silicona contrastante para lograr una apariencia vibrante y de alto impacto.<\/p>\n<\/li>\n<li>\n<p data-path-to-node=\"8,2,0\"><b>Sensaci\u00f3n Premium:<\/b> Ofrece un acabado t\u00e1ctil en 3D a menudo asociado con campa\u00f1as ben\u00e9ficas de alto nivel (por ejemplo, Livestrong).<\/p>\n<\/li>\n<li>\n<p data-path-to-node=\"8,3,0\"><b>Marca permanente:<\/b> Ideal para uso prolongado (meses o a\u00f1os) sin decolorarse.<\/p>\n<\/li>\n<\/ul>","protected":false},"featured_media":5823,"comment_status":"closed","ping_status":"closed","template":"","meta":[],"product_brand":[],"product_cat":[49],"product_tag":[],"class_list":{"0":"post-5822","1":"product","2":"type-product","3":"status-publish","4":"has-post-thumbnail","6":"product_cat-silicone","8":"first","9":"instock","10":"shipping-taxable","11":"purchasable","12":"product-type-simple"},"_links":{"self":[{"href":"https:\/\/displayproducts.eu\/es\/wp-json\/wp\/v2\/product\/5822","targetHints":{"allow":["GET"]}}],"collection":[{"href":"https:\/\/displayproducts.eu\/es\/wp-json\/wp\/v2\/product"}],"about":[{"href":"https:\/\/displayproducts.eu\/es\/wp-json\/wp\/v2\/types\/product"}],"replies":[{"embeddable":true,"href":"https:\/\/displayproducts.eu\/es\/wp-json\/wp\/v2\/comments?post=5822"}],"wp:featuredmedia":[{"embeddable":true,"href":"https:\/\/displayproducts.eu\/es\/wp-json\/wp\/v2\/media\/5823"}],"wp:attachment":[{"href":"https:\/\/displayproducts.eu\/es\/wp-json\/wp\/v2\/media?parent=5822"}],"wp:term":[{"taxonomy":"product_brand","embeddable":true,"href":"https:\/\/displayproducts.eu\/es\/wp-json\/wp\/v2\/product_brand?post=5822"},{"taxonomy":"product_cat","embeddable":true,"href":"https:\/\/displayproducts.eu\/es\/wp-json\/wp\/v2\/product_cat?post=5822"},{"taxonomy":"product_tag","embeddable":true,"href":"https:\/\/displayproducts.eu\/es\/wp-json\/wp\/v2\/product_tag?post=5822"}],"curies":[{"name":"wp","href":"https:\/\/api.w.org\/{rel}","templated":true}]}}