{"id":5820,"date":"2025-12-11T12:35:46","date_gmt":"2025-12-11T09:35:46","guid":{"rendered":"https:\/\/wristbandfactory.eu\/?post_type=product&#038;p=5820"},"modified":"2026-04-01T21:52:03","modified_gmt":"2026-04-01T18:52:03","slug":"printed-silicone-wristbands-custom-screen-print","status":"publish","type":"product","link":"https:\/\/displayproducts.eu\/es\/p\/printed-silicone-wristbands-custom-screen-print\/","title":{"rendered":"Pulseras de silicona \u2013 Impresas"},"content":{"rendered":"<p data-path-to-node=\"12\"><b>La opci\u00f3n cl\u00e1sica para la marca promocional<\/b><\/p>\n<p data-path-to-node=\"13\"><b>Pulseras de silicona impresas<\/b> Son la opci\u00f3n m\u00e1s popular para campa\u00f1as de marketing, ferias comerciales y eventos donde la visibilidad y el presupuesto son prioridades clave. A diferencia de las bandas grabadas, estas lucen su dise\u00f1o. <b>serigrafiado directamente sobre la superficie lisa<\/b> de la silicona, ofreciendo un acabado n\u00edtido y limpio que llama la atenci\u00f3n.<\/p>\n<p data-path-to-node=\"14\"><b>Opciones de color ilimitadas<\/b> Ofrecemos total flexibilidad de personalizaci\u00f3n. Puedes elegir cualquier <b>Color Pantone (PMS)<\/b> Para la correa de silicona, seleccione un color de tinta que contraste para su logotipo y texto. Esto garantiza que 100% se ajuste a su identidad corporativa.<\/p>\n<p data-path-to-node=\"15\"><b>Material y comodidad<\/b> Hecho de <b>100% silicona de alta calidad, sin l\u00e1tex<\/b>, Estas pulseras son impermeables, resistentes al calor y c\u00f3modas para usarlas todo el d\u00eda. Son lo suficientemente resistentes para eventos de varios d\u00edas, pero est\u00e1n dise\u00f1adas principalmente como art\u00edculos promocionales econ\u00f3micos.<\/p>\n<p data-path-to-node=\"16\"><i>Nota: Para uso diario a largo plazo (meses\/a\u00f1os), recomendamos nuestras pulseras \u201cgrabadas en relieve\u201d, ya que la impresi\u00f3n de la superficie puede desgastarse con el tiempo debido a una fricci\u00f3n intensa.<\/i><\/p>\n<p data-path-to-node=\"17\"><b>Caracter\u00edsticas principales:<\/b><\/p>\n<ul data-path-to-node=\"18\">\n<li>\n<p data-path-to-node=\"18,0,0\"><b>M\u00e9todo:<\/b> Serigraf\u00eda de alta precisi\u00f3n.<\/p>\n<\/li>\n<li>\n<p data-path-to-node=\"18,1,0\"><b>Material:<\/b> 100% Silicona suave (no t\u00f3xica).<\/p>\n<\/li>\n<li>\n<p data-path-to-node=\"18,2,0\"><b>Tama\u00f1o:<\/b> Adulto est\u00e1ndar (202x12x2mm) y juvenil (180x12x2mm).<\/p>\n<\/li>\n<li>\n<p data-path-to-node=\"18,3,0\"><b>Caso de uso:<\/b> Sorteos, Campa\u00f1as de Concientizaci\u00f3n, Festivales.<\/p>\n<\/li>\n<\/ul>","protected":false},"excerpt":{"rendered":"<ul data-path-to-node=\"10\">\n<li>\n<p data-path-to-node=\"10,0,0\"><b>Alta visibilidad:<\/b> La serigraf\u00eda n\u00edtida hace que su logotipo se destaque claramente en la superficie.<\/p>\n<\/li>\n<li>\n<p data-path-to-node=\"10,1,0\"><b>Combinaci\u00f3n Pantone:<\/b> Adaptamos tanto la banda de silicona como el color de la tinta a las pautas de su marca.<\/p>\n<\/li>\n<li>\n<p data-path-to-node=\"10,2,0\"><b>Rentable:<\/b> La opci\u00f3n m\u00e1s econ\u00f3mica para promociones y obsequios a gran escala.<\/p>\n<\/li>\n<li>\n<p data-path-to-node=\"10,3,0\"><b>Entrega r\u00e1pida:<\/b> Tiempos de producci\u00f3n m\u00e1s r\u00e1pidos en comparaci\u00f3n con los moldes estampados o en relieve.<\/p>\n<\/li>\n<\/ul>","protected":false},"featured_media":5821,"comment_status":"closed","ping_status":"closed","template":"","meta":[],"product_brand":[],"product_cat":[49],"product_tag":[],"class_list":{"0":"post-5820","1":"product","2":"type-product","3":"status-publish","4":"has-post-thumbnail","6":"product_cat-silicone","8":"first","9":"instock","10":"shipping-taxable","11":"purchasable","12":"product-type-simple"},"_links":{"self":[{"href":"https:\/\/displayproducts.eu\/es\/wp-json\/wp\/v2\/product\/5820","targetHints":{"allow":["GET"]}}],"collection":[{"href":"https:\/\/displayproducts.eu\/es\/wp-json\/wp\/v2\/product"}],"about":[{"href":"https:\/\/displayproducts.eu\/es\/wp-json\/wp\/v2\/types\/product"}],"replies":[{"embeddable":true,"href":"https:\/\/displayproducts.eu\/es\/wp-json\/wp\/v2\/comments?post=5820"}],"wp:featuredmedia":[{"embeddable":true,"href":"https:\/\/displayproducts.eu\/es\/wp-json\/wp\/v2\/media\/5821"}],"wp:attachment":[{"href":"https:\/\/displayproducts.eu\/es\/wp-json\/wp\/v2\/media?parent=5820"}],"wp:term":[{"taxonomy":"product_brand","embeddable":true,"href":"https:\/\/displayproducts.eu\/es\/wp-json\/wp\/v2\/product_brand?post=5820"},{"taxonomy":"product_cat","embeddable":true,"href":"https:\/\/displayproducts.eu\/es\/wp-json\/wp\/v2\/product_cat?post=5820"},{"taxonomy":"product_tag","embeddable":true,"href":"https:\/\/displayproducts.eu\/es\/wp-json\/wp\/v2\/product_tag?post=5820"}],"curies":[{"name":"wp","href":"https:\/\/api.w.org\/{rel}","templated":true}]}}