{"id":5818,"date":"2025-12-11T12:18:31","date_gmt":"2025-12-11T09:18:31","guid":{"rendered":"https:\/\/wristbandfactory.eu\/?post_type=product&#038;p=5818"},"modified":"2026-04-01T21:52:35","modified_gmt":"2026-04-01T18:52:35","slug":"hemp-fabric-wristbands-custom-woven-printed","status":"publish","type":"product","link":"https:\/\/displayproducts.eu\/es\/p\/hemp-fabric-wristbands-custom-woven-printed\/","title":{"rendered":"Pulseras de tela (C\u00e1\u00f1amo) \u2013 Con logotipo"},"content":{"rendered":"<p data-path-to-node=\"11\"><b>La opci\u00f3n natural m\u00e1s fuerte<\/b><\/p>\n<p data-path-to-node=\"12\">Haga una declaraci\u00f3n audaz con <b>Pulseras de tela de c\u00e1\u00f1amo<\/b>, La opci\u00f3n m\u00e1s duradera de nuestra gama ecol\u00f3gica. Las fibras de c\u00e1\u00f1amo son reconocidas por su resistencia a la tracci\u00f3n, lo que las hace perfectas para festivales al aire libre, eventos de aventura o para usarlas durante varias semanas donde el desgaste es un factor importante.<\/p>\n<p data-path-to-node=\"13\"><b>Aspecto &quot;terroso&quot; distintivo<\/b> A diferencia del acabado suave del rPET o la suavidad del bamb\u00fa, el c\u00e1\u00f1amo ofrece una <b>textura estructurada y granular<\/b>. Esto le da a la pulsera un toque artesanal de primera calidad que transmite al instante sostenibilidad y autenticidad a sus invitados.<\/p>\n<p data-path-to-node=\"14\"><b>Recomendaciones de marca<\/b> Debido a la textura m\u00e1s gruesa de las fibras de c\u00e1\u00f1amo:<\/p>\n<ul data-path-to-node=\"15\">\n<li>\n<p data-path-to-node=\"15,0,0\"><b>Serigraf\u00eda:<\/b> Recomendamos estampados llamativos de un solo color (como negro o verde oscuro) que contrastan maravillosamente con el fondo beige\/bronceado natural de la fibra.<\/p>\n<\/li>\n<li>\n<p data-path-to-node=\"15,1,0\"><b>Tejido (Bordado):<\/b> Se pueden tejer textos y logotipos sin impresi\u00f3n directamente en la banda para lograr un acabado permanente.<\/p>\n<\/li>\n<\/ul>\n<p data-path-to-node=\"16\"><b>Ferreter\u00eda ecol\u00f3gica<\/b> Completa el look con nuestro <b>Cerradura ecol\u00f3gica de bamb\u00fa<\/b> o un reutilizable <b>Cuentas de madera<\/b>. Tambi\u00e9n est\u00e1n disponibles controles deslizantes de pl\u00e1stico seguros est\u00e1ndar si se requiere un control de acceso estricto.<\/p>\n<p data-path-to-node=\"17\"><b>Caracter\u00edsticas principales:<\/b><\/p>\n<ul data-path-to-node=\"18\">\n<li>\n<p data-path-to-node=\"18,0,0\"><b>Material:<\/b> 100% Fibra de c\u00e1\u00f1amo natural.<\/p>\n<\/li>\n<li>\n<p data-path-to-node=\"18,1,0\"><b>Textura:<\/b> Grueso, natural y t\u00e1ctil.<\/p>\n<\/li>\n<li>\n<p data-path-to-node=\"18,2,0\"><b>Durabilidad:<\/b> Alta resistencia al estiramiento y al agua.<\/p>\n<\/li>\n<li>\n<p data-path-to-node=\"18,3,0\"><b>Clasificaci\u00f3n ecol\u00f3gica:<\/b> Ciclo de crecimiento carbono negativo, biodegradable.<\/p>\n<\/li>\n<\/ul>","protected":false},"excerpt":{"rendered":"<ul data-path-to-node=\"9\">\n<li>\n<p data-path-to-node=\"9,0,0\"><b>Ultraduradero:<\/b> El c\u00e1\u00f1amo es una de las fibras naturales m\u00e1s fuertes, ideal para eventos dif\u00edciles o de larga duraci\u00f3n.<\/p>\n<\/li>\n<li>\n<p data-path-to-node=\"9,1,0\"><b>Est\u00e9tica r\u00fastica:<\/b> Ofrece un aspecto texturizado y terroso distintivo que se distingue de los sint\u00e9ticos suaves.<\/p>\n<\/li>\n<li>\n<p data-path-to-node=\"9,2,0\"><b>100% Sostenible:<\/b> Cultivado sin pesticidas y totalmente biodegradable.<\/p>\n<\/li>\n<li>\n<p data-path-to-node=\"9,3,0\"><b>Marca personalizada:<\/b> M\u00e1s adecuado para serigraf\u00eda llamativa o dise\u00f1os tejidos sin impresi\u00f3n.<\/p>\n<\/li>\n<\/ul>","protected":false},"featured_media":5827,"comment_status":"closed","ping_status":"closed","template":"","meta":[],"product_brand":[],"product_cat":[133,47],"product_tag":[],"class_list":{"0":"post-5818","1":"product","2":"type-product","3":"status-publish","4":"has-post-thumbnail","6":"product_cat-eco-friendly-wristbands","7":"product_cat-fabric-wristbands","9":"first","10":"instock","11":"shipping-taxable","12":"purchasable","13":"product-type-simple"},"_links":{"self":[{"href":"https:\/\/displayproducts.eu\/es\/wp-json\/wp\/v2\/product\/5818","targetHints":{"allow":["GET"]}}],"collection":[{"href":"https:\/\/displayproducts.eu\/es\/wp-json\/wp\/v2\/product"}],"about":[{"href":"https:\/\/displayproducts.eu\/es\/wp-json\/wp\/v2\/types\/product"}],"replies":[{"embeddable":true,"href":"https:\/\/displayproducts.eu\/es\/wp-json\/wp\/v2\/comments?post=5818"}],"wp:featuredmedia":[{"embeddable":true,"href":"https:\/\/displayproducts.eu\/es\/wp-json\/wp\/v2\/media\/5827"}],"wp:attachment":[{"href":"https:\/\/displayproducts.eu\/es\/wp-json\/wp\/v2\/media?parent=5818"}],"wp:term":[{"taxonomy":"product_brand","embeddable":true,"href":"https:\/\/displayproducts.eu\/es\/wp-json\/wp\/v2\/product_brand?post=5818"},{"taxonomy":"product_cat","embeddable":true,"href":"https:\/\/displayproducts.eu\/es\/wp-json\/wp\/v2\/product_cat?post=5818"},{"taxonomy":"product_tag","embeddable":true,"href":"https:\/\/displayproducts.eu\/es\/wp-json\/wp\/v2\/product_tag?post=5818"}],"curies":[{"name":"wp","href":"https:\/\/api.w.org\/{rel}","templated":true}]}}