{"id":5816,"date":"2025-12-11T12:14:13","date_gmt":"2025-12-11T09:14:13","guid":{"rendered":"https:\/\/wristbandfactory.eu\/?post_type=product&#038;p=5816"},"modified":"2026-04-01T21:52:35","modified_gmt":"2026-04-01T18:52:35","slug":"bamboo-fabric-wristbands-custom-woven-printed","status":"publish","type":"product","link":"https:\/\/displayproducts.eu\/es\/p\/bamboo-fabric-wristbands-custom-woven-printed\/","title":{"rendered":"Pulseras de tela (Bamb\u00fa) \u2013 Con logotipo"},"content":{"rendered":"<p data-path-to-node=\"10\"><b>La opci\u00f3n m\u00e1s suave para eventos sostenibles<\/b><\/p>\n<p data-path-to-node=\"11\">Ofrezca a sus invitados VIP y asistentes conscientes del medio ambiente lo \u00faltimo en comodidad con nuestro <b>Pulseras de tela de bamb\u00fa<\/b>. Estas correas, obtenidas de uno de los recursos renovables de m\u00e1s r\u00e1pido crecimiento del mundo, combinan la sostenibilidad con una textura premium, suave y sedosa, que se siente superior a las alternativas sint\u00e9ticas.<\/p>\n<p data-path-to-node=\"12\"><b>\u00bfPor qu\u00e9 elegir bamb\u00fa?<\/b> La fibra de bamb\u00fa es natural <b>Antibacteriano, hipoalerg\u00e9nico y que absorbe la humedad.<\/b>. Esto lo convierte en la opci\u00f3n ideal para festivales de varios d\u00edas en climas c\u00e1lidos o para personas con piel sensible. A diferencia del pl\u00e1stico, respira naturalmente y es totalmente biodegradable al final de su vida \u00fatil.<\/p>\n<p data-path-to-node=\"13\"><b>Marca y personalizaci\u00f3n<\/b> Debido a la textura mate natural del bamb\u00fa, recomendamos:<\/p>\n<ul data-path-to-node=\"14\">\n<li>\n<p data-path-to-node=\"14,0,0\"><b>Tejido (Bordado):<\/b> Tejer su logotipo directamente en la tela (hasta 8 colores) crea una apariencia cl\u00e1sica y de alta gama.<\/p>\n<\/li>\n<li>\n<p data-path-to-node=\"14,1,0\"><b>Serigraf\u00eda:<\/b> Ideal para dise\u00f1os que requieren texto n\u00edtido o colores espec\u00edficos en la superficie.<\/p>\n<\/li>\n<\/ul>\n<p data-path-to-node=\"15\"><b>Seguro y ecol\u00f3gico<\/b> Maximice sus credenciales ecol\u00f3gicas al combinar estas bandas con nuestras <b>Cerradura ecol\u00f3gica de bamb\u00fa<\/b> (50% sin pl\u00e1stico). Tambi\u00e9n ofrecemos deslizadores est\u00e1ndar de alta seguridad y cuentas de madera reutilizables.<\/p>\n<p data-path-to-node=\"16\"><b>Caracter\u00edsticas principales:<\/b><\/p>\n<ul data-path-to-node=\"17\">\n<li>\n<p data-path-to-node=\"17,0,0\"><b>Material:<\/b> 100% Fibra de bamb\u00fa.<\/p>\n<\/li>\n<li>\n<p data-path-to-node=\"17,1,0\"><b>Sentir:<\/b> Lujoso, suave y satinado.<\/p>\n<\/li>\n<li>\n<p data-path-to-node=\"17,2,0\"><b>Clasificaci\u00f3n ecol\u00f3gica:<\/b> Altamente renovable y biodegradable.<\/p>\n<\/li>\n<li>\n<p data-path-to-node=\"17,3,0\"><b>Uso:<\/b> Perfecto para acceso VIP, cumbres ecol\u00f3gicas y retiros de lujo.<\/p>\n<\/li>\n<\/ul>","protected":false},"excerpt":{"rendered":"<ul>\n<li>\n<p data-path-to-node=\"8,0,0\"><b>Material de primera calidad:<\/b> Elaborado con fibra de bamb\u00fa biodegradable 100% de r\u00e1pido crecimiento.<\/p>\n<\/li>\n<li>\n<p data-path-to-node=\"8,1,0\"><b>Comodidad sedosa:<\/b> La opci\u00f3n de pulsera m\u00e1s suave disponible; naturalmente antibacteriana e hipoalerg\u00e9nica.<\/p>\n<\/li>\n<li>\n<p data-path-to-node=\"8,2,0\"><b>Marca personalizada:<\/b> Disponible en versi\u00f3n tejida (bordado) o serigrafiada (coincidencia Pantone).<\/p>\n<\/li>\n<li>\n<p data-path-to-node=\"8,3,0\"><b>Sostenible:<\/b> Un recurso renovable que no requiere pesticidas para crecer.<\/p>\n<\/li>\n<\/ul>","protected":false},"featured_media":5828,"comment_status":"closed","ping_status":"closed","template":"","meta":[],"product_brand":[],"product_cat":[133,47],"product_tag":[],"class_list":{"0":"post-5816","1":"product","2":"type-product","3":"status-publish","4":"has-post-thumbnail","6":"product_cat-eco-friendly-wristbands","7":"product_cat-fabric-wristbands","9":"first","10":"instock","11":"shipping-taxable","12":"purchasable","13":"product-type-simple"},"_links":{"self":[{"href":"https:\/\/displayproducts.eu\/es\/wp-json\/wp\/v2\/product\/5816","targetHints":{"allow":["GET"]}}],"collection":[{"href":"https:\/\/displayproducts.eu\/es\/wp-json\/wp\/v2\/product"}],"about":[{"href":"https:\/\/displayproducts.eu\/es\/wp-json\/wp\/v2\/types\/product"}],"replies":[{"embeddable":true,"href":"https:\/\/displayproducts.eu\/es\/wp-json\/wp\/v2\/comments?post=5816"}],"wp:featuredmedia":[{"embeddable":true,"href":"https:\/\/displayproducts.eu\/es\/wp-json\/wp\/v2\/media\/5828"}],"wp:attachment":[{"href":"https:\/\/displayproducts.eu\/es\/wp-json\/wp\/v2\/media?parent=5816"}],"wp:term":[{"taxonomy":"product_brand","embeddable":true,"href":"https:\/\/displayproducts.eu\/es\/wp-json\/wp\/v2\/product_brand?post=5816"},{"taxonomy":"product_cat","embeddable":true,"href":"https:\/\/displayproducts.eu\/es\/wp-json\/wp\/v2\/product_cat?post=5816"},{"taxonomy":"product_tag","embeddable":true,"href":"https:\/\/displayproducts.eu\/es\/wp-json\/wp\/v2\/product_tag?post=5816"}],"curies":[{"name":"wp","href":"https:\/\/api.w.org\/{rel}","templated":true}]}}