{"id":5814,"date":"2025-12-11T12:06:41","date_gmt":"2025-12-11T09:06:41","guid":{"rendered":"https:\/\/wristbandfactory.eu\/?post_type=product&#038;p=5814"},"modified":"2026-04-01T21:52:35","modified_gmt":"2026-04-01T18:52:35","slug":"organic-cotton-wristbands-custom-woven-printed","status":"publish","type":"product","link":"https:\/\/displayproducts.eu\/es\/p\/organic-cotton-wristbands-custom-woven-printed\/","title":{"rendered":"Pulseras de tela (Algod\u00f3n) \u2013 Con logotipo"},"content":{"rendered":"<p data-path-to-node=\"11\"><b>La elecci\u00f3n natural para eventos sostenibles<\/b><\/p>\n<p data-path-to-node=\"12\">Eleve las credenciales ecol\u00f3gicas de su marca con nuestro <b>Pulseras de algod\u00f3n org\u00e1nico<\/b>. A diferencia de los materiales sint\u00e9ticos, estas correas est\u00e1n fabricadas con fibras naturales 100%, lo que ofrece un aspecto r\u00fastico mate y una sensaci\u00f3n excepcionalmente suave al tacto. Son la soluci\u00f3n perfecta para festivales de varios d\u00edas, retiros VIP y marcas que buscan proyectar una imagen &quot;libre de pl\u00e1stico&quot;.<\/p>\n<p data-path-to-node=\"13\"><b>La comodidad se une a la durabilidad<\/b> El algod\u00f3n es naturalmente transpirable e hipoalerg\u00e9nico, lo que lo convierte en la opci\u00f3n m\u00e1s c\u00f3moda para uso prolongado. No causa irritaci\u00f3n ni sudoraci\u00f3n, garantizando una experiencia premium para sus invitados.<\/p>\n<p data-path-to-node=\"14\"><b>Opciones de marca<\/b> Debido a la textura de la fibra natural, recomendamos dos m\u00e9todos de personalizaci\u00f3n distintos:<\/p>\n<ul data-path-to-node=\"15\">\n<li>\n<p data-path-to-node=\"15,0,0\"><b>Tejido (Bordado):<\/b> Su logotipo se cose directamente en la tela con hasta 8 colores de hilo. Esto crea un acabado duradero y de alta calidad que no se decolora.<\/p>\n<\/li>\n<li>\n<p data-path-to-node=\"15,1,0\"><b>Serigraf\u00eda:<\/b> Perfecto para combinar colores Pantone espec\u00edficos en la superficie de la pulsera.<\/p>\n<\/li>\n<\/ul>\n<p data-path-to-node=\"16\"><b>Hardware seguro y sostenible<\/b> Combina estas bandas naturales con nuestras <b>Cerradura ecol\u00f3gica de bamb\u00fa<\/b> (Compuesto de bamb\u00fa 50%) para crear una pulsera completamente ecol\u00f3gica. Tambi\u00e9n disponemos de deslizadores est\u00e1ndar de alta seguridad y cuentas de madera reutilizables.<\/p>\n<p data-path-to-node=\"17\"><b>Caracter\u00edsticas principales:<\/b><\/p>\n<ul data-path-to-node=\"18\">\n<li>\n<p data-path-to-node=\"18,0,0\"><b>Material:<\/b> 100% Algod\u00f3n org\u00e1nico.<\/p>\n<\/li>\n<li>\n<p data-path-to-node=\"18,1,0\"><b>Clasificaci\u00f3n ecol\u00f3gica:<\/b> Biodegradable y renovable.<\/p>\n<\/li>\n<li>\n<p data-path-to-node=\"18,2,0\"><b>Textura:<\/b> Acabado suave y mate (no brillante).<\/p>\n<\/li>\n<li>\n<p data-path-to-node=\"18,3,0\"><b>Dimensiones:<\/b> Est\u00e1ndar 340 mm x 15 mm.<\/p>\n<\/li>\n<\/ul>","protected":false},"excerpt":{"rendered":"<ul>\n<li>\n<p data-path-to-node=\"9,0,0\"><b>Material natural:<\/b> Fabricado con fibras de algod\u00f3n org\u00e1nico biodegradable 100%.<\/p>\n<\/li>\n<li>\n<p data-path-to-node=\"9,1,0\"><b>Comodidad Premium:<\/b> Suave, transpirable e hipoalerg\u00e9nico (ideal para pieles sensibles).<\/p>\n<\/li>\n<li>\n<p data-path-to-node=\"9,2,0\"><b>Marca personalizada:<\/b> Elija entre bordado de alta calidad (tejido) o serigraf\u00eda.<\/p>\n<\/li>\n<li>\n<p data-path-to-node=\"9,3,0\"><b>Sin pl\u00e1stico:<\/b> Una opci\u00f3n totalmente sostenible compatible con Bamboo Eco-Locks.<\/p>\n<\/li>\n<\/ul>","protected":false},"featured_media":5829,"comment_status":"closed","ping_status":"closed","template":"","meta":[],"product_brand":[],"product_cat":[133,47],"product_tag":[],"class_list":{"0":"post-5814","1":"product","2":"type-product","3":"status-publish","4":"has-post-thumbnail","6":"product_cat-eco-friendly-wristbands","7":"product_cat-fabric-wristbands","9":"first","10":"instock","11":"shipping-taxable","12":"purchasable","13":"product-type-simple"},"_links":{"self":[{"href":"https:\/\/displayproducts.eu\/es\/wp-json\/wp\/v2\/product\/5814","targetHints":{"allow":["GET"]}}],"collection":[{"href":"https:\/\/displayproducts.eu\/es\/wp-json\/wp\/v2\/product"}],"about":[{"href":"https:\/\/displayproducts.eu\/es\/wp-json\/wp\/v2\/types\/product"}],"replies":[{"embeddable":true,"href":"https:\/\/displayproducts.eu\/es\/wp-json\/wp\/v2\/comments?post=5814"}],"wp:featuredmedia":[{"embeddable":true,"href":"https:\/\/displayproducts.eu\/es\/wp-json\/wp\/v2\/media\/5829"}],"wp:attachment":[{"href":"https:\/\/displayproducts.eu\/es\/wp-json\/wp\/v2\/media?parent=5814"}],"wp:term":[{"taxonomy":"product_brand","embeddable":true,"href":"https:\/\/displayproducts.eu\/es\/wp-json\/wp\/v2\/product_brand?post=5814"},{"taxonomy":"product_cat","embeddable":true,"href":"https:\/\/displayproducts.eu\/es\/wp-json\/wp\/v2\/product_cat?post=5814"},{"taxonomy":"product_tag","embeddable":true,"href":"https:\/\/displayproducts.eu\/es\/wp-json\/wp\/v2\/product_tag?post=5814"}],"curies":[{"name":"wp","href":"https:\/\/api.w.org\/{rel}","templated":true}]}}