{"id":5810,"date":"2025-12-11T11:26:33","date_gmt":"2025-12-11T08:26:33","guid":{"rendered":"https:\/\/wristbandfactory.eu\/?post_type=product&#038;p=5810"},"modified":"2026-04-01T21:52:03","modified_gmt":"2026-04-01T18:52:03","slug":"recycled-fabric-wristbands-rpet-full-colour-printed","status":"publish","type":"product","link":"https:\/\/displayproducts.eu\/es\/p\/recycled-fabric-wristbands-rpet-full-colour-printed\/","title":{"rendered":"Pulseras de tela (rPET) \u2013 Con logotipo \/ Impreso"},"content":{"rendered":"<p data-path-to-node=\"10\"><b>Marca sostenible sin concesiones<\/b><\/p>\n<p data-path-to-node=\"11\">C\u00e1mbiate a una alternativa m\u00e1s ecol\u00f3gica con nuestra <b>Pulseras de tela reciclada (rPET)<\/b>. Dise\u00f1adas para festivales, conferencias y eventos corporativos, estas pulseras combinan una marca de alto impacto con responsabilidad ambiental.<\/p>\n<p data-path-to-node=\"12\"><b>De residuo a pulsera<\/b> A diferencia del poli\u00e9ster est\u00e1ndar, nuestras bandas de rPET se fabrican con hilo hilado a partir de botellas de pl\u00e1stico recicladas postconsumo certificadas. Este proceso reduce significativamente los residuos pl\u00e1sticos y las emisiones de carbono, a la vez que conserva la durabilidad y la suavidad satinada de la tela premium.<\/p>\n<p data-path-to-node=\"13\"><b>Personalizaci\u00f3n de alta definici\u00f3n<\/b> El acabado suave del material rPET est\u00e1 dise\u00f1ado para <b>impresi\u00f3n por sublimaci\u00f3n de tinta<\/b>. Esto permite imprimir detalles fotorrealistas, degradados y logotipos intrincados de patrocinadores de borde a borde en ambos lados de la pulsera.<\/p>\n<p data-path-to-node=\"14\"><b>Mecanismos de bloqueo para cada necesidad<\/b> Personaliza tu nivel de seguridad con nuestra amplia gama de cierres:<\/p>\n<ul data-path-to-node=\"15\">\n<li>\n<p data-path-to-node=\"15,0,0\"><b>Controles deslizantes de alta seguridad:<\/b> Controles deslizantes de bloqueo preinstalados (dientes o unidireccionales) para un estricto control de acceso.<\/p>\n<\/li>\n<li>\n<p data-path-to-node=\"15,1,0\"><b>Cerraduras ecol\u00f3gicas de bamb\u00fa:<\/b> Una opci\u00f3n 50% con menos pl\u00e1stico para combinar con la banda sustentable.<\/p>\n<\/li>\n<li>\n<p data-path-to-node=\"15,2,0\"><b>Conmutadores reutilizables:<\/b> Cuentas ajustables para pases de personal o obsequios promocionales.<\/p>\n<\/li>\n<\/ul>\n<p data-path-to-node=\"16\"><b>Caracter\u00edsticas principales:<\/b><\/p>\n<ul data-path-to-node=\"17\">\n<li>\n<p data-path-to-node=\"17,0,0\"><b>Material:<\/b> 100% Tereftalato de polietileno reciclado (rPET).<\/p>\n<\/li>\n<li>\n<p data-path-to-node=\"17,1,0\"><b>M\u00e9todo de impresi\u00f3n:<\/b> Sublimaci\u00f3n CMYK a todo color (anverso y reverso).<\/p>\n<\/li>\n<li>\n<p data-path-to-node=\"17,2,0\"><b>Tama\u00f1o:<\/b> Est\u00e1ndar 340 mm x 15 mm (tama\u00f1os personalizados disponibles).<\/p>\n<\/li>\n<li>\n<p data-path-to-node=\"17,3,0\"><b>Embalaje:<\/b> Envasado a granel en bolsas de polietileno de 50 piezas para una f\u00e1cil distribuci\u00f3n.<\/p>\n<\/li>\n<\/ul>","protected":false},"excerpt":{"rendered":"<ul>\n<li>\n<p data-path-to-node=\"8,0,0\"><b>Ecol\u00f3gico:<\/b> Fabricado a partir de botellas de pl\u00e1stico PET 100% recicladas (rPET).<\/p>\n<\/li>\n<li>\n<p data-path-to-node=\"8,1,0\"><b>Impresi\u00f3n vibrante:<\/b> Sublimaci\u00f3n a todo color de borde a borde para dise\u00f1os complejos.<\/p>\n<\/li>\n<li>\n<p data-path-to-node=\"8,2,0\"><b>Seguro y flexible:<\/b> Posibilidad de elecci\u00f3n entre cerraduras de seguridad de un solo uso o cuentas reutilizables.<\/p>\n<\/li>\n<li>\n<p data-path-to-node=\"8,3,0\"><b>Producci\u00f3n r\u00e1pida:<\/b> Empaquetado a granel y listo para fechas l\u00edmite de eventos urgentes.<\/p>\n<\/li>\n<\/ul>","protected":false},"featured_media":5830,"comment_status":"closed","ping_status":"closed","template":"","meta":[],"product_brand":[],"product_cat":[133,47],"product_tag":[],"class_list":{"0":"post-5810","1":"product","2":"type-product","3":"status-publish","4":"has-post-thumbnail","6":"product_cat-eco-friendly-wristbands","7":"product_cat-fabric-wristbands","9":"first","10":"instock","11":"shipping-taxable","12":"purchasable","13":"product-type-simple"},"_links":{"self":[{"href":"https:\/\/displayproducts.eu\/es\/wp-json\/wp\/v2\/product\/5810","targetHints":{"allow":["GET"]}}],"collection":[{"href":"https:\/\/displayproducts.eu\/es\/wp-json\/wp\/v2\/product"}],"about":[{"href":"https:\/\/displayproducts.eu\/es\/wp-json\/wp\/v2\/types\/product"}],"replies":[{"embeddable":true,"href":"https:\/\/displayproducts.eu\/es\/wp-json\/wp\/v2\/comments?post=5810"}],"wp:featuredmedia":[{"embeddable":true,"href":"https:\/\/displayproducts.eu\/es\/wp-json\/wp\/v2\/media\/5830"}],"wp:attachment":[{"href":"https:\/\/displayproducts.eu\/es\/wp-json\/wp\/v2\/media?parent=5810"}],"wp:term":[{"taxonomy":"product_brand","embeddable":true,"href":"https:\/\/displayproducts.eu\/es\/wp-json\/wp\/v2\/product_brand?post=5810"},{"taxonomy":"product_cat","embeddable":true,"href":"https:\/\/displayproducts.eu\/es\/wp-json\/wp\/v2\/product_cat?post=5810"},{"taxonomy":"product_tag","embeddable":true,"href":"https:\/\/displayproducts.eu\/es\/wp-json\/wp\/v2\/product_tag?post=5810"}],"curies":[{"name":"wp","href":"https:\/\/api.w.org\/{rel}","templated":true}]}}