{"id":5780,"date":"2025-12-10T15:24:17","date_gmt":"2025-12-10T12:24:17","guid":{"rendered":"https:\/\/wristbandfactory.eu\/?post_type=product&#038;p=5780"},"modified":"2026-04-01T21:52:35","modified_gmt":"2026-04-01T18:52:35","slug":"custom-neoprene-lanyards-ultra-soft-cushioned","status":"publish","type":"product","link":"https:\/\/displayproducts.eu\/es\/p\/custom-neoprene-lanyards-ultra-soft-cushioned\/","title":{"rendered":"Lanyards de neopreno personalizados"},"content":{"rendered":"<p data-path-to-node=\"11\">Experimente una comodidad superior con nuestro <b>Cintas de cuello de neopreno personalizados<\/b>. Si su personal o asistentes se quejan de que las correas delgadas les rozan el cuello, esta es la mejora premium que necesita.<\/p>\n<p data-path-to-node=\"12\"><b>Construido como un traje de neopreno<\/b> Fabricados con neopreno de alta calidad, estos cintas de cuello son suaves, flexibles y resistentes al sudor. El material tiene un grosor natural (n\u00facleo esponjoso) que absorbe los impactos, lo que los convierte en la opci\u00f3n preferida de entrenadores de gimnasio, gu\u00edas de aventuras al aire libre y personal de mantenimiento que lleva llaves pesadas.<\/p>\n<p data-path-to-node=\"13\"><b>Deportivo y profesional<\/b> Su aspecto es claramente deportivo y profesional. Los bordes est\u00e1n rematados con costuras a juego o en contraste, lo que le da al cord\u00f3n un aspecto sofisticado y personalizado. Ya sea que elija un estampado llamativo o un elegante logotipo corporativo, el resultado siempre ser\u00e1 llamativo.<\/p>\n<p data-path-to-node=\"14\"><b>Caracter\u00edsticas principales:<\/b><\/p>\n<ul data-path-to-node=\"15\">\n<li>\n<p data-path-to-node=\"15,0,0\"><b>Material:<\/b> Neopreno suave con revestimiento de tela.<\/p>\n<\/li>\n<li>\n<p data-path-to-node=\"15,1,0\"><b>Construcci\u00f3n:<\/b> En forma de tubo o plana con bordes cosidos.<\/p>\n<\/li>\n<li>\n<p data-path-to-node=\"15,2,0\"><b>Archivos adjuntos:<\/b> Ganchos de metal de alta resistencia, juntas t\u00f3ricas y hebillas desmontables.<\/p>\n<\/li>\n<li>\n<p data-path-to-node=\"15,3,0\"><b>Seguridad:<\/b> Hebillas de pl\u00e1stico separables disponibles.<\/p>\n<\/li>\n<\/ul>","protected":false},"excerpt":{"rendered":"<ul>\n<li>\n<p data-path-to-node=\"9,0,0\"><b>M\u00e1xima comodidad:<\/b> Fabricado en neopreno esponjoso (material de traje de neopreno) que proporciona una sensaci\u00f3n de amortiguaci\u00f3n, evitando la irritaci\u00f3n del cuello incluso con cargas pesadas.<\/p>\n<\/li>\n<li>\n<p data-path-to-node=\"9,1,0\"><b>Acabado duradero:<\/b> Cuenta con bordes cosidos reforzados (overlock) para evitar que se deshilache y prolongar la vida \u00fatil del producto.<\/p>\n<\/li>\n<li>\n<p data-path-to-node=\"9,2,0\"><b>Trabajo pesado:<\/b> Su perfil grueso lo hace ideal para transportar juegos de llaves pesados, herramientas o dispositivos electr\u00f3nicos grandes sin cortar la piel.<\/p>\n<\/li>\n<li>\n<p data-path-to-node=\"9,3,0\"><b>Marca vibrante:<\/b> Disponible con serigraf\u00eda n\u00edtida o sublimaci\u00f3n a todo color para patrones como el estampado de leopardo.<\/p>\n<\/li>\n<\/ul>","protected":false},"featured_media":5797,"comment_status":"closed","ping_status":"closed","template":"","meta":[],"product_brand":[],"product_cat":[104,108,118],"product_tag":[],"class_list":{"0":"post-5780","1":"product","2":"type-product","3":"status-publish","4":"has-post-thumbnail","6":"product_cat-custom-printed-lanyards","7":"product_cat-multifunctional-lanyards","8":"product_cat-sports-fitness","10":"first","11":"instock","12":"shipping-taxable","13":"purchasable","14":"product-type-simple"},"_links":{"self":[{"href":"https:\/\/displayproducts.eu\/es\/wp-json\/wp\/v2\/product\/5780","targetHints":{"allow":["GET"]}}],"collection":[{"href":"https:\/\/displayproducts.eu\/es\/wp-json\/wp\/v2\/product"}],"about":[{"href":"https:\/\/displayproducts.eu\/es\/wp-json\/wp\/v2\/types\/product"}],"replies":[{"embeddable":true,"href":"https:\/\/displayproducts.eu\/es\/wp-json\/wp\/v2\/comments?post=5780"}],"wp:featuredmedia":[{"embeddable":true,"href":"https:\/\/displayproducts.eu\/es\/wp-json\/wp\/v2\/media\/5797"}],"wp:attachment":[{"href":"https:\/\/displayproducts.eu\/es\/wp-json\/wp\/v2\/media?parent=5780"}],"wp:term":[{"taxonomy":"product_brand","embeddable":true,"href":"https:\/\/displayproducts.eu\/es\/wp-json\/wp\/v2\/product_brand?post=5780"},{"taxonomy":"product_cat","embeddable":true,"href":"https:\/\/displayproducts.eu\/es\/wp-json\/wp\/v2\/product_cat?post=5780"},{"taxonomy":"product_tag","embeddable":true,"href":"https:\/\/displayproducts.eu\/es\/wp-json\/wp\/v2\/product_tag?post=5780"}],"curies":[{"name":"wp","href":"https:\/\/api.w.org\/{rel}","templated":true}]}}