{"id":5772,"date":"2025-12-10T15:15:03","date_gmt":"2025-12-10T12:15:03","guid":{"rendered":"https:\/\/wristbandfactory.eu\/?post_type=product&#038;p=5772"},"modified":"2026-04-01T21:52:35","modified_gmt":"2026-04-01T18:52:35","slug":"custom-printed-suspenders-branded-y-back-braces","status":"publish","type":"product","link":"https:\/\/displayproducts.eu\/es\/p\/custom-printed-suspenders-branded-y-back-braces\/","title":{"rendered":"Tirantes personalizados \u2013 Forma de Y"},"content":{"rendered":"<p data-path-to-node=\"12\">Agregue un toque de clase a su uniforme corporativo o l\u00ednea de productos con nuestro <b>Tirantes con impresi\u00f3n personalizada<\/b>. Ya sea para el personal de un bar moderno, un equipo de construcci\u00f3n o una marca de moda, estos tirantes ofrecen una alternativa funcional y elegante a los cinturones.<\/p>\n<p data-path-to-node=\"13\"><b>Dise\u00f1ado para trabajar y divertirse<\/b> Nuestros tirantes est\u00e1n fabricados con cinta el\u00e1stica de alta calidad que conserva su elasticidad con el tiempo. Los herrajes met\u00e1licos son lo suficientemente robustos para ropa de trabajo industrial, pero lo suficientemente pulidos para eventos formales.<\/p>\n<p data-path-to-node=\"14\"><b>Opciones de marca:<\/b><\/p>\n<ol start=\"1\" data-path-to-node=\"15\">\n<li>\n<p data-path-to-node=\"15,0,0\"><b>El\u00e1stico tejido:<\/b> El logotipo se teje directamente en la tela para lograr un aspecto texturizado de primera calidad (por ejemplo, patrones de rayas).<\/p>\n<\/li>\n<li>\n<p data-path-to-node=\"15,1,0\"><b>Estampado de cuero:<\/b> Un logotipo sutil y sofisticado estampado en la pieza trasera de cuero.<\/p>\n<\/li>\n<\/ol>\n<p data-path-to-node=\"16\"><b>Casos de uso recomendados:<\/b><\/p>\n<ul data-path-to-node=\"17\">\n<li>\n<p data-path-to-node=\"17,0,0\"><b>Uniformes de hospitalidad:<\/b> Camareros y bartenders.<\/p>\n<\/li>\n<li>\n<p data-path-to-node=\"17,1,0\"><b>Construcci\u00f3n y Comercio:<\/b> Soporte para cintur\u00f3n de herramientas de alta visibilidad o de uso intensivo.<\/p>\n<\/li>\n<li>\n<p data-path-to-node=\"17,2,0\"><b>Regalos corporativos:<\/b> Un accesorio \u00fanico para eventos de team building o de golf.<\/p>\n<\/li>\n<\/ul>\n<p data-path-to-node=\"18\"><b>Caracter\u00edsticas principales:<\/b><\/p>\n<ul data-path-to-node=\"19\">\n<li>\n<p data-path-to-node=\"19,0,0\"><b>Material:<\/b> Poli\u00e9ster el\u00e1stico de alta densidad.<\/p>\n<\/li>\n<li>\n<p data-path-to-node=\"19,1,0\"><b>Estilo de espalda:<\/b> En forma de Y con parche de cuero.<\/p>\n<\/li>\n<li>\n<p data-path-to-node=\"19,2,0\"><b>Clips:<\/b> 3 o 4 clips met\u00e1licos (acabado n\u00edquel o negro).<\/p>\n<\/li>\n<li>\n<p data-path-to-node=\"19,3,0\"><b>Ancho:<\/b> Est\u00e1ndar de 25 mm, 35 mm o 50 mm.<\/p>\n<\/li>\n<\/ul>","protected":false},"excerpt":{"rendered":"<ul>\n<li>\n<p data-path-to-node=\"10,0,0\"><b>Dise\u00f1o cl\u00e1sico:<\/b> Construcci\u00f3n tradicional con espalda en Y o X con un parche cruzado de cuero de primera calidad para mayor durabilidad y estilo.<\/p>\n<\/li>\n<li>\n<p data-path-to-node=\"10,1,0\"><b>Agarre fuerte:<\/b> Equipado con clips de metal de alta resistencia que sujetan los pantalones de forma segura sin da\u00f1ar la tela.<\/p>\n<\/li>\n<li>\n<p data-path-to-node=\"10,2,0\"><b>Totalmente ajustable:<\/b> Cuenta con ajustadores deslizantes de metal para garantizar un ajuste c\u00f3modo para cualquier altura.<\/p>\n<\/li>\n<li>\n<p data-path-to-node=\"10,3,0\"><b>Marca personalizada:<\/b> Su logotipo puede tejerse en la cinta el\u00e1stica (Jacquard) o grabarse en relieve en el parche posterior de cuero.<\/p>\n<\/li>\n<\/ul>","protected":false},"featured_media":5808,"comment_status":"closed","ping_status":"closed","template":"","meta":[],"product_brand":[],"product_cat":[127],"product_tag":[],"class_list":{"0":"post-5772","1":"product","2":"type-product","3":"status-publish","4":"has-post-thumbnail","6":"product_cat-custom-straps-belts","8":"first","9":"instock","10":"shipping-taxable","11":"product-type-simple"},"_links":{"self":[{"href":"https:\/\/displayproducts.eu\/es\/wp-json\/wp\/v2\/product\/5772","targetHints":{"allow":["GET"]}}],"collection":[{"href":"https:\/\/displayproducts.eu\/es\/wp-json\/wp\/v2\/product"}],"about":[{"href":"https:\/\/displayproducts.eu\/es\/wp-json\/wp\/v2\/types\/product"}],"replies":[{"embeddable":true,"href":"https:\/\/displayproducts.eu\/es\/wp-json\/wp\/v2\/comments?post=5772"}],"wp:featuredmedia":[{"embeddable":true,"href":"https:\/\/displayproducts.eu\/es\/wp-json\/wp\/v2\/media\/5808"}],"wp:attachment":[{"href":"https:\/\/displayproducts.eu\/es\/wp-json\/wp\/v2\/media?parent=5772"}],"wp:term":[{"taxonomy":"product_brand","embeddable":true,"href":"https:\/\/displayproducts.eu\/es\/wp-json\/wp\/v2\/product_brand?post=5772"},{"taxonomy":"product_cat","embeddable":true,"href":"https:\/\/displayproducts.eu\/es\/wp-json\/wp\/v2\/product_cat?post=5772"},{"taxonomy":"product_tag","embeddable":true,"href":"https:\/\/displayproducts.eu\/es\/wp-json\/wp\/v2\/product_tag?post=5772"}],"curies":[{"name":"wp","href":"https:\/\/api.w.org\/{rel}","templated":true}]}}