{"id":5765,"date":"2025-12-10T15:10:44","date_gmt":"2025-12-10T12:10:44","guid":{"rendered":"https:\/\/wristbandfactory.eu\/?post_type=product&#038;p=5765"},"modified":"2026-04-01T21:52:35","modified_gmt":"2026-04-01T18:52:35","slug":"custom-printed-shoelaces-flat-round-sneaker-laces","status":"publish","type":"product","link":"https:\/\/displayproducts.eu\/es\/p\/custom-printed-shoelaces-flat-round-sneaker-laces\/","title":{"rendered":"Cintas de cuello de zapatos personalizados \u2013 Planos y redondos"},"content":{"rendered":"<p data-path-to-node=\"12\">Convierte cada paso en una oportunidad de marca con nuestro <b>Cintas de cuello de zapatos impresos personalizados<\/b>. Ya sea para un equipo de marat\u00f3n corporativo, el lanzamiento de una marca de zapatillas o productos universitarios exclusivos, estos cintas de cuello ofrecen una forma divertida y funcional de mostrar su logotipo.<\/p>\n<p data-path-to-node=\"13\"><b>Estilos para combinar con tu zapato:<\/b><\/p>\n<ol start=\"1\" data-path-to-node=\"14\">\n<li>\n<p data-path-to-node=\"14,0,0\"><b>Cintas de cuello planos:<\/b> El est\u00e1ndar para zapatillas deportivas y de skate. Ofrecen una pantalla ancha (8 mm \u2013 15 mm), perfecta para leer textos y logotipos con claridad a distancia.<\/p>\n<\/li>\n<li>\n<p data-path-to-node=\"14,1,0\"><b>Cintas de cuello redondos:<\/b> Ideal para zapatillas de running, botas y sudaderas. La marca suele ir tejida o impresa en las puntas para un acabado sutil y de calidad comercial.<\/p>\n<\/li>\n<\/ol>\n<p data-path-to-node=\"15\"><b>Aglets personalizados (puntas)<\/b> Dale un toque de distinci\u00f3n imprimiendo el nombre de tu marca o sitio web directamente en las puntas de pl\u00e1stico o metal de los cintas de cuello. Este detalle a\u00f1ade un valor percibido significativo al producto.<\/p>\n<p data-path-to-node=\"16\"><b>Casos de uso recomendados:<\/b><\/p>\n<ul data-path-to-node=\"17\">\n<li>\n<p data-path-to-node=\"17,0,0\"><b>Maratones y carreras de 5 km:<\/b> Incl\u00fayalos en la \u201cbolsa de regalos\u201d para los participantes.\u201d<\/p>\n<\/li>\n<li>\n<p data-path-to-node=\"17,1,0\"><b>Bienestar del empleado:<\/b> Ideal para \u201cDesaf\u00edos de conteo de pasos\u201d.\u201d<\/p>\n<\/li>\n<li>\n<p data-path-to-node=\"17,2,0\"><b>Moda y venta minorista:<\/b> V\u00e9ndelos como accesorio independiente o como regalo con la compra.<\/p>\n<\/li>\n<\/ul>\n<p data-path-to-node=\"18\"><b>Caracter\u00edsticas principales:<\/b><\/p>\n<ul data-path-to-node=\"19\">\n<li>\n<p data-path-to-node=\"19,0,0\"><b>Material:<\/b> Poli\u00e9ster duradero.<\/p>\n<\/li>\n<li>\n<p data-path-to-node=\"19,1,0\"><b>Longitud:<\/b> Tama\u00f1os est\u00e1ndar (90cm, 120cm, 140cm) o personalizados.<\/p>\n<\/li>\n<li>\n<p data-path-to-node=\"19,2,0\"><b>Imprimir:<\/b> Transferencia de calor (sublimaci\u00f3n) o serigraf\u00eda.<\/p>\n<\/li>\n<li>\n<p data-path-to-node=\"19,3,0\"><b>Embalaje:<\/b> Los pares generalmente se empaquetan en una bolsa de polietileno transparente o en un encabezado de tarjeta personalizado.<\/p>\n<\/li>\n<\/ul>","protected":false},"excerpt":{"rendered":"<ul>\n<li>\n<p data-path-to-node=\"10,0,0\"><b>Totalmente personalizable:<\/b> Disponible en estilo plano cl\u00e1sico para patrones llamativos de todo color o en estilo de cord\u00f3n redondo para una apariencia deportiva.<\/p>\n<\/li>\n<li>\n<p data-path-to-node=\"10,1,0\"><b>Marca de extremo a extremo:<\/b> Podemos imprimir su logotipo a lo largo de todo el cord\u00f3n e incluso personalizar las puntas de pl\u00e1stico o metal (aglets).<\/p>\n<\/li>\n<li>\n<p data-path-to-node=\"10,2,0\"><b>Dise\u00f1os vibrantes:<\/b> Utilizando la impresi\u00f3n por sublimaci\u00f3n, podemos lograr gr\u00e1ficos detallados como corazones, dibujos animados o degradados complejos.<\/p>\n<\/li>\n<li>\n<p data-path-to-node=\"10,3,0\"><b>Listo para el evento:<\/b> Un obsequio de gran valor para carreras ben\u00e9ficas, equipos deportivos y convenciones de zapatillas que los destinatarios realmente usan.<\/p>\n<\/li>\n<\/ul>","protected":false},"featured_media":5839,"comment_status":"closed","ping_status":"closed","template":"","meta":[],"product_brand":[],"product_cat":[127],"product_tag":[],"class_list":{"0":"post-5765","1":"product","2":"type-product","3":"status-publish","4":"has-post-thumbnail","6":"product_cat-custom-straps-belts","8":"first","9":"instock","10":"shipping-taxable","11":"product-type-simple"},"_links":{"self":[{"href":"https:\/\/displayproducts.eu\/es\/wp-json\/wp\/v2\/product\/5765","targetHints":{"allow":["GET"]}}],"collection":[{"href":"https:\/\/displayproducts.eu\/es\/wp-json\/wp\/v2\/product"}],"about":[{"href":"https:\/\/displayproducts.eu\/es\/wp-json\/wp\/v2\/types\/product"}],"replies":[{"embeddable":true,"href":"https:\/\/displayproducts.eu\/es\/wp-json\/wp\/v2\/comments?post=5765"}],"wp:featuredmedia":[{"embeddable":true,"href":"https:\/\/displayproducts.eu\/es\/wp-json\/wp\/v2\/media\/5839"}],"wp:attachment":[{"href":"https:\/\/displayproducts.eu\/es\/wp-json\/wp\/v2\/media?parent=5765"}],"wp:term":[{"taxonomy":"product_brand","embeddable":true,"href":"https:\/\/displayproducts.eu\/es\/wp-json\/wp\/v2\/product_brand?post=5765"},{"taxonomy":"product_cat","embeddable":true,"href":"https:\/\/displayproducts.eu\/es\/wp-json\/wp\/v2\/product_cat?post=5765"},{"taxonomy":"product_tag","embeddable":true,"href":"https:\/\/displayproducts.eu\/es\/wp-json\/wp\/v2\/product_tag?post=5765"}],"curies":[{"name":"wp","href":"https:\/\/api.w.org\/{rel}","templated":true}]}}