{"id":5760,"date":"2025-12-10T15:00:54","date_gmt":"2025-12-10T12:00:54","guid":{"rendered":"https:\/\/wristbandfactory.eu\/?post_type=product&#038;p=5760"},"modified":"2026-04-01T21:52:35","modified_gmt":"2026-04-01T18:52:35","slug":"custom-faux-fur-lanyards-fluffy-fashion-strap","status":"publish","type":"product","link":"https:\/\/displayproducts.eu\/es\/p\/custom-faux-fur-lanyards-fluffy-fashion-strap\/","title":{"rendered":"Lanyards de peluche \u2013 Piel sint\u00e9tica suave"},"content":{"rendered":"<p data-path-to-node=\"11\">Haga una declaraci\u00f3n audaz con nuestro <b>Cintas de cuello de piel sint\u00e9tica personalizados<\/b>. M\u00e1s all\u00e1 de la utilidad, estos cintas de cuello son verdaderos accesorios de moda dise\u00f1ados para mantener su marca visible de la manera m\u00e1s elegante posible.<\/p>\n<p data-path-to-node=\"12\"><b>El factor &quot;esponjoso&quot;<\/b> A diferencia de las cintas planas de poli\u00e9ster, estos cintas de cuello est\u00e1n confeccionados con un suave tejido tubular de piel sint\u00e9tica. Se sienten como una bufanda al cuello, lo que los hace incre\u00edblemente c\u00f3modos para usar todo el d\u00eda en festivales de invierno o eventos VIP.<\/p>\n<p data-path-to-node=\"13\"><b>Soluciones de marca inteligentes<\/b> Debido a que el pelaje largo oculta la tinta, utilizamos <b>etiquetas de marca adjuntas<\/b>.<\/p>\n<ul data-path-to-node=\"14\">\n<li>\n<p data-path-to-node=\"14,0,0\"><b>Etiquetas tejidas:<\/b> Una etiqueta de tela de alta calidad cosida en la piel (como en la ropa).<\/p>\n<\/li>\n<li>\n<p data-path-to-node=\"14,1,0\"><b>Parches de PVC\/Caucho:<\/b> Para una apariencia 3D moderna. Este m\u00e9todo garantiza que su logotipo se mantenga legible y n\u00edtido, conservando la est\u00e9tica premium y esponjosa del producto.<\/p>\n<\/li>\n<\/ul>\n<p data-path-to-node=\"15\"><b>Casos de uso recomendados:<\/b><\/p>\n<ul data-path-to-node=\"16\">\n<li>\n<p data-path-to-node=\"16,0,0\"><b>Merchandising de ropa urbana:<\/b> Art\u00edculos de alto valor percibido para venta minorista.<\/p>\n<\/li>\n<li>\n<p data-path-to-node=\"16,1,0\"><b>Eventos de esqu\u00ed y snowboard:<\/b> Ideal para ambientes fr\u00edos.<\/p>\n<\/li>\n<li>\n<p data-path-to-node=\"16,2,0\"><b>Agencias creativas:<\/b> Un regalo \u00fanico que se distingue de los aburridos suministros de oficina.<\/p>\n<\/li>\n<\/ul>\n<p data-path-to-node=\"17\"><b>Caracter\u00edsticas principales:<\/b><\/p>\n<ul data-path-to-node=\"18\">\n<li>\n<p data-path-to-node=\"18,0,0\"><b>Material:<\/b> 100% Piel sint\u00e9tica sint\u00e9tica (poli\u00e9ster).<\/p>\n<\/li>\n<li>\n<p data-path-to-node=\"18,1,0\"><b>Estilo:<\/b> Perfil tubular\/redondo.<\/p>\n<\/li>\n<li>\n<p data-path-to-node=\"18,2,0\"><b>M\u00e9todo del logotipo:<\/b> Etiqueta o parche tejido.<\/p>\n<\/li>\n<li>\n<p data-path-to-node=\"18,3,0\"><b>Archivos adjuntos:<\/b> Gancho de langosta de metal o anilla partida.<\/p>\n<\/li>\n<\/ul>","protected":false},"excerpt":{"rendered":"<ul>\n<li>\n<p data-path-to-node=\"9,0,0\"><b>Textura ultra esponjosa:<\/b> Fabricado con un tubo de piel sint\u00e9tica de felpa que ofrece una experiencia t\u00e1ctil \u00fanica y lujosa.<\/p>\n<\/li>\n<li>\n<p data-path-to-node=\"9,1,0\"><b>Marca de etiqueta tejida:<\/b> Como la piel no se puede imprimir directamente, su logotipo se cose en una etiqueta tejida de primera calidad o en un parche adherido a la correa.<\/p>\n<\/li>\n<li>\n<p data-path-to-node=\"9,2,0\"><b>Moda de vanguardia:<\/b> Una opci\u00f3n popular para marcas de ropa urbana, estaciones de esqu\u00ed y personas influyentes que buscan productos destacados.<\/p>\n<\/li>\n<li>\n<p data-path-to-node=\"9,3,0\"><b>Colores vibrantes:<\/b> Disponible en blanco\/negro cl\u00e1sico o patrones te\u00f1idos personalizados (por ejemplo, azul\/violeta \u201cMonstruo\u201d) para combinar con temas espec\u00edficos.<\/p>\n<\/li>\n<\/ul>","protected":false},"featured_media":5845,"comment_status":"closed","ping_status":"closed","template":"","meta":[],"product_brand":[],"product_cat":[104,108,121],"product_tag":[],"class_list":{"0":"post-5760","1":"product","2":"type-product","3":"status-publish","4":"has-post-thumbnail","6":"product_cat-custom-printed-lanyards","7":"product_cat-multifunctional-lanyards","8":"product_cat-promotional-merchandise","10":"first","11":"instock","12":"shipping-taxable","13":"product-type-simple"},"_links":{"self":[{"href":"https:\/\/displayproducts.eu\/es\/wp-json\/wp\/v2\/product\/5760","targetHints":{"allow":["GET"]}}],"collection":[{"href":"https:\/\/displayproducts.eu\/es\/wp-json\/wp\/v2\/product"}],"about":[{"href":"https:\/\/displayproducts.eu\/es\/wp-json\/wp\/v2\/types\/product"}],"replies":[{"embeddable":true,"href":"https:\/\/displayproducts.eu\/es\/wp-json\/wp\/v2\/comments?post=5760"}],"wp:featuredmedia":[{"embeddable":true,"href":"https:\/\/displayproducts.eu\/es\/wp-json\/wp\/v2\/media\/5845"}],"wp:attachment":[{"href":"https:\/\/displayproducts.eu\/es\/wp-json\/wp\/v2\/media?parent=5760"}],"wp:term":[{"taxonomy":"product_brand","embeddable":true,"href":"https:\/\/displayproducts.eu\/es\/wp-json\/wp\/v2\/product_brand?post=5760"},{"taxonomy":"product_cat","embeddable":true,"href":"https:\/\/displayproducts.eu\/es\/wp-json\/wp\/v2\/product_cat?post=5760"},{"taxonomy":"product_tag","embeddable":true,"href":"https:\/\/displayproducts.eu\/es\/wp-json\/wp\/v2\/product_tag?post=5760"}],"curies":[{"name":"wp","href":"https:\/\/api.w.org\/{rel}","templated":true}]}}