{"id":5753,"date":"2025-12-10T14:54:23","date_gmt":"2025-12-10T11:54:23","guid":{"rendered":"https:\/\/wristbandfactory.eu\/?post_type=product&#038;p=5753"},"modified":"2026-04-01T21:52:35","modified_gmt":"2026-04-01T18:52:35","slug":"high-visibility-reflective-strip-lanyards-safety-wear","status":"publish","type":"product","link":"https:\/\/displayproducts.eu\/es\/p\/high-visibility-reflective-strip-lanyards-safety-wear\/","title":{"rendered":"Lanyards de alta visibilidad \u2013 Banda reflectante"},"content":{"rendered":"<p data-path-to-node=\"14\">Priorice la seguridad sin sacrificar la marca con nuestra <b>Cintas de cuello con tiras reflectantes de alta visibilidad<\/b>. A diferencia de los cintas de cuello est\u00e1ndar con sutiles hilos reflectantes, este modelo resistente presenta una prominente capa reflectante plateada fusionada a la tela, que ofrece m\u00e1xima reflexi\u00f3n, similar a la del equipo de seguridad profesional.<\/p>\n<p data-path-to-node=\"15\"><b>Dise\u00f1ado para uso industrial y nocturno<\/b> Este es el est\u00e1ndar de la industria para <b>sitios de construcci\u00f3n, personal de tierra del aeropuerto y personal de seguridad<\/b>. Al ser iluminada por los faros de un autom\u00f3vil o linternas, la franja central se ilumina intensamente, garantizando que su personal o los asistentes al evento sean vistos desde la distancia.<\/p>\n<p data-path-to-node=\"16\"><b>Construcci\u00f3n duradera<\/b> El material reflectante est\u00e1 adherido a una resistente capa base de poli\u00e9ster. Este dise\u00f1o bicolor (color + plateado) no solo tiene un aspecto profesional, sino que tambi\u00e9n aumenta su durabilidad. Recomendamos encarecidamente a\u00f1adir... <b>Hebilla de seguridad de seguridad<\/b> a este producto para el cumplimiento de las normas de seguridad en el lugar de trabajo.<\/p>\n<p data-path-to-node=\"17\"><b>Casos de uso recomendados:<\/b><\/p>\n<ul data-path-to-node=\"18\">\n<li>\n<p data-path-to-node=\"18,0,0\"><b>Construcci\u00f3n y Log\u00edstica:<\/b> Es obligatorio llevar documento de identidad a los trabajadores que trabajan en el lugar.<\/p>\n<\/li>\n<li>\n<p data-path-to-node=\"18,1,0\"><b>Festivales nocturnos:<\/b> Mantener a los asistentes seguros y visibles en multitudes oscuras.<\/p>\n<\/li>\n<li>\n<p data-path-to-node=\"18,2,0\"><b>Escuelas:<\/b> Visibilidad para los ni\u00f1os en las excursiones durante los meses de invierno.<\/p>\n<\/li>\n<\/ul>\n<p data-path-to-node=\"19\"><b>Caracter\u00edsticas principales:<\/b><\/p>\n<ul data-path-to-node=\"20\">\n<li>\n<p data-path-to-node=\"20,0,0\"><b>Material:<\/b> Cinta de poli\u00e9ster + cinta reflectante laminada.<\/p>\n<\/li>\n<li>\n<p data-path-to-node=\"20,1,0\"><b>Efecto:<\/b> Fuerte reflejo de flash (base plateada\/gris).<\/p>\n<\/li>\n<li>\n<p data-path-to-node=\"20,2,0\"><b>Ancho:<\/b> Normalmente 15 mm o 20 mm.<\/p>\n<\/li>\n<li>\n<p data-path-to-node=\"20,3,0\"><b>Imprimir:<\/b> Serigraf\u00eda sobre la capa reflectante.<\/p>\n<\/li>\n<\/ul>","protected":false},"excerpt":{"rendered":"<ul>\n<li>\n<p data-path-to-node=\"12,0,0\"><b>Alta visibilidad:<\/b> Cuenta con una amplia franja reflectante gris laminada que corre por el centro, similar a los chalecos de seguridad, que refleja la luz intensamente en la oscuridad.<\/p>\n<\/li>\n<li>\n<p data-path-to-node=\"12,1,0\"><b>Seguridad diurna y nocturna:<\/b> La base de color brillante (amarillo, naranja, azul) funciona para la visibilidad durante el d\u00eda, mientras que la tira plateada protege durante la noche.<\/p>\n<\/li>\n<li>\n<p data-path-to-node=\"12,2,0\"><b>Escapada de seguridad:<\/b> Esencial para uso industrial; generalmente equipado con una hebilla de seguridad para evitar accidentes por asfixia.<\/p>\n<\/li>\n<li>\n<p data-path-to-node=\"12,3,0\"><b>Marca personalizada:<\/b> Su logotipo puede serigrafiarse directamente sobre la tira reflectante o en los bordes de colores para lograr visibilidad de la marca.<\/p>\n<\/li>\n<\/ul>","protected":false},"featured_media":5758,"comment_status":"closed","ping_status":"closed","template":"","meta":[],"product_brand":[],"product_cat":[109],"product_tag":[],"class_list":{"0":"post-5753","1":"product","2":"type-product","3":"status-publish","4":"has-post-thumbnail","6":"product_cat-reflective-lanyards","8":"first","9":"instock","10":"shipping-taxable","11":"product-type-simple"},"_links":{"self":[{"href":"https:\/\/displayproducts.eu\/es\/wp-json\/wp\/v2\/product\/5753","targetHints":{"allow":["GET"]}}],"collection":[{"href":"https:\/\/displayproducts.eu\/es\/wp-json\/wp\/v2\/product"}],"about":[{"href":"https:\/\/displayproducts.eu\/es\/wp-json\/wp\/v2\/types\/product"}],"replies":[{"embeddable":true,"href":"https:\/\/displayproducts.eu\/es\/wp-json\/wp\/v2\/comments?post=5753"}],"wp:featuredmedia":[{"embeddable":true,"href":"https:\/\/displayproducts.eu\/es\/wp-json\/wp\/v2\/media\/5758"}],"wp:attachment":[{"href":"https:\/\/displayproducts.eu\/es\/wp-json\/wp\/v2\/media?parent=5753"}],"wp:term":[{"taxonomy":"product_brand","embeddable":true,"href":"https:\/\/displayproducts.eu\/es\/wp-json\/wp\/v2\/product_brand?post=5753"},{"taxonomy":"product_cat","embeddable":true,"href":"https:\/\/displayproducts.eu\/es\/wp-json\/wp\/v2\/product_cat?post=5753"},{"taxonomy":"product_tag","embeddable":true,"href":"https:\/\/displayproducts.eu\/es\/wp-json\/wp\/v2\/product_tag?post=5753"}],"curies":[{"name":"wp","href":"https:\/\/api.w.org\/{rel}","templated":true}]}}