{"id":5747,"date":"2025-12-10T13:55:38","date_gmt":"2025-12-10T10:55:38","guid":{"rendered":"https:\/\/wristbandfactory.eu\/?post_type=product&#038;p=5747"},"modified":"2026-04-01T21:52:35","modified_gmt":"2026-04-01T18:52:35","slug":"custom-silicone-pvc-lanyards-waterproof-cleanable","status":"publish","type":"product","link":"https:\/\/displayproducts.eu\/es\/p\/custom-silicone-pvc-lanyards-waterproof-cleanable\/","title":{"rendered":"Lanyards de silicona y PVC \u2013 Impermeables"},"content":{"rendered":"<p data-path-to-node=\"12\">Mantenga los m\u00e1s altos est\u00e1ndares de higiene con nuestros <b>Cintas de cuello de silicona y PVC personalizados<\/b>. A diferencia de las correas de poli\u00e9ster tradicionales que absorben el sudor y la suciedad, estos cintas de cuello de goma son completamente impermeables y lavables.<\/p>\n<p data-path-to-node=\"13\"><b>Sanitario y seguro<\/b> Ideales para enfermeras, m\u00e9dicos y personal de procesamiento de alimentos, estos cintas de cuello se pueden esterilizar con toallitas con alcohol o lavar con agua jabonosa sin deste\u00f1ir. Ofrecen un aspecto limpio y cl\u00ednico que se adapta perfectamente a los uniformes profesionales.<\/p>\n<p data-path-to-node=\"14\"><b>Opciones de materiales:<\/b><\/p>\n<ol start=\"1\" data-path-to-node=\"15\">\n<li>\n<p data-path-to-node=\"15,0,0\"><b>Silicona suave:<\/b> Alta flexibilidad y comodidad en contacto con la piel. Ideal para marcas premium.<\/p>\n<\/li>\n<li>\n<p data-path-to-node=\"15,1,0\"><b>PVC blando:<\/b> Un pl\u00e1stico resistente, ligeramente m\u00e1s r\u00edgido, que mantiene bien su forma y ofrece una excelente durabilidad a un menor costo.<\/p>\n<\/li>\n<\/ol>\n<p data-path-to-node=\"16\"><b>Casos de uso recomendados:<\/b><\/p>\n<ul data-path-to-node=\"17\">\n<li>\n<p data-path-to-node=\"17,0,0\"><b>Cuidado de la salud:<\/b> F\u00e1cil de desinfectar entre turnos.<\/p>\n<\/li>\n<li>\n<p data-path-to-node=\"17,1,0\"><b>Centros Acu\u00e1ticos:<\/b> No se empapar\u00e1 ni se enmohecer\u00e1 cerca de las piscinas.<\/p>\n<\/li>\n<li>\n<p data-path-to-node=\"17,2,0\"><b>Industrial:<\/b> Resistente a salpicaduras de aceite y grasa.<\/p>\n<\/li>\n<\/ul>\n<p data-path-to-node=\"18\"><b>Caracter\u00edsticas principales:<\/b><\/p>\n<ul data-path-to-node=\"19\">\n<li>\n<p data-path-to-node=\"19,0,0\"><b>Material:<\/b> 100% Silicona o PVC blando.<\/p>\n<\/li>\n<li>\n<p data-path-to-node=\"19,1,0\"><b>Herrada:<\/b> Serigraf\u00eda (tinta n\u00edtida y duradera).<\/p>\n<\/li>\n<li>\n<p data-path-to-node=\"19,2,0\"><b>Archivos adjuntos:<\/b> Engarce met\u00e1lico con gancho giratorio.<\/p>\n<\/li>\n<li>\n<p data-path-to-node=\"19,3,0\"><b>Extras:<\/b> Opciones de ruptura de seguridad disponibles.<\/p>\n<\/li>\n<\/ul>","protected":false},"excerpt":{"rendered":"<ul>\n<li>\n<p data-path-to-node=\"10,0,0\"><b>100% Resistente al agua:<\/b> El material no absorbente repele el agua, el sudor y los productos qu\u00edmicos, lo que facilita su limpieza o desinfecci\u00f3n.<\/p>\n<\/li>\n<li>\n<p data-path-to-node=\"10,1,0\"><b>Opci\u00f3n de silicona:<\/b> Goma suave, flexible e hipoalerg\u00e9nica con un acabado mate de primera calidad (por ejemplo, Subaru).<\/p>\n<\/li>\n<li>\n<p data-path-to-node=\"10,2,0\"><b>Opci\u00f3n de PVC:<\/b> Opci\u00f3n de pl\u00e1stico duradera, suave y rentable con un ligero brillo (por ejemplo, ejemplo de Penteris).<\/p>\n<\/li>\n<li>\n<p data-path-to-node=\"10,3,0\"><b>Enfocado en la higiene:<\/b> La opci\u00f3n preferida para hospitales, laboratorios y cocinas donde los cintas de cuello de tela pueden albergar bacterias.<\/p>\n<\/li>\n<\/ul>","protected":false},"featured_media":5854,"comment_status":"closed","ping_status":"closed","template":"","meta":[],"product_brand":[],"product_cat":[104,108],"product_tag":[],"class_list":{"0":"post-5747","1":"product","2":"type-product","3":"status-publish","4":"has-post-thumbnail","6":"product_cat-custom-printed-lanyards","7":"product_cat-multifunctional-lanyards","9":"first","10":"instock","11":"shipping-taxable","12":"product-type-simple"},"_links":{"self":[{"href":"https:\/\/displayproducts.eu\/es\/wp-json\/wp\/v2\/product\/5747","targetHints":{"allow":["GET"]}}],"collection":[{"href":"https:\/\/displayproducts.eu\/es\/wp-json\/wp\/v2\/product"}],"about":[{"href":"https:\/\/displayproducts.eu\/es\/wp-json\/wp\/v2\/types\/product"}],"replies":[{"embeddable":true,"href":"https:\/\/displayproducts.eu\/es\/wp-json\/wp\/v2\/comments?post=5747"}],"wp:featuredmedia":[{"embeddable":true,"href":"https:\/\/displayproducts.eu\/es\/wp-json\/wp\/v2\/media\/5854"}],"wp:attachment":[{"href":"https:\/\/displayproducts.eu\/es\/wp-json\/wp\/v2\/media?parent=5747"}],"wp:term":[{"taxonomy":"product_brand","embeddable":true,"href":"https:\/\/displayproducts.eu\/es\/wp-json\/wp\/v2\/product_brand?post=5747"},{"taxonomy":"product_cat","embeddable":true,"href":"https:\/\/displayproducts.eu\/es\/wp-json\/wp\/v2\/product_cat?post=5747"},{"taxonomy":"product_tag","embeddable":true,"href":"https:\/\/displayproducts.eu\/es\/wp-json\/wp\/v2\/product_tag?post=5747"}],"curies":[{"name":"wp","href":"https:\/\/api.w.org\/{rel}","templated":true}]}}