{"id":5730,"date":"2025-12-10T13:44:29","date_gmt":"2025-12-10T10:44:29","guid":{"rendered":"https:\/\/wristbandfactory.eu\/?post_type=product&#038;p=5730"},"modified":"2026-04-01T21:52:35","modified_gmt":"2026-04-01T18:52:35","slug":"magnetic-elastic-cord-lanyards-modern-badge-holder","status":"publish","type":"product","link":"https:\/\/displayproducts.eu\/es\/p\/magnetic-elastic-cord-lanyards-modern-badge-holder\/","title":{"rendered":"Lanyards el\u00e1sticos con im\u00e1n \u2013 Cord\u00f3n redondo"},"content":{"rendered":"<p data-path-to-node=\"12\">Adopte el minimalismo moderno con nuestro <b>Cintas de cuello el\u00e1sticos magn\u00e9ticos<\/b>. Alej\u00e1ndose de las cintas de poli\u00e9ster planas tradicionales, este producto ofrece una est\u00e9tica elegante y tecnol\u00f3gicamente avanzada que es muy popular entre empresas emergentes, agencias de dise\u00f1o y conferencias exclusivas.<\/p>\n<p data-path-to-node=\"13\"><b>La magia de los imanes<\/b> La pieza central de este cord\u00f3n es su <b>conector magn\u00e9tico<\/b>. En lugar de tener que lidiar con los clips, los dos extremos simplemente se ensolicitar presupueston. Es muy c\u00f3modo de usar y tambi\u00e9n funciona como mecanismo de seguridad de liberaci\u00f3n r\u00e1pida.<\/p>\n<p data-path-to-node=\"14\"><b>Una marca sutil pero efectiva<\/b> En lugar de imprimir texto a lo largo del cable, la marca se aplica a un <b>control deslizante\/bot\u00f3n circular de pl\u00e1stico<\/b>. Esto permite un logotipo a todo color (impresi\u00f3n plana o con relieve) que se ubica de manera prominente en el pecho, lo que garantiza que su marca siempre sea visible sin saturar el dise\u00f1o.<\/p>\n<p data-path-to-node=\"15\"><b>Caracter\u00edsticas principales:<\/b><\/p>\n<ul data-path-to-node=\"16\">\n<li>\n<p data-path-to-node=\"16,0,0\"><b>Material:<\/b> Cord\u00f3n el\u00e1stico redondo (blanco, negro o colores personalizados).<\/p>\n<\/li>\n<li>\n<p data-path-to-node=\"16,1,0\"><b>Opciones de cierre:<\/b> Torpedo de metal de primera calidad o pl\u00e1stico plano.<\/p>\n<\/li>\n<li>\n<p data-path-to-node=\"16,2,0\"><b>Ubicaci\u00f3n del logotipo:<\/b> Bot\u00f3n ajustador de pl\u00e1stico redondo.<\/p>\n<\/li>\n<li>\n<p data-path-to-node=\"16,3,0\"><b>Estilo:<\/b> Minimalista, deportivo, tecnol\u00f3gico.<\/p>\n<\/li>\n<\/ul>","protected":false},"excerpt":{"rendered":"<ul>\n<li>\n<p data-path-to-node=\"10,0,0\"><b>Cierre magn\u00e9tico inteligente:<\/b> Cuenta con un elegante conector magn\u00e9tico de metal o pl\u00e1stico que se acopla instant\u00e1neamente para facilitar su uso.<\/p>\n<\/li>\n<li>\n<p data-path-to-node=\"10,1,0\"><b>Comodidad el\u00e1stica:<\/b> Fabricado con cord\u00f3n redondo suave y el\u00e1stico que se siente liviano y c\u00f3modo alrededor del cuello durante todo el d\u00eda.<\/p>\n<\/li>\n<li>\n<p data-path-to-node=\"10,2,0\"><b>Marca del bot\u00f3n:<\/b> Su logotipo est\u00e1 impreso en un bot\u00f3n deslizante de pl\u00e1stico personalizable, manteniendo el dise\u00f1o del cable limpio y minimalista.<\/p>\n<\/li>\n<li>\n<p data-path-to-node=\"10,3,0\"><b>Funci\u00f3n de seguridad:<\/b> El cierre magn\u00e9tico tambi\u00e9n act\u00faa como mecanismo de seguridad, liber\u00e1ndose bajo tensi\u00f3n para evitar riesgos de asfixia.<\/p>\n<\/li>\n<\/ul>","protected":false},"featured_media":5870,"comment_status":"closed","ping_status":"closed","template":"","meta":[],"product_brand":[],"product_cat":[125,108,124],"product_tag":[],"class_list":{"0":"post-5730","1":"product","2":"type-product","3":"status-publish","4":"has-post-thumbnail","6":"product_cat-cord-lanyards","7":"product_cat-multifunctional-lanyards","8":"product_cat-id-solutions","10":"first","11":"instock","12":"shipping-taxable","13":"product-type-simple"},"_links":{"self":[{"href":"https:\/\/displayproducts.eu\/es\/wp-json\/wp\/v2\/product\/5730","targetHints":{"allow":["GET"]}}],"collection":[{"href":"https:\/\/displayproducts.eu\/es\/wp-json\/wp\/v2\/product"}],"about":[{"href":"https:\/\/displayproducts.eu\/es\/wp-json\/wp\/v2\/types\/product"}],"replies":[{"embeddable":true,"href":"https:\/\/displayproducts.eu\/es\/wp-json\/wp\/v2\/comments?post=5730"}],"wp:featuredmedia":[{"embeddable":true,"href":"https:\/\/displayproducts.eu\/es\/wp-json\/wp\/v2\/media\/5870"}],"wp:attachment":[{"href":"https:\/\/displayproducts.eu\/es\/wp-json\/wp\/v2\/media?parent=5730"}],"wp:term":[{"taxonomy":"product_brand","embeddable":true,"href":"https:\/\/displayproducts.eu\/es\/wp-json\/wp\/v2\/product_brand?post=5730"},{"taxonomy":"product_cat","embeddable":true,"href":"https:\/\/displayproducts.eu\/es\/wp-json\/wp\/v2\/product_cat?post=5730"},{"taxonomy":"product_tag","embeddable":true,"href":"https:\/\/displayproducts.eu\/es\/wp-json\/wp\/v2\/product_tag?post=5730"}],"curies":[{"name":"wp","href":"https:\/\/api.w.org\/{rel}","templated":true}]}}