{"id":5714,"date":"2025-12-10T13:27:04","date_gmt":"2025-12-10T10:27:04","guid":{"rendered":"https:\/\/wristbandfactory.eu\/?post_type=product&#038;p=5714"},"modified":"2026-04-01T21:52:35","modified_gmt":"2026-04-01T18:52:35","slug":"custom-led-lanyards-flashing-light-up-straps","status":"publish","type":"product","link":"https:\/\/displayproducts.eu\/es\/p\/custom-led-lanyards-flashing-light-up-straps\/","title":{"rendered":"Lanyards LED luminosos \u2013 Intermitentes"},"content":{"rendered":"<p data-path-to-node=\"12\">Electrifique la presencia de su marca con nuestra <b>Cintas de cuello LED personalizados<\/b>. Estos no son solo porta identificaciones funcionales; son accesorios que llaman la atenci\u00f3n y est\u00e1n dise\u00f1ados para la visibilidad y el entretenimiento nocturnos.<\/p>\n<p data-path-to-node=\"13\"><b>Branding de eventos de alta tecnolog\u00eda<\/b> Con tecnolog\u00eda LED avanzada y fibras \u00f3pticas (o tiras integradas), estos cintas de cuello emiten una luz brillante similar al ne\u00f3n. Un controlador integrado permite alternar entre luz intermitente y luz fija, creando un ambiente din\u00e1mico en conciertos, festivales y fiestas de lanzamiento.<\/p>\n<p data-path-to-node=\"14\"><b>Seguridad y visibilidad<\/b> M\u00e1s all\u00e1 de las fiestas, los cintas de cuello LED son una excelente herramienta de seguridad para el personal nocturno, el personal de seguridad y los corredores de marat\u00f3n nocturnos, garantizando que sean vistos desde la distancia.<\/p>\n<p data-path-to-node=\"15\"><b>Opciones de personalizaci\u00f3n:<\/b><\/p>\n<ul data-path-to-node=\"16\">\n<li>\n<p data-path-to-node=\"16,0,0\"><b>Estilo de correa de nailon:<\/b> Un cord\u00f3n plano tradicional con una tira LED en el interior. Imprimible sobre la tela.<\/p>\n<\/li>\n<li>\n<p data-path-to-node=\"16,1,0\"><b>Estilo del tubo \u00f3ptico:<\/b> Un tubo transparente futurista que brilla intensamente. La marca suele estar impresa en la bater\u00eda.<\/p>\n<\/li>\n<\/ul>\n<p data-path-to-node=\"17\"><b>Caracter\u00edsticas principales:<\/b><\/p>\n<ul data-path-to-node=\"18\">\n<li>\n<p data-path-to-node=\"18,0,0\"><b>Fuerza:<\/b> Pilas de bot\u00f3n reemplazables (incluidas).<\/p>\n<\/li>\n<li>\n<p data-path-to-node=\"18,1,0\"><b>Modos:<\/b> Parpadeo r\u00e1pido \/ Parpadeo lento \/ Encendido fijo \/ Apagado.<\/p>\n<\/li>\n<li>\n<p data-path-to-node=\"18,2,0\"><b>Bandera:<\/b> Rojo, Azul, Verde, Amarillo, Blanco, Rosa, Multicolor.<\/p>\n<\/li>\n<li>\n<p data-path-to-node=\"18,3,0\"><b>Hardware:<\/b> Solicitar presupuesto de interruptores de pl\u00e1stico + gancho de metal.<\/p>\n<\/li>\n<\/ul>","protected":false},"excerpt":{"rendered":"<ul>\n<li>\n<p data-path-to-node=\"10,0,0\"><b>Iluminaci\u00f3n activa:<\/b> Funciona con bater\u00edas y LED, lo que ofrece una visibilidad brillante en la oscuridad total (a diferencia de la tinta pasiva que brilla en la oscuridad).<\/p>\n<\/li>\n<li>\n<p data-path-to-node=\"10,1,0\"><b>Modos m\u00faltiples:<\/b> Cuenta con un interruptor de control para alternar entre los modos Flash r\u00e1pido, Flash lento y Encendido fijo.<\/p>\n<\/li>\n<li>\n<p data-path-to-node=\"10,2,0\"><b>Gu\u00eda de fibra \u00f3ptica:<\/b> Utiliza un n\u00facleo \u00f3ptico transparente o cables internos para distribuir la luz de manera uniforme a lo largo del cord\u00f3n.<\/p>\n<\/li>\n<li>\n<p data-path-to-node=\"10,3,0\"><b>\u00c1reas de marca:<\/b> El logotipo se puede imprimir en la correa de nailon o en la carcasa de pl\u00e1stico de la bater\u00eda para lograr la m\u00e1xima exposici\u00f3n.<\/p>\n<\/li>\n<\/ul>","protected":false},"featured_media":5884,"comment_status":"closed","ping_status":"closed","template":"","meta":[],"product_brand":[],"product_cat":[108,76,123],"product_tag":[],"class_list":{"0":"post-5714","1":"product","2":"type-product","3":"status-publish","4":"has-post-thumbnail","6":"product_cat-multifunctional-lanyards","7":"product_cat-glow-led-products","8":"product_cat-fan-cheering-items","10":"first","11":"instock","12":"shipping-taxable","13":"product-type-simple"},"_links":{"self":[{"href":"https:\/\/displayproducts.eu\/es\/wp-json\/wp\/v2\/product\/5714","targetHints":{"allow":["GET"]}}],"collection":[{"href":"https:\/\/displayproducts.eu\/es\/wp-json\/wp\/v2\/product"}],"about":[{"href":"https:\/\/displayproducts.eu\/es\/wp-json\/wp\/v2\/types\/product"}],"replies":[{"embeddable":true,"href":"https:\/\/displayproducts.eu\/es\/wp-json\/wp\/v2\/comments?post=5714"}],"wp:featuredmedia":[{"embeddable":true,"href":"https:\/\/displayproducts.eu\/es\/wp-json\/wp\/v2\/media\/5884"}],"wp:attachment":[{"href":"https:\/\/displayproducts.eu\/es\/wp-json\/wp\/v2\/media?parent=5714"}],"wp:term":[{"taxonomy":"product_brand","embeddable":true,"href":"https:\/\/displayproducts.eu\/es\/wp-json\/wp\/v2\/product_brand?post=5714"},{"taxonomy":"product_cat","embeddable":true,"href":"https:\/\/displayproducts.eu\/es\/wp-json\/wp\/v2\/product_cat?post=5714"},{"taxonomy":"product_tag","embeddable":true,"href":"https:\/\/displayproducts.eu\/es\/wp-json\/wp\/v2\/product_tag?post=5714"}],"curies":[{"name":"wp","href":"https:\/\/api.w.org\/{rel}","templated":true}]}}