{"id":5707,"date":"2025-12-10T13:20:55","date_gmt":"2025-12-10T10:20:55","guid":{"rendered":"https:\/\/wristbandfactory.eu\/?post_type=product&#038;p=5707"},"modified":"2026-04-01T21:52:35","modified_gmt":"2026-04-01T18:52:35","slug":"custom-holographic-laser-print-lanyards-iridescent-logo","status":"publish","type":"product","link":"https:\/\/displayproducts.eu\/es\/p\/custom-holographic-laser-print-lanyards-iridescent-logo\/","title":{"rendered":"Lanyards hologr\u00e1ficos \u2013 Impresi\u00f3n l\u00e1ser iridiscente"},"content":{"rendered":"<p data-path-to-node=\"12\">Causa una impresi\u00f3n brillante con nuestro <b>Cintas de cuello con impresi\u00f3n l\u00e1ser hologr\u00e1fica personalizada<\/b>. Esta t\u00e9cnica de marca premium utiliza un proceso especializado de estampado en caliente para aplicar una l\u00e1mina met\u00e1lica que no es solo plateada, sino iridiscente.<\/p>\n<p data-path-to-node=\"13\"><b>El efecto \u201cl\u00e1ser\u201d<\/b> Como se observa en las muestras (p. ej., &quot;Salt &amp; Stone&quot;, &quot;Starbucks&quot;), el texto act\u00faa como un prisma. Con poca luz, parece plateado met\u00e1lico; bajo luz directa o con flash, explota en vibrantes degradados de arco\u00edris. Este efecto de &quot;cambio de color&quot; lo convierte en una opci\u00f3n incre\u00edblemente fotog\u00e9nica para eventos con gran presencia en redes sociales.<\/p>\n<p data-path-to-node=\"14\"><b>Lo mejor en negro<\/b> Para lograr el m\u00e1ximo impacto, recomendamos imprimir en un <b>Correa con acabado satinado en color negro o azul marino oscuro<\/b>. La textura suave del material asegura que la l\u00e1mina se adhiera perfectamente y brille sin interrupciones.<\/p>\n<p data-path-to-node=\"15\"><b>Casos de uso recomendados:<\/b><\/p>\n<ul data-path-to-node=\"16\">\n<li>\n<p data-path-to-node=\"16,0,0\"><b>VIP y Backstage:<\/b> Distinga a sus invitados especiales con un cord\u00f3n que parece una joya.<\/p>\n<\/li>\n<li>\n<p data-path-to-node=\"16,1,0\"><b>Vida nocturna y conciertos:<\/b> Refleja las luces del escenario de forma din\u00e1mica.<\/p>\n<\/li>\n<li>\n<p data-path-to-node=\"16,2,0\"><b>Lanzamientos tecnol\u00f3gicos:<\/b> Se adapta perfectamente a las identidades de marca modernas y futuristas.<\/p>\n<\/li>\n<\/ul>\n<p data-path-to-node=\"17\"><b>Caracter\u00edsticas principales:<\/b><\/p>\n<ul data-path-to-node=\"18\">\n<li>\n<p data-path-to-node=\"18,0,0\"><b>Tecnolog\u00eda de impresi\u00f3n:<\/b> Estampado hologr\u00e1fico \/ l\u00e1ser.<\/p>\n<\/li>\n<li>\n<p data-path-to-node=\"18,1,0\"><b>Material:<\/b> Poli\u00e9ster satinado suave (sensaci\u00f3n de nailon).<\/p>\n<\/li>\n<li>\n<p data-path-to-node=\"18,2,0\"><b>Efecto:<\/b> Reflejo de arco iris met\u00e1lico.<\/p>\n<\/li>\n<li>\n<p data-path-to-node=\"18,3,0\"><b>Archivos adjuntos:<\/b> Se recomiendan ganchos de metal de primera calidad o accesorios negros mate.<\/p>\n<\/li>\n<\/ul>","protected":false},"excerpt":{"rendered":"<ul>\n<li>\n<p data-path-to-node=\"10,0,0\"><b>Efecto hologr\u00e1fico:<\/b> El logotipo est\u00e1 impreso utilizando una l\u00e1mina l\u00e1ser especial que refleja un espectro de colores del arco iris cuando es alcanzado por la luz.<\/p>\n<\/li>\n<li>\n<p data-path-to-node=\"10,1,0\"><b>Acabado Premium:<\/b> Impreso en poli\u00e9ster satinado suave de alta calidad (generalmente negro) para maximizar el contraste del texto brillante.<\/p>\n<\/li>\n<li>\n<p data-path-to-node=\"10,2,0\"><b>Visibilidad din\u00e1mica:<\/b> A diferencia de la tinta plana est\u00e1tica, la marca cambia de apariencia dependiendo del \u00e1ngulo de visi\u00f3n y capta la atenci\u00f3n al instante.<\/p>\n<\/li>\n<li>\n<p data-path-to-node=\"10,3,0\"><b>Sensaci\u00f3n de lujo:<\/b> Ideal para pases VIP, eventos de gala y marcas corporativas de alto nivel donde los cintas de cuello est\u00e1ndar parecen demasiado baratos.<\/p>\n<\/li>\n<\/ul>","protected":false},"featured_media":5887,"comment_status":"closed","ping_status":"closed","template":"","meta":[],"product_brand":[],"product_cat":[104],"product_tag":[],"class_list":{"0":"post-5707","1":"product","2":"type-product","3":"status-publish","4":"has-post-thumbnail","6":"product_cat-custom-printed-lanyards","8":"first","9":"instock","10":"shipping-taxable","11":"product-type-simple"},"_links":{"self":[{"href":"https:\/\/displayproducts.eu\/es\/wp-json\/wp\/v2\/product\/5707","targetHints":{"allow":["GET"]}}],"collection":[{"href":"https:\/\/displayproducts.eu\/es\/wp-json\/wp\/v2\/product"}],"about":[{"href":"https:\/\/displayproducts.eu\/es\/wp-json\/wp\/v2\/types\/product"}],"replies":[{"embeddable":true,"href":"https:\/\/displayproducts.eu\/es\/wp-json\/wp\/v2\/comments?post=5707"}],"wp:featuredmedia":[{"embeddable":true,"href":"https:\/\/displayproducts.eu\/es\/wp-json\/wp\/v2\/media\/5887"}],"wp:attachment":[{"href":"https:\/\/displayproducts.eu\/es\/wp-json\/wp\/v2\/media?parent=5707"}],"wp:term":[{"taxonomy":"product_brand","embeddable":true,"href":"https:\/\/displayproducts.eu\/es\/wp-json\/wp\/v2\/product_brand?post=5707"},{"taxonomy":"product_cat","embeddable":true,"href":"https:\/\/displayproducts.eu\/es\/wp-json\/wp\/v2\/product_cat?post=5707"},{"taxonomy":"product_tag","embeddable":true,"href":"https:\/\/displayproducts.eu\/es\/wp-json\/wp\/v2\/product_tag?post=5707"}],"curies":[{"name":"wp","href":"https:\/\/api.w.org\/{rel}","templated":true}]}}