{"id":5702,"date":"2025-12-10T13:11:19","date_gmt":"2025-12-10T10:11:19","guid":{"rendered":"https:\/\/wristbandfactory.eu\/?post_type=product&#038;p=5702"},"modified":"2026-04-01T21:52:35","modified_gmt":"2026-04-01T18:52:35","slug":"custom-crossbody-phone-lanyards-universal-patch-fit","status":"publish","type":"product","link":"https:\/\/displayproducts.eu\/es\/p\/custom-crossbody-phone-lanyards-universal-patch-fit\/","title":{"rendered":"Colgante para m\u00f3vil crossbody \u2013 Ajustable"},"content":{"rendered":"<p data-path-to-node=\"12\">Permita que su equipo o asistentes tengan las manos libres con nuestro <b>Cintas de cuello de tel\u00e9fono cruzados personalizados<\/b>. Este es el accesorio moderno definitivo para ferias comerciales, festivales y viajes corporativos, que garantiza que los tel\u00e9fonos inteligentes est\u00e9n siempre accesibles y nunca se caigan.<\/p>\n<p data-path-to-node=\"13\"><b>C\u00f3mo funciona<\/b> A diferencia de los antiguos soportes de silicona que bloquean la pantalla, este sistema utiliza un soporte delgado y duradero. <b>parche de ancla<\/b> (pesta\u00f1a). Simplemente coloca el parche de la marca dentro de la funda, pasa el lazo por el orificio de carga y coloca el cord\u00f3n. Funciona con pr\u00e1cticamente todos los modelos y fundas de smartphones.<\/p>\n<p data-path-to-node=\"14\"><b>La moda se une a la funcionalidad<\/b> La correa es totalmente ajustable, lo que permite llevarla cruzada como un bolso o, tradicionalmente, alrededor del cuello. Los herrajes en negro mate y la resistente cinta de poli\u00e9ster le confieren una calidad superior, similar a la de los cintas de cuello de conferencia est\u00e1ndar.<\/p>\n<p data-path-to-node=\"15\"><b>Casos de uso recomendados:<\/b><\/p>\n<ul data-path-to-node=\"16\">\n<li>\n<p data-path-to-node=\"16,0,0\"><b>Conferencias tecnol\u00f3gicas:<\/b> El art\u00edculo de regalo #1 para eventos que priorizan los dispositivos m\u00f3viles.<\/p>\n<\/li>\n<li>\n<p data-path-to-node=\"16,1,0\"><b>Personal de campo:<\/b> Perfecto para log\u00edstica, organizadores de eventos y personal minorista que necesita sus tel\u00e9fonos constantemente.<\/p>\n<\/li>\n<li>\n<p data-path-to-node=\"16,2,0\"><b>Kits de influencers:<\/b> Un regalo moderno y de gran valor que se utiliza a diario en las redes sociales.<\/p>\n<\/li>\n<\/ul>\n<p data-path-to-node=\"17\"><b>Caracter\u00edsticas principales:<\/b><\/p>\n<ul data-path-to-node=\"18\">\n<li>\n<p data-path-to-node=\"18,0,0\"><b>Correa:<\/b> Poli\u00e9ster ancho y ajustable (longitud m\u00e1xima aprox. 160 cm).<\/p>\n<\/li>\n<li>\n<p data-path-to-node=\"18,1,0\"><b>Adjunto:<\/b> Parche de tel\u00e9fono universal (se adapta al puerto de carga).<\/p>\n<\/li>\n<li>\n<p data-path-to-node=\"18,2,0\"><b>Hardware:<\/b> Junta t\u00f3rica de metal resistente y cierre de langosta.<\/p>\n<\/li>\n<li>\n<p data-path-to-node=\"18,3,0\"><b>Personalizaci\u00f3n:<\/b> Impresi\u00f3n a todo color en la correa + Logotipo en parche.<\/p>\n<\/li>\n<\/ul>","protected":false},"excerpt":{"rendered":"<ul>\n<li>\n<p data-path-to-node=\"10,0,0\"><b>Compatibilidad universal:<\/b> Incluye un \u201cparche\u201d o pesta\u00f1a duradero que se adapta al interior de cualquier puerto de carga de funda de tel\u00e9fono est\u00e1ndar, sin necesidad de pegamento ni tornillos.<\/p>\n<\/li>\n<li>\n<p data-path-to-node=\"10,1,0\"><b>Longitud ajustable:<\/b> Cuenta con una resistente hebilla deslizante que permite a los usuarios usarlo alrededor del cuello o como una moderna correa cruzada.<\/p>\n<\/li>\n<li>\n<p data-path-to-node=\"10,2,0\"><b>Hardware de primera calidad:<\/b> Terminado con anillos y ganchos de metal negro mate de alta calidad para una apariencia tecnol\u00f3gica elegante y moderna.<\/p>\n<\/li>\n<li>\n<p data-path-to-node=\"10,3,0\"><b>Doble marca:<\/b> Su logotipo se puede imprimir en la correa de poli\u00e9ster Y en el parche del conector para lograr la m\u00e1xima visibilidad.<\/p>\n<\/li>\n<\/ul>","protected":false},"featured_media":5895,"comment_status":"closed","ping_status":"closed","template":"","meta":[],"product_brand":[],"product_cat":[108,122,127],"product_tag":[],"class_list":{"0":"post-5702","1":"product","2":"type-product","3":"status-publish","4":"has-post-thumbnail","6":"product_cat-multifunctional-lanyards","7":"product_cat-promotional-accessories","8":"product_cat-custom-straps-belts","10":"first","11":"instock","12":"shipping-taxable","13":"product-type-simple"},"_links":{"self":[{"href":"https:\/\/displayproducts.eu\/es\/wp-json\/wp\/v2\/product\/5702","targetHints":{"allow":["GET"]}}],"collection":[{"href":"https:\/\/displayproducts.eu\/es\/wp-json\/wp\/v2\/product"}],"about":[{"href":"https:\/\/displayproducts.eu\/es\/wp-json\/wp\/v2\/types\/product"}],"replies":[{"embeddable":true,"href":"https:\/\/displayproducts.eu\/es\/wp-json\/wp\/v2\/comments?post=5702"}],"wp:featuredmedia":[{"embeddable":true,"href":"https:\/\/displayproducts.eu\/es\/wp-json\/wp\/v2\/media\/5895"}],"wp:attachment":[{"href":"https:\/\/displayproducts.eu\/es\/wp-json\/wp\/v2\/media?parent=5702"}],"wp:term":[{"taxonomy":"product_brand","embeddable":true,"href":"https:\/\/displayproducts.eu\/es\/wp-json\/wp\/v2\/product_brand?post=5702"},{"taxonomy":"product_cat","embeddable":true,"href":"https:\/\/displayproducts.eu\/es\/wp-json\/wp\/v2\/product_cat?post=5702"},{"taxonomy":"product_tag","embeddable":true,"href":"https:\/\/displayproducts.eu\/es\/wp-json\/wp\/v2\/product_tag?post=5702"}],"curies":[{"name":"wp","href":"https:\/\/api.w.org\/{rel}","templated":true}]}}