{"id":5694,"date":"2025-12-10T13:02:37","date_gmt":"2025-12-10T10:02:37","guid":{"rendered":"https:\/\/wristbandfactory.eu\/?post_type=product&#038;p=5694"},"modified":"2026-04-01T21:52:35","modified_gmt":"2026-04-01T18:52:35","slug":"custom-tubular-lanyards-soft-shoelace-style","status":"publish","type":"product","link":"https:\/\/displayproducts.eu\/es\/p\/custom-tubular-lanyards-soft-shoelace-style\/","title":{"rendered":"Lanyards tubulares \u2013 Estilo cord\u00f3n suave"},"content":{"rendered":"<p data-path-to-node=\"12\">Obtenga el mejor equilibrio entre comodidad y valor con nuestro <b>Cintas de cuello tubulares personalizados<\/b>. A menudo llamados &quot;cintas de cuello para cintas de cuello&quot;, estos est\u00e1n confeccionados con poli\u00e9ster cosido en tubo, creando una doble capa de tela hueca por dentro.<\/p>\n<p data-path-to-node=\"13\"><b>\u00bfPor qu\u00e9 elegir Tubular?<\/b><\/p>\n<ol start=\"1\" data-path-to-node=\"14\">\n<li>\n<p data-path-to-node=\"14,0,0\"><b>Comodidad:<\/b> Como no tienen bordes cosidos, estos son los cintas de cuello m\u00e1s suaves disponibles, lo que los hace perfectos para voluntarios o personal que los use durante m\u00e1s de 8 horas.<\/p>\n<\/li>\n<li>\n<p data-path-to-node=\"14,1,0\"><b>Precio:<\/b> Esta es nuestra opci\u00f3n de cord\u00f3n personalizado m\u00e1s econ\u00f3mica, lo que la convierte en el est\u00e1ndar de la industria para grandes ferias comerciales, festivales y escuelas.<\/p>\n<\/li>\n<\/ol>\n<p data-path-to-node=\"15\"><b>Notas de impresi\u00f3n<\/b> La superficie tubular proporciona un fondo texturizado. Recomendamos <b>Serigraf\u00eda<\/b> para texto en negrita y logotipos sin impresi\u00f3n (1-2 colores) para garantizar resultados m\u00e1s n\u00edtidos.<\/p>\n<p data-path-to-node=\"16\"><b>Casos de uso recomendados:<\/b><\/p>\n<ul data-path-to-node=\"17\">\n<li>\n<p data-path-to-node=\"17,0,0\"><b>Escuelas y universidades:<\/b> Porta credenciales duraderos y econ\u00f3micos para estudiantes.<\/p>\n<\/li>\n<li>\n<p data-path-to-node=\"17,1,0\"><b>Grandes conferencias:<\/b> Branding rentable para miles de asistentes.<\/p>\n<\/li>\n<li>\n<p data-path-to-node=\"17,2,0\"><b>Eventos deportivos:<\/b> El aspecto deportivo de \u201ccintas de cuello\u201d se adapta perfectamente a los temas atl\u00e9ticos.<\/p>\n<\/li>\n<\/ul>\n<p data-path-to-node=\"18\"><b>Caracter\u00edsticas principales:<\/b><\/p>\n<ul data-path-to-node=\"19\">\n<li>\n<p data-path-to-node=\"19,0,0\"><b>Material:<\/b> Poli\u00e9ster tejido tubular.<\/p>\n<\/li>\n<li>\n<p data-path-to-node=\"19,1,0\"><b>Ancho:<\/b> Est\u00e1ndar de 10 mm, 12 mm o 15 mm (los anchos son aproximados debido a la forma del tubo).<\/p>\n<\/li>\n<li>\n<p data-path-to-node=\"19,2,0\"><b>Imprimir:<\/b> Marca serigrafiada.<\/p>\n<\/li>\n<li>\n<p data-path-to-node=\"19,3,0\"><b>Archivos adjuntos:<\/b> Compatible con todos los ganchos, clips y frenos de seguridad est\u00e1ndar.<\/p>\n<\/li>\n<\/ul>","protected":false},"excerpt":{"rendered":"<ul>\n<li>\n<p data-path-to-node=\"10,0,0\"><b>Construcci\u00f3n del tubo:<\/b> Tejido en forma de tubo hueco (similar a un cord\u00f3n de zapato), eliminando los bordes afilados para una m\u00e1xima comodidad.<\/p>\n<\/li>\n<li>\n<p data-path-to-node=\"10,1,0\"><b>Econ\u00f3mico:<\/b> Por lo general, es la soluci\u00f3n m\u00e1s rentable para eventos y personal de gran escala.<\/p>\n<\/li>\n<li>\n<p data-path-to-node=\"10,2,0\"><b>Impresi\u00f3n de alto contraste:<\/b> Ideal para textos y logotipos serigrafiados llamativos que necesitan destacarse sobre un fondo de color.<\/p>\n<\/li>\n<li>\n<p data-path-to-node=\"10,3,0\"><b>Suave y flexible:<\/b> El poli\u00e9ster de tejido suelto ofrece una ca\u00edda relajada e informal en comparaci\u00f3n con los cintas de cuello planos r\u00edgidos.<\/p>\n<\/li>\n<\/ul>","protected":false},"featured_media":5898,"comment_status":"closed","ping_status":"closed","template":"","meta":[],"product_brand":[],"product_cat":[104],"product_tag":[],"class_list":{"0":"post-5694","1":"product","2":"type-product","3":"status-publish","4":"has-post-thumbnail","6":"product_cat-custom-printed-lanyards","8":"first","9":"instock","10":"shipping-taxable","11":"product-type-simple"},"_links":{"self":[{"href":"https:\/\/displayproducts.eu\/es\/wp-json\/wp\/v2\/product\/5694","targetHints":{"allow":["GET"]}}],"collection":[{"href":"https:\/\/displayproducts.eu\/es\/wp-json\/wp\/v2\/product"}],"about":[{"href":"https:\/\/displayproducts.eu\/es\/wp-json\/wp\/v2\/types\/product"}],"replies":[{"embeddable":true,"href":"https:\/\/displayproducts.eu\/es\/wp-json\/wp\/v2\/comments?post=5694"}],"wp:featuredmedia":[{"embeddable":true,"href":"https:\/\/displayproducts.eu\/es\/wp-json\/wp\/v2\/media\/5898"}],"wp:attachment":[{"href":"https:\/\/displayproducts.eu\/es\/wp-json\/wp\/v2\/media?parent=5694"}],"wp:term":[{"taxonomy":"product_brand","embeddable":true,"href":"https:\/\/displayproducts.eu\/es\/wp-json\/wp\/v2\/product_brand?post=5694"},{"taxonomy":"product_cat","embeddable":true,"href":"https:\/\/displayproducts.eu\/es\/wp-json\/wp\/v2\/product_cat?post=5694"},{"taxonomy":"product_tag","embeddable":true,"href":"https:\/\/displayproducts.eu\/es\/wp-json\/wp\/v2\/product_tag?post=5694"}],"curies":[{"name":"wp","href":"https:\/\/api.w.org\/{rel}","templated":true}]}}