{"id":5689,"date":"2025-12-10T12:53:36","date_gmt":"2025-12-10T09:53:36","guid":{"rendered":"https:\/\/wristbandfactory.eu\/?post_type=product&#038;p=5689"},"modified":"2026-04-01T21:52:35","modified_gmt":"2026-04-01T18:52:35","slug":"custom-jacquard-woven-lanyards-embroidered-logo","status":"publish","type":"product","link":"https:\/\/displayproducts.eu\/es\/p\/custom-jacquard-woven-lanyards-embroidered-logo\/","title":{"rendered":"Cintas de cuello tejidos en jacquard personalizados con logotipo bordado"},"content":{"rendered":"<p data-path-to-node=\"11\">Actualice su identidad corporativa con nuestra <b>Cintas de cuello tejidos en jacquard personalizados<\/b>. Si bien los cintas de cuello impresos son ideales para eventos cortos, los cintas de cuello tejidos est\u00e1n dise\u00f1ados para durar a\u00f1os, lo que los convierte en la mejor opci\u00f3n para credenciales de identificaci\u00f3n de empleados y pases de seguridad.<\/p>\n<p data-path-to-node=\"12\"><b>La diferencia del Jacquard<\/b> Mediante un proceso de telar tradicional, tejemos su logotipo directamente en la tela con hilos te\u00f1idos. Esto crea un dise\u00f1o que forma parte del propio material. Como se ve en el ejemplo de &quot;Crete Carrier&quot;, el resultado es un acabado profesional donde el logotipo es visible en ambos lados (con los colores invertidos en el reverso).<\/p>\n<p data-path-to-node=\"13\"><b>\u00bfPor qu\u00e9 elegir Woven?<\/b><\/p>\n<ul data-path-to-node=\"14\">\n<li>\n<p data-path-to-node=\"14,0,0\"><b>Durabilidad:<\/b> El dise\u00f1o es permanente y resiste lavados y fricciones.<\/p>\n<\/li>\n<li>\n<p data-path-to-node=\"14,1,0\"><b>Prestigio:<\/b> El aspecto texturizado y bordado transmite un valor percibido mayor que la impresi\u00f3n plana.<\/p>\n<\/li>\n<\/ul>\n<p data-path-to-node=\"15\"><b>Casos de uso recomendados:<\/b><\/p>\n<ul data-path-to-node=\"16\">\n<li>\n<p data-path-to-node=\"16,0,0\"><b>Identificaci\u00f3n del personal:<\/b> Para uso diario en oficinas y hospitales.<\/p>\n<\/li>\n<li>\n<p data-path-to-node=\"16,1,0\"><b>Universidades:<\/b> Tarjetas de estudiante duraderas que duran un a\u00f1o acad\u00e9mico completo.<\/p>\n<\/li>\n<li>\n<p data-path-to-node=\"16,2,0\"><b>Mercanc\u00eda Premium:<\/b> Material de alta calidad para aficionados (por ejemplo, Yas Marina Circuit).<\/p>\n<\/li>\n<\/ul>\n<p data-path-to-node=\"17\"><b>Caracter\u00edsticas principales:<\/b><\/p>\n<ul data-path-to-node=\"18\">\n<li>\n<p data-path-to-node=\"18,0,0\"><b>Material:<\/b> Poli\u00e9ster tejido de alta resistencia.<\/p>\n<\/li>\n<li>\n<p data-path-to-node=\"18,1,0\"><b>Estilo de tejido:<\/b> Jacquard (se recomienda un m\u00e1ximo de 2-3 colores para mayor claridad).<\/p>\n<\/li>\n<li>\n<p data-path-to-node=\"18,2,0\"><b>Archivos adjuntos:<\/b> Ganchos giratorios de metal, anillas partidas o hebillas de pl\u00e1stico.<\/p>\n<\/li>\n<li>\n<p data-path-to-node=\"18,3,0\"><b>Ancho:<\/b> Est\u00e1ndar de 15 mm, 20 mm o 25 mm.<\/p>\n<\/li>\n<\/ul>","protected":false},"excerpt":{"rendered":"<ul>\n<li>\n<p data-path-to-node=\"9,0,0\"><b>Marca tejida:<\/b> El logotipo est\u00e1 cosido a la estructura de la cinta, no impreso en la parte superior, lo que garantiza que nunca se despegue ni se desvanezca.<\/p>\n<\/li>\n<li>\n<p data-path-to-node=\"9,1,0\"><b>Textura Premium:<\/b> Ofrece una sensaci\u00f3n bordada de alta calidad que es m\u00e1s gruesa y m\u00e1s resistente que los cintas de cuello de poli\u00e9ster est\u00e1ndar.<\/p>\n<\/li>\n<li>\n<p data-path-to-node=\"9,2,0\"><b>Reverso:<\/b> El dise\u00f1o aparece en colores invertidos en la parte posterior, lo que confirma la aut\u00e9ntica construcci\u00f3n tejida.<\/p>\n<\/li>\n<li>\n<p data-path-to-node=\"9,3,0\"><b>Trabajo pesado:<\/b> Ideal para uso a largo plazo por parte del personal, personal de seguridad o estudiantes universitarios.<\/p>\n<\/li>\n<\/ul>","protected":false},"featured_media":5903,"comment_status":"closed","ping_status":"closed","template":"","meta":[],"product_brand":[],"product_cat":[104],"product_tag":[],"class_list":{"0":"post-5689","1":"product","2":"type-product","3":"status-publish","4":"has-post-thumbnail","6":"product_cat-custom-printed-lanyards","8":"first","9":"instock","10":"shipping-taxable","11":"product-type-simple"},"_links":{"self":[{"href":"https:\/\/displayproducts.eu\/es\/wp-json\/wp\/v2\/product\/5689","targetHints":{"allow":["GET"]}}],"collection":[{"href":"https:\/\/displayproducts.eu\/es\/wp-json\/wp\/v2\/product"}],"about":[{"href":"https:\/\/displayproducts.eu\/es\/wp-json\/wp\/v2\/types\/product"}],"replies":[{"embeddable":true,"href":"https:\/\/displayproducts.eu\/es\/wp-json\/wp\/v2\/comments?post=5689"}],"wp:featuredmedia":[{"embeddable":true,"href":"https:\/\/displayproducts.eu\/es\/wp-json\/wp\/v2\/media\/5903"}],"wp:attachment":[{"href":"https:\/\/displayproducts.eu\/es\/wp-json\/wp\/v2\/media?parent=5689"}],"wp:term":[{"taxonomy":"product_brand","embeddable":true,"href":"https:\/\/displayproducts.eu\/es\/wp-json\/wp\/v2\/product_brand?post=5689"},{"taxonomy":"product_cat","embeddable":true,"href":"https:\/\/displayproducts.eu\/es\/wp-json\/wp\/v2\/product_cat?post=5689"},{"taxonomy":"product_tag","embeddable":true,"href":"https:\/\/displayproducts.eu\/es\/wp-json\/wp\/v2\/product_tag?post=5689"}],"curies":[{"name":"wp","href":"https:\/\/api.w.org\/{rel}","templated":true}]}}