{"id":5686,"date":"2025-12-10T12:49:01","date_gmt":"2025-12-10T09:49:01","guid":{"rendered":"https:\/\/wristbandfactory.eu\/?post_type=product&#038;p=5686"},"modified":"2026-04-01T21:52:35","modified_gmt":"2026-04-01T18:52:35","slug":"glow-in-the-dark-lanyards-night-event-branding","status":"publish","type":"product","link":"https:\/\/displayproducts.eu\/es\/p\/glow-in-the-dark-lanyards-night-event-branding\/","title":{"rendered":"Lanyards fosforescentes \u2013 Brillan en la oscuridad"},"content":{"rendered":"<p data-path-to-node=\"12\">Ilumina tu pr\u00f3ximo evento con nuestro <b>Cintas de cuello personalizados que brillan en la oscuridad<\/b>. Utilizando tinta de serigraf\u00eda fosforescente avanzada, estos cintas de cuello ofrecen un elemento interactivo \u00fanico que los cintas de cuello impresos est\u00e1ndar no pueden igualar.<\/p>\n<p data-path-to-node=\"13\"><b>C\u00f3mo funciona<\/b> La tinta especializada contiene f\u00f3sforos que absorben la energ\u00eda de las fuentes de luz ambiental (luz solar o artificial). En la oscuridad, esta energ\u00eda almacenada se libera en forma de un suave resplandor verde. Esto las hace incre\u00edblemente populares para... <b>eventos nocturnos<\/b> donde la visibilidad y la atm\u00f3sfera son claves.<\/p>\n<p data-path-to-node=\"14\"><b>Diferenciaci\u00f3n<\/b> A diferencia de los cintas de cuello \u201cne\u00f3n\u201d o \u201cfluorescentes\u201d, que son solo de colores brillantes, estos cintas de cuello en realidad generan su propia luz en la oscuridad.<\/p>\n<p data-path-to-node=\"15\"><b>Casos de uso recomendados:<\/b><\/p>\n<ul data-path-to-node=\"16\">\n<li>\n<p data-path-to-node=\"16,0,0\"><b>Vida nocturna y clubes:<\/b> Pases VIP que destacan en la pista de baile.<\/p>\n<\/li>\n<li>\n<p data-path-to-node=\"16,1,0\"><b>Deportes nocturnos:<\/b> \u201cCarreras de medianoche\u201d o caminatas ben\u00e9ficas donde la visibilidad es parte de la diversi\u00f3n.<\/p>\n<\/li>\n<li>\n<p data-path-to-node=\"16,2,0\"><b>Seguridad y protecci\u00f3n:<\/b> Ayuda a identificar a los miembros del personal en \u00e1reas detr\u00e1s del escenario con poca luz.<\/p>\n<\/li>\n<\/ul>\n<p data-path-to-node=\"17\"><b>Caracter\u00edsticas principales:<\/b><\/p>\n<ul data-path-to-node=\"18\">\n<li>\n<p data-path-to-node=\"18,0,0\"><b>Material base:<\/b> Poli\u00e9ster (se recomienda negro para contraste).<\/p>\n<\/li>\n<li>\n<p data-path-to-node=\"18,1,0\"><b>Imprimir:<\/b> Blanco roto durante el d\u00eda \/ Brillo verde durante la noche.<\/p>\n<\/li>\n<li>\n<p data-path-to-node=\"18,2,0\"><b>Activaci\u00f3n:<\/b> Se recarga infinitamente con la exposici\u00f3n a la luz.<\/p>\n<\/li>\n<li>\n<p data-path-to-node=\"18,3,0\"><b>Archivos adjuntos:<\/b> Compatible con todos los ganchos y clips est\u00e1ndar.<\/p>\n<\/li>\n<\/ul>","protected":false},"excerpt":{"rendered":"<ul data-path-to-node=\"10\">\n<li>\n<p data-path-to-node=\"10,0,0\"><b>Efecto fosforescente:<\/b> La tinta especial absorbe la luz durante el d\u00eda y emite un brillo verde en ambientes oscuros.<\/p>\n<\/li>\n<li>\n<p data-path-to-node=\"10,1,0\"><b>Alto contraste:<\/b> Los mejores resultados se obtienen con una correa de poli\u00e9ster negra, que hace que el texto brillante resalte v\u00edvidamente.<\/p>\n<\/li>\n<li>\n<p data-path-to-node=\"10,2,0\"><b>Doble visibilidad:<\/b> Parece una impresi\u00f3n est\u00e1ndar en blanco y amarillo a la luz del d\u00eda, pero se transforma autom\u00e1ticamente cuando se apagan las luces.<\/p>\n<\/li>\n<li>\n<p data-path-to-node=\"10,3,0\"><b>Listo para el evento:<\/b> Un \u00e9xito de ventas para clubes nocturnos, festivales nocturnos y eventos deportivos \u201cglow run\u201d.<\/p>\n<\/li>\n<\/ul>","protected":false},"featured_media":5906,"comment_status":"closed","ping_status":"closed","template":"","meta":[],"product_brand":[],"product_cat":[104,76],"product_tag":[],"class_list":{"0":"post-5686","1":"product","2":"type-product","3":"status-publish","4":"has-post-thumbnail","6":"product_cat-custom-printed-lanyards","7":"product_cat-glow-led-products","9":"first","10":"instock","11":"shipping-taxable","12":"product-type-simple"},"_links":{"self":[{"href":"https:\/\/displayproducts.eu\/es\/wp-json\/wp\/v2\/product\/5686","targetHints":{"allow":["GET"]}}],"collection":[{"href":"https:\/\/displayproducts.eu\/es\/wp-json\/wp\/v2\/product"}],"about":[{"href":"https:\/\/displayproducts.eu\/es\/wp-json\/wp\/v2\/types\/product"}],"replies":[{"embeddable":true,"href":"https:\/\/displayproducts.eu\/es\/wp-json\/wp\/v2\/comments?post=5686"}],"wp:featuredmedia":[{"embeddable":true,"href":"https:\/\/displayproducts.eu\/es\/wp-json\/wp\/v2\/media\/5906"}],"wp:attachment":[{"href":"https:\/\/displayproducts.eu\/es\/wp-json\/wp\/v2\/media?parent=5686"}],"wp:term":[{"taxonomy":"product_brand","embeddable":true,"href":"https:\/\/displayproducts.eu\/es\/wp-json\/wp\/v2\/product_brand?post=5686"},{"taxonomy":"product_cat","embeddable":true,"href":"https:\/\/displayproducts.eu\/es\/wp-json\/wp\/v2\/product_cat?post=5686"},{"taxonomy":"product_tag","embeddable":true,"href":"https:\/\/displayproducts.eu\/es\/wp-json\/wp\/v2\/product_tag?post=5686"}],"curies":[{"name":"wp","href":"https:\/\/api.w.org\/{rel}","templated":true}]}}