{"id":5671,"date":"2025-12-10T12:33:03","date_gmt":"2025-12-10T09:33:03","guid":{"rendered":"https:\/\/wristbandfactory.eu\/?post_type=product&#038;p=5671"},"modified":"2026-04-01T21:52:35","modified_gmt":"2026-04-01T18:52:35","slug":"custom-canvas-webbing-belts-metal-plastic-buckles","status":"publish","type":"product","link":"https:\/\/displayproducts.eu\/es\/p\/custom-canvas-webbing-belts-metal-plastic-buckles\/","title":{"rendered":"Cinturones de lona personalizados \u2013 Hebilla de metal o pl\u00e1stico"},"content":{"rendered":"<p data-path-to-node=\"12\">Ampl\u00ede su l\u00ednea de ropa de marca con nuestra <b>Cinturones de lona personalizados<\/b>. Ya sea para uniformes de trabajo industriales o para art\u00edculos de moda urbana, estos cinturones ofrecen una oportunidad pr\u00e1ctica y de alta visibilidad para la marca.<\/p>\n<p data-path-to-node=\"13\"><b>Dos estilos de hebilla para combinar con tu marca:<\/b><\/p>\n<ol start=\"1\" data-path-to-node=\"14\">\n<li>\n<p data-path-to-node=\"14,0,0\"><b>El est\u00e1ndar \u201cRopa de trabajo\u201d (Metal):<\/b> Como se ve en nuestro ejemplo de Milwaukee, la hebilla met\u00e1lica ofrece una sensaci\u00f3n de alta calidad. Podemos grabar su logotipo directamente en el metal y rellenarlo con esmalte para un acabado resistente y profesional.<\/p>\n<\/li>\n<li>\n<p data-path-to-node=\"14,1,0\"><b>El est\u00e1ndar \u201cCalle\u201d (Pl\u00e1stico):<\/b> Para una est\u00e9tica m\u00e1s ligera e informal, elija la hebilla de pl\u00e1stico resistente con abrazadera. Es duradera, no se corroe y es ideal para uso activo.<\/p>\n<\/li>\n<\/ol>\n<p data-path-to-node=\"15\"><b>\u00bfPor qu\u00e9 elegir cinturones personalizados?<\/b> Los cinturones son art\u00edculos de alta retenci\u00f3n: quienes los usan a diario. Son esencialmente &quot;vallas publicitarias ambulantes&quot; para su marca, especialmente efectivos para empresas de construcci\u00f3n, marcas de skate\/surf y proveedores de uniformes.<\/p>\n<p data-path-to-node=\"16\"><b>Caracter\u00edsticas principales:<\/b><\/p>\n<ul data-path-to-node=\"17\">\n<li>\n<p data-path-to-node=\"17,0,0\"><b>Ancho de la correa:<\/b> Anchos est\u00e1ndar de 30 mm o 38 mm.<\/p>\n<\/li>\n<li>\n<p data-path-to-node=\"17,1,0\"><b>Mecanismo de hebilla:<\/b> El confiable sistema de abrazadera dentada evita el deslizamiento.<\/p>\n<\/li>\n<li>\n<p data-path-to-node=\"17,2,0\"><b>Personalizaci\u00f3n:<\/b> Logotipo en la hebilla (bordado\/impreso) + opciones de etiqueta tejida.<\/p>\n<\/li>\n<li>\n<p data-path-to-node=\"17,3,0\"><b>Embalaje:<\/b> Envoltorio de bolsa de polietileno individual disponible para distribuci\u00f3n minorista.<\/p>\n<\/li>\n<\/ul>","protected":false},"excerpt":{"rendered":"<ul>\n<li>\n<p data-path-to-node=\"10,0,0\"><b>Correas de alta resistencia:<\/b> Fabricado con lona de poli\u00e9ster o algod\u00f3n gruesa y duradera, dise\u00f1ada para soportar el desgaste diario.<\/p>\n<\/li>\n<li>\n<p data-path-to-node=\"10,1,0\"><b>Opci\u00f3n de hebilla de metal:<\/b> Hebilla met\u00e1lica cl\u00e1sica de estilo militar con tapa abatible, perfecta para logotipos en relieve (por ejemplo, Milwaukee) y regalos corporativos.<\/p>\n<\/li>\n<li>\n<p data-path-to-node=\"10,2,0\"><b>Opci\u00f3n de hebilla de pl\u00e1stico:<\/b> Hebilla de pl\u00e1stico negro resistente y liviana (estilo YKK) para una apariencia moderna o entornos sensibles a la seguridad.<\/p>\n<\/li>\n<li>\n<p data-path-to-node=\"10,3,0\"><b>Totalmente ajustable:<\/b> El dise\u00f1o cortado a medida permite que el cintur\u00f3n se ajuste f\u00e1cilmente a cualquier tama\u00f1o de cintura.<\/p>\n<\/li>\n<\/ul>","protected":false},"featured_media":5914,"comment_status":"closed","ping_status":"closed","template":"","meta":[],"product_brand":[],"product_cat":[127],"product_tag":[],"class_list":{"0":"post-5671","1":"product","2":"type-product","3":"status-publish","4":"has-post-thumbnail","6":"product_cat-custom-straps-belts","8":"first","9":"instock","10":"shipping-taxable","11":"product-type-simple"},"_links":{"self":[{"href":"https:\/\/displayproducts.eu\/es\/wp-json\/wp\/v2\/product\/5671","targetHints":{"allow":["GET"]}}],"collection":[{"href":"https:\/\/displayproducts.eu\/es\/wp-json\/wp\/v2\/product"}],"about":[{"href":"https:\/\/displayproducts.eu\/es\/wp-json\/wp\/v2\/types\/product"}],"replies":[{"embeddable":true,"href":"https:\/\/displayproducts.eu\/es\/wp-json\/wp\/v2\/comments?post=5671"}],"wp:featuredmedia":[{"embeddable":true,"href":"https:\/\/displayproducts.eu\/es\/wp-json\/wp\/v2\/media\/5914"}],"wp:attachment":[{"href":"https:\/\/displayproducts.eu\/es\/wp-json\/wp\/v2\/media?parent=5671"}],"wp:term":[{"taxonomy":"product_brand","embeddable":true,"href":"https:\/\/displayproducts.eu\/es\/wp-json\/wp\/v2\/product_brand?post=5671"},{"taxonomy":"product_cat","embeddable":true,"href":"https:\/\/displayproducts.eu\/es\/wp-json\/wp\/v2\/product_cat?post=5671"},{"taxonomy":"product_tag","embeddable":true,"href":"https:\/\/displayproducts.eu\/es\/wp-json\/wp\/v2\/product_tag?post=5671"}],"curies":[{"name":"wp","href":"https:\/\/api.w.org\/{rel}","templated":true}]}}