{"id":5670,"date":"2025-12-10T12:24:00","date_gmt":"2025-12-10T09:24:00","guid":{"rendered":"https:\/\/wristbandfactory.eu\/?post_type=product&#038;p=5670"},"modified":"2026-04-01T21:52:03","modified_gmt":"2026-04-01T18:52:03","slug":"custom-neoprene-sunglasses-straps-floating-retainer","status":"publish","type":"product","link":"https:\/\/displayproducts.eu\/es\/p\/custom-neoprene-sunglasses-straps-floating-retainer\/","title":{"rendered":"Correas de neopreno para gafas \u2013 Flotantes"},"content":{"rendered":"<p data-path-to-node=\"12\">Protege tus gafas con estilo con nuestras <b>Correas de neopreno personalizadas para gafas de sol<\/b>. Tambi\u00e9n conocidos como retenedores de gafas, son el art\u00edculo promocional de verano por excelencia para agencias de viajes, equipos deportivos y marcas de actividades al aire libre.<\/p>\n<p data-path-to-node=\"13\"><b>Creado para la acci\u00f3n y el agua<\/b> A diferencia de las cuerdas delgadas, estas correas est\u00e1n hechas de neopreno de alta calidad, el mismo material que se usa en los trajes de neopreno. Esto les proporciona una flotabilidad natural, lo que las hace... <b>Ideal para deportes acu\u00e1ticos<\/b>, Excursiones de pesca y festivales en la playa. Si las gafas se caen al agua, la correa ayuda a mantenerlas a flote.<\/p>\n<p data-path-to-node=\"14\"><b>Marca de alta visibilidad<\/b> El perfil ancho de la correa proporciona un excelente soporte para su marca. Como se ve en las muestras, podemos realizar:<\/p>\n<ol start=\"1\" data-path-to-node=\"15\">\n<li>\n<p data-path-to-node=\"15,0,0\"><b>Impresi\u00f3n en colores directos:<\/b> Logotipos claros y llamativos para la visibilidad corporativa (por ejemplo, Allianz, Ole Miss).<\/p>\n<\/li>\n<li>\n<p data-path-to-node=\"15,1,0\"><b>Sublimaci\u00f3n a todo color:<\/b> Patrones e ilustraciones vibrantes de borde a borde (por ejemplo, delfines, temas n\u00e1uticos).<\/p>\n<\/li>\n<\/ol>\n<p data-path-to-node=\"16\"><b>Casos de uso recomendados:<\/b><\/p>\n<ul data-path-to-node=\"17\">\n<li>\n<p data-path-to-node=\"17,0,0\"><b>Festivales de verano:<\/b> Un obsequio pr\u00e1ctico que los asistentes podr\u00e1n usar inmediatamente.<\/p>\n<\/li>\n<li>\n<p data-path-to-node=\"17,1,0\"><b>Retiros corporativos:<\/b> Perfecto para eventos de formaci\u00f3n de equipos cerca del agua.<\/p>\n<\/li>\n<li>\n<p data-path-to-node=\"17,2,0\"><b>Mercanc\u00eda deportiva:<\/b> Marca universitaria y de equipo para fans.<\/p>\n<\/li>\n<\/ul>\n<p data-path-to-node=\"18\"><b>Caracter\u00edsticas principales:<\/b><\/p>\n<ul data-path-to-node=\"19\">\n<li>\n<p data-path-to-node=\"19,0,0\"><b>Material:<\/b> 100% Neopreno (espuma SBR\/CR).<\/p>\n<\/li>\n<li>\n<p data-path-to-node=\"19,1,0\"><b>Tama\u00f1o:<\/b> Est\u00e1ndar aprox. 40 cm x 2,5 cm (se adapta a la mayor\u00eda de los adultos).<\/p>\n<\/li>\n<li>\n<p data-path-to-node=\"19,2,0\"><b>Imprimir:<\/b> Sublimaci\u00f3n mediante serigraf\u00eda o transferencia t\u00e9rmica.<\/p>\n<\/li>\n<li>\n<p data-path-to-node=\"19,3,0\"><b>Funci\u00f3n:<\/b> Antideslizante, flotante, de secado r\u00e1pido.<\/p>\n<\/li>\n<\/ul>\n<h3 data-path-to-node=\"20\"><\/h3>","protected":false},"excerpt":{"rendered":"<ul>\n<li>\n<p data-path-to-node=\"10,0,0\"><b>Material flotante:<\/b> Fabricado con neopreno suave y liviano (material de traje de neopreno) que ayuda a que las gafas se mantengan a flote en el agua.<\/p>\n<\/li>\n<li>\n<p data-path-to-node=\"10,1,0\"><b>Ajuste seguro:<\/b> Los extremos tubulares el\u00e1sticos sujetan firmemente los marcos de gafas de sol est\u00e1ndar, evitando que se resbalen durante las actividades.<\/p>\n<\/li>\n<li>\n<p data-path-to-node=\"10,2,0\"><b>Marca completa:<\/b> Ofrece una gran \u00e1rea de impresi\u00f3n para logotipos llamativos (por ejemplo, Allianz, Ole Miss) o patrones a todo color.<\/p>\n<\/li>\n<li>\n<p data-path-to-node=\"10,3,0\"><b>C\u00f3modo:<\/b> La tela suave es c\u00f3moda para el cuello y se seca r\u00e1pidamente despu\u00e9s de mojarse.<\/p>\n<\/li>\n<\/ul>","protected":false},"featured_media":6673,"comment_status":"closed","ping_status":"closed","template":"","meta":[],"product_brand":[],"product_cat":[129,118,127],"product_tag":[],"class_list":{"0":"post-5670","1":"product","2":"type-product","3":"status-publish","4":"has-post-thumbnail","6":"product_cat-leisure-lifestyle","7":"product_cat-sports-fitness","8":"product_cat-custom-straps-belts","10":"first","11":"instock","12":"shipping-taxable","13":"product-type-simple"},"_links":{"self":[{"href":"https:\/\/displayproducts.eu\/es\/wp-json\/wp\/v2\/product\/5670","targetHints":{"allow":["GET"]}}],"collection":[{"href":"https:\/\/displayproducts.eu\/es\/wp-json\/wp\/v2\/product"}],"about":[{"href":"https:\/\/displayproducts.eu\/es\/wp-json\/wp\/v2\/types\/product"}],"replies":[{"embeddable":true,"href":"https:\/\/displayproducts.eu\/es\/wp-json\/wp\/v2\/comments?post=5670"}],"wp:featuredmedia":[{"embeddable":true,"href":"https:\/\/displayproducts.eu\/es\/wp-json\/wp\/v2\/media\/6673"}],"wp:attachment":[{"href":"https:\/\/displayproducts.eu\/es\/wp-json\/wp\/v2\/media?parent=5670"}],"wp:term":[{"taxonomy":"product_brand","embeddable":true,"href":"https:\/\/displayproducts.eu\/es\/wp-json\/wp\/v2\/product_brand?post=5670"},{"taxonomy":"product_cat","embeddable":true,"href":"https:\/\/displayproducts.eu\/es\/wp-json\/wp\/v2\/product_cat?post=5670"},{"taxonomy":"product_tag","embeddable":true,"href":"https:\/\/displayproducts.eu\/es\/wp-json\/wp\/v2\/product_tag?post=5670"}],"curies":[{"name":"wp","href":"https:\/\/api.w.org\/{rel}","templated":true}]}}