{"id":5654,"date":"2025-12-10T12:17:37","date_gmt":"2025-12-10T09:17:37","guid":{"rendered":"https:\/\/wristbandfactory.eu\/?post_type=product&#038;p=5654"},"modified":"2026-04-01T21:52:35","modified_gmt":"2026-04-01T18:52:35","slug":"custom-printed-round-cord-lanyards-direct-text-branding","status":"publish","type":"product","link":"https:\/\/displayproducts.eu\/es\/p\/custom-printed-round-cord-lanyards-direct-text-branding\/","title":{"rendered":"Lanyards de cord\u00f3n redondo impresos \u2013 Texto en la cuerda"},"content":{"rendered":"<p data-path-to-node=\"12\">Destaca entre la multitud con nuestro <b>Cintas de cuello redondos con impresi\u00f3n personalizada<\/b>. A diferencia de los cintas de cuello tradicionales, que utilizan una placa de PVC independiente para la marca, esta opci\u00f3n premium presenta su texto o logotipo impreso directamente sobre la superficie de la cuerda.<\/p>\n<p data-path-to-node=\"13\"><b>Minimalista y moderno<\/b> Esta t\u00e9cnica crea un aspecto elegante y deportivo, popular entre empresas tecnol\u00f3gicas, marcas de art\u00edculos para actividades al aire libre y escuelas. El perfil redondo (normalmente de 5 u 8 mm) es c\u00f3modo de usar todo el d\u00eda y no se enrosca como las cintas planas.<\/p>\n<p data-path-to-node=\"14\"><b>El\u00e1stico vs. est\u00e1tico<\/b> Puedes elegir entre:<\/p>\n<ol start=\"1\" data-path-to-node=\"15\">\n<li>\n<p data-path-to-node=\"15,0,0\"><b>Poli\u00e9ster tubular:<\/b> Una opci\u00f3n cl\u00e1sica, duradera y que no se estira, perfecta para tarjetas de identificaci\u00f3n.<\/p>\n<\/li>\n<li>\n<p data-path-to-node=\"15,1,0\"><b>Cord\u00f3n el\u00e1stico:<\/b> Un material el\u00e1stico \u201cestilo bungee\u201d que agrega un elemento t\u00e1ctil y flexibilidad \u00fanicos.<\/p>\n<\/li>\n<\/ol>\n<p data-path-to-node=\"16\"><b>Casos de uso recomendados:<\/b><\/p>\n<ul data-path-to-node=\"17\">\n<li>\n<p data-path-to-node=\"17,0,0\"><b>Deportes y actividades al aire libre:<\/b> El estilo de cuerda resistente se adapta perfectamente a los eventos deportivos.<\/p>\n<\/li>\n<li>\n<p data-path-to-node=\"17,1,0\"><b>Escuelas y universidades:<\/b> Porta identificaciones sencillos y duraderos para estudiantes.<\/p>\n<\/li>\n<li>\n<p data-path-to-node=\"17,2,0\"><b>Art\u00edculos tecnol\u00f3gicos:<\/b> Una alternativa moderna al cord\u00f3n plano est\u00e1ndar.<\/p>\n<\/li>\n<\/ul>\n<p data-path-to-node=\"18\"><b>Caracter\u00edsticas principales:<\/b><\/p>\n<ul data-path-to-node=\"19\">\n<li>\n<p data-path-to-node=\"19,0,0\"><b>Impresi\u00f3n:<\/b> Serigraf\u00eda alrededor de la curvatura del cord\u00f3n.<\/p>\n<\/li>\n<li>\n<p data-path-to-node=\"19,1,0\"><b>Di\u00e1metro:<\/b> Disponible en 5 mm, 8 mm o espesores personalizados.<\/p>\n<\/li>\n<li>\n<p data-path-to-node=\"19,2,0\"><b>Ajustadores:<\/b> Deslizadores de botones de pl\u00e1stico disponibles para ajuste de tama\u00f1o.<\/p>\n<\/li>\n<li>\n<p data-path-to-node=\"19,3,0\"><b>Archivos adjuntos:<\/b> Ganchos de metal de alta resistencia o bucles de cuerda delicados.<\/p>\n<\/li>\n<\/ul>","protected":false},"excerpt":{"rendered":"<ul data-path-to-node=\"10\">\n<li>\n<p data-path-to-node=\"10,0,0\"><b>Marca directa:<\/b> Su logotipo o eslogan se serigrafiado de forma continua a lo largo del cord\u00f3n redondo, ofreciendo una visibilidad de 360 grados.<\/p>\n<\/li>\n<li>\n<p data-path-to-node=\"10,1,0\"><b>Opciones de materiales:<\/b> Disponible en poli\u00e9ster tubular est\u00e1ndar o cord\u00f3n el\u00e1stico el\u00e1stico para mayor funcionalidad.<\/p>\n<\/li>\n<li>\n<p data-path-to-node=\"10,2,0\"><b>Controles deslizantes inteligentes:<\/b> Incluye deslizadores de pl\u00e1stico ajustables o \u201cbotones\u201d para regular la longitud o mantener el cable ordenado.<\/p>\n<\/li>\n<li>\n<p data-path-to-node=\"10,3,0\"><b>Clips vers\u00e1tiles:<\/b> Compatible con mosquetones met\u00e1licos, ganchos giratorios o presillas para tel\u00e9fono m\u00f3vil.<\/p>\n<\/li>\n<\/ul>","protected":false},"featured_media":6805,"comment_status":"closed","ping_status":"closed","template":"","meta":[],"product_brand":[],"product_cat":[125,104,108],"product_tag":[],"class_list":{"0":"post-5654","1":"product","2":"type-product","3":"status-publish","4":"has-post-thumbnail","6":"product_cat-cord-lanyards","7":"product_cat-custom-printed-lanyards","8":"product_cat-multifunctional-lanyards","10":"first","11":"instock","12":"shipping-taxable","13":"product-type-simple"},"_links":{"self":[{"href":"https:\/\/displayproducts.eu\/es\/wp-json\/wp\/v2\/product\/5654","targetHints":{"allow":["GET"]}}],"collection":[{"href":"https:\/\/displayproducts.eu\/es\/wp-json\/wp\/v2\/product"}],"about":[{"href":"https:\/\/displayproducts.eu\/es\/wp-json\/wp\/v2\/types\/product"}],"replies":[{"embeddable":true,"href":"https:\/\/displayproducts.eu\/es\/wp-json\/wp\/v2\/comments?post=5654"}],"wp:featuredmedia":[{"embeddable":true,"href":"https:\/\/displayproducts.eu\/es\/wp-json\/wp\/v2\/media\/6805"}],"wp:attachment":[{"href":"https:\/\/displayproducts.eu\/es\/wp-json\/wp\/v2\/media?parent=5654"}],"wp:term":[{"taxonomy":"product_brand","embeddable":true,"href":"https:\/\/displayproducts.eu\/es\/wp-json\/wp\/v2\/product_brand?post=5654"},{"taxonomy":"product_cat","embeddable":true,"href":"https:\/\/displayproducts.eu\/es\/wp-json\/wp\/v2\/product_cat?post=5654"},{"taxonomy":"product_tag","embeddable":true,"href":"https:\/\/displayproducts.eu\/es\/wp-json\/wp\/v2\/product_tag?post=5654"}],"curies":[{"name":"wp","href":"https:\/\/api.w.org\/{rel}","templated":true}]}}