{"id":5650,"date":"2025-12-10T12:11:49","date_gmt":"2025-12-10T09:11:49","guid":{"rendered":"https:\/\/wristbandfactory.eu\/?post_type=product&#038;p=5650"},"modified":"2026-04-01T21:52:35","modified_gmt":"2026-04-01T18:52:35","slug":"natural-cotton-lanyards-eco-friendly-soft","status":"publish","type":"product","link":"https:\/\/displayproducts.eu\/es\/p\/natural-cotton-lanyards-eco-friendly-soft\/","title":{"rendered":"Lanyards de algod\u00f3n natural \u2013 Ecol\u00f3gico y suave"},"content":{"rendered":"<p data-path-to-node=\"11\">Demuestre su compromiso con la sostenibilidad con nuestra <b>Cintas de cuello de algod\u00f3n natural<\/b>. Estos cintas de cuello son la opci\u00f3n preferida para conferencias ambientales, marcas de energ\u00eda verde y organizaciones que buscan reducir su huella pl\u00e1stica.<\/p>\n<p data-path-to-node=\"12\"><b>El aspecto y la sensaci\u00f3n \u201cnaturales\u201d<\/b> A diferencia del poli\u00e9ster brillante, estos cintas de cuello tienen un acabado mate texturizado en un color blanquecino natural. El material es biodegradable y muy suave, lo que lo hace perfecto para eventos de varios d\u00edas donde la comodidad es fundamental.<\/p>\n<p data-path-to-node=\"13\"><b>Marca y hardware<\/b> El tejido suave permite una serigraf\u00eda n\u00edtida. Como se aprecia en las muestras, los logotipos llamativos (como &quot;EBJIS2022&quot;) resaltan a la perfecci\u00f3n sobre el fondo claro. Los cintas de cuello incluyen un resistente gancho giratorio met\u00e1lico para credenciales de identificaci\u00f3n y un cierre de seguridad opcional para mayor seguridad.<\/p>\n<p data-path-to-node=\"14\"><b>Casos de uso recomendados:<\/b><\/p>\n<ul data-path-to-node=\"15\">\n<li>\n<p data-path-to-node=\"15,0,0\"><b>Conferencias Verdes:<\/b> Se alinea perfectamente con los temas del evento \u201cCero Residuos\u201d.<\/p>\n<\/li>\n<li>\n<p data-path-to-node=\"15,1,0\"><b>ONG y organizaciones ben\u00e9ficas:<\/b> Comunica autenticidad y cuidado.<\/p>\n<\/li>\n<li>\n<p data-path-to-node=\"15,2,0\"><b>Salud y bienestar:<\/b> Una opci\u00f3n natural e hipoalerg\u00e9nica para eventos m\u00e9dicos.<\/p>\n<\/li>\n<\/ul>\n<p data-path-to-node=\"16\"><b>Caracter\u00edsticas principales:<\/b><\/p>\n<ul data-path-to-node=\"17\">\n<li>\n<p data-path-to-node=\"17,0,0\"><b>Material:<\/b> 100% Algod\u00f3n Natural (Sin Blanquear).<\/p>\n<\/li>\n<li>\n<p data-path-to-node=\"17,1,0\"><b>Ancho:<\/b> Tejido plano est\u00e1ndar de 15 mm o 20 mm.<\/p>\n<\/li>\n<li>\n<p data-path-to-node=\"17,2,0\"><b>Archivos adjuntos:<\/b> Gancho de langosta de metal (gatillo de resorte).<\/p>\n<\/li>\n<li>\n<p data-path-to-node=\"17,3,0\"><b>Seguridad:<\/b> Hebilla de pl\u00e1stico desmontable incluida.<\/p>\n<\/li>\n<\/ul>","protected":false},"excerpt":{"rendered":"<ul>\n<li>\n<p data-path-to-node=\"9,0,0\"><b>Material ecol\u00f3gico:<\/b> Fabricado con fibras de algod\u00f3n naturales sin blanquear, que ofrecen un aspecto distintivo de color crema\/blanquecino.<\/p>\n<\/li>\n<li>\n<p data-path-to-node=\"9,1,0\"><b>Textura suave:<\/b> La tela de tejido plano es transpirable y extremadamente c\u00f3moda contra la piel, a diferencia de los sint\u00e9ticos que pican.<\/p>\n<\/li>\n<li>\n<p data-path-to-node=\"9,2,0\"><b>Impresi\u00f3n personalizada:<\/b> La serigraf\u00eda de alto contraste (por ejemplo, negro sobre natural) garantiza que los logotipos permanezcan n\u00edtidos y legibles.<\/p>\n<\/li>\n<li>\n<p data-path-to-node=\"9,3,0\"><b>Seguridad ante todo:<\/b> Disponible con una hebilla de seguridad de pl\u00e1stico negro para evitar riesgos de asfixia.<\/p>\n<\/li>\n<\/ul>","protected":false},"featured_media":6468,"comment_status":"closed","ping_status":"closed","template":"","meta":[],"product_brand":[],"product_cat":[104,107],"product_tag":[],"class_list":{"0":"post-5650","1":"product","2":"type-product","3":"status-publish","4":"has-post-thumbnail","6":"product_cat-custom-printed-lanyards","7":"product_cat-eco-friendly-lanyards","9":"first","10":"instock","11":"shipping-taxable","12":"product-type-simple"},"_links":{"self":[{"href":"https:\/\/displayproducts.eu\/es\/wp-json\/wp\/v2\/product\/5650","targetHints":{"allow":["GET"]}}],"collection":[{"href":"https:\/\/displayproducts.eu\/es\/wp-json\/wp\/v2\/product"}],"about":[{"href":"https:\/\/displayproducts.eu\/es\/wp-json\/wp\/v2\/types\/product"}],"replies":[{"embeddable":true,"href":"https:\/\/displayproducts.eu\/es\/wp-json\/wp\/v2\/comments?post=5650"}],"wp:featuredmedia":[{"embeddable":true,"href":"https:\/\/displayproducts.eu\/es\/wp-json\/wp\/v2\/media\/6468"}],"wp:attachment":[{"href":"https:\/\/displayproducts.eu\/es\/wp-json\/wp\/v2\/media?parent=5650"}],"wp:term":[{"taxonomy":"product_brand","embeddable":true,"href":"https:\/\/displayproducts.eu\/es\/wp-json\/wp\/v2\/product_brand?post=5650"},{"taxonomy":"product_cat","embeddable":true,"href":"https:\/\/displayproducts.eu\/es\/wp-json\/wp\/v2\/product_cat?post=5650"},{"taxonomy":"product_tag","embeddable":true,"href":"https:\/\/displayproducts.eu\/es\/wp-json\/wp\/v2\/product_tag?post=5650"}],"curies":[{"name":"wp","href":"https:\/\/api.w.org\/{rel}","templated":true}]}}