{"id":5642,"date":"2025-12-10T11:59:44","date_gmt":"2025-12-10T08:59:44","guid":{"rendered":"https:\/\/wristbandfactory.eu\/?post_type=product&#038;p=5642"},"modified":"2026-04-01T21:52:35","modified_gmt":"2026-04-01T18:52:35","slug":"natural-cork-lanyards-with-bottle-opener-eco-metal","status":"publish","type":"product","link":"https:\/\/displayproducts.eu\/es\/p\/natural-cork-lanyards-with-bottle-opener-eco-metal\/","title":{"rendered":"Lanyards de corcho con abrebotellas \u2013 Ecol\u00f3gico"},"content":{"rendered":"<p data-path-to-node=\"13\">Combine la sostenibilidad con una alta utilidad utilizando nuestro <b>Cintas de cuello de corcho natural con abrebotellas<\/b>. Este producto cierra la brecha entre la marca con conciencia ecol\u00f3gica y los productos pr\u00e1cticos para eventos.<\/p>\n<p data-path-to-node=\"14\">A diferencia de los cintas de cuello de poli\u00e9ster est\u00e1ndar, la correa est\u00e1 hecha de <b>corcho real<\/b>, lo que le da un aspecto \u00fanico y org\u00e1nico y una sensaci\u00f3n de suavidad en la piel. Lo m\u00e1s destacado de este modelo es la <b>Abridor de botellas de metal integrado<\/b>, lo que lo convierte en un art\u00edculo de colecci\u00f3n muy deseado por los asistentes a festivales y fiestas.<\/p>\n<p data-path-to-node=\"15\"><b>\u00bfPor qu\u00e9 elegir Cork + Opener?<\/b> Transmite un doble mensaje: su marca se preocupa por el medio ambiente (Eco) y sabe c\u00f3mo divertirse (Social). El resistente herraje met\u00e1lico garantiza la durabilidad del producto, manteniendo su logotipo en circulaci\u00f3n mucho despu\u00e9s de la finalizaci\u00f3n del evento.<\/p>\n<p data-path-to-node=\"16\"><b>Casos de uso recomendados:<\/b><\/p>\n<ul data-path-to-node=\"17\">\n<li>\n<p data-path-to-node=\"17,0,0\"><b>Eventos de comida y bebida:<\/b> Festivales de cerveza, catas de vino y ferias de verano.<\/p>\n<\/li>\n<li>\n<p data-path-to-node=\"17,1,0\"><b>Campa\u00f1as ecol\u00f3gicas:<\/b> Marcas que buscan alternativas sin pl\u00e1stico.<\/p>\n<\/li>\n<li>\n<p data-path-to-node=\"17,2,0\"><b>Regalos VIP:<\/b> Un regalo funcional que ofrece un valor percibido mayor que un cord\u00f3n est\u00e1ndar.<\/p>\n<\/li>\n<\/ul>\n<p data-path-to-node=\"18\"><b>Caracter\u00edsticas principales:<\/b><\/p>\n<ul data-path-to-node=\"19\">\n<li>\n<p data-path-to-node=\"19,0,0\"><b>Material:<\/b> Respaldo de corcho natural genuino.<\/p>\n<\/li>\n<li>\n<p data-path-to-node=\"19,1,0\"><b>Adjunto:<\/b> Abridor de botellas de metal + gancho giratorio (clip de langosta).<\/p>\n<\/li>\n<li>\n<p data-path-to-node=\"19,2,0\"><b>Personalizaci\u00f3n:<\/b> Disponible con serigraf\u00eda o grabado l\u00e1ser sobre el corcho.<\/p>\n<\/li>\n<li>\n<p data-path-to-node=\"19,3,0\"><b>Durabilidad:<\/b> Engarce met\u00e1lico reforzado para uso diario intensivo.<\/p>\n<\/li>\n<\/ul>","protected":false},"excerpt":{"rendered":"<ul data-path-to-node=\"11\">\n<li>\n<p data-path-to-node=\"11,0,0\"><b>Material ecol\u00f3gico:<\/b> Fabricado con corcho natural y sostenible con una textura suave y de primera calidad.<\/p>\n<\/li>\n<li>\n<p data-path-to-node=\"11,1,0\"><b>Herramienta incorporada:<\/b> Cuenta con una placa abridora de botellas de metal resistente integrada directamente en la correa.<\/p>\n<\/li>\n<li>\n<p data-path-to-node=\"11,2,0\"><b>Hardware de primera calidad:<\/b> Terminado con engarces de metal de alta calidad y un gancho de pinza de langosta, eliminando las piezas de pl\u00e1stico baratas.<\/p>\n<\/li>\n<li>\n<p data-path-to-node=\"11,3,0\"><b>Listo para el evento:<\/b> El accesorio funcional perfecto para festivales de cerveza, eventos al aire libre y marketing de bebidas.<\/p>\n<\/li>\n<\/ul>","protected":false},"featured_media":6557,"comment_status":"closed","ping_status":"closed","template":"","meta":[],"product_brand":[],"product_cat":[107,108,119],"product_tag":[],"class_list":{"0":"post-5642","1":"product","2":"type-product","3":"status-publish","4":"has-post-thumbnail","6":"product_cat-eco-friendly-lanyards","7":"product_cat-multifunctional-lanyards","8":"product_cat-drinkware-accessories","10":"first","11":"instock","12":"shipping-taxable","13":"product-type-simple"},"_links":{"self":[{"href":"https:\/\/displayproducts.eu\/es\/wp-json\/wp\/v2\/product\/5642","targetHints":{"allow":["GET"]}}],"collection":[{"href":"https:\/\/displayproducts.eu\/es\/wp-json\/wp\/v2\/product"}],"about":[{"href":"https:\/\/displayproducts.eu\/es\/wp-json\/wp\/v2\/types\/product"}],"replies":[{"embeddable":true,"href":"https:\/\/displayproducts.eu\/es\/wp-json\/wp\/v2\/comments?post=5642"}],"wp:featuredmedia":[{"embeddable":true,"href":"https:\/\/displayproducts.eu\/es\/wp-json\/wp\/v2\/media\/6557"}],"wp:attachment":[{"href":"https:\/\/displayproducts.eu\/es\/wp-json\/wp\/v2\/media?parent=5642"}],"wp:term":[{"taxonomy":"product_brand","embeddable":true,"href":"https:\/\/displayproducts.eu\/es\/wp-json\/wp\/v2\/product_brand?post=5642"},{"taxonomy":"product_cat","embeddable":true,"href":"https:\/\/displayproducts.eu\/es\/wp-json\/wp\/v2\/product_cat?post=5642"},{"taxonomy":"product_tag","embeddable":true,"href":"https:\/\/displayproducts.eu\/es\/wp-json\/wp\/v2\/product_tag?post=5642"}],"curies":[{"name":"wp","href":"https:\/\/api.w.org\/{rel}","templated":true}]}}