{"id":5636,"date":"2025-12-10T11:51:32","date_gmt":"2025-12-10T08:51:32","guid":{"rendered":"https:\/\/wristbandfactory.eu\/?post_type=product&#038;p=5636"},"modified":"2026-04-01T21:52:35","modified_gmt":"2026-04-01T18:52:35","slug":"custom-camera-neck-straps-woven-printed-branding","status":"publish","type":"product","link":"https:\/\/displayproducts.eu\/es\/p\/custom-camera-neck-straps-woven-printed-branding\/","title":{"rendered":"Correas para c\u00e1mara personalizadas \u2013 Tejidas o impresas"},"content":{"rendered":"<p data-path-to-node=\"12\">Ampl\u00ede su colecci\u00f3n de mercanc\u00edas con nuestra <b>Correas de cuello para c\u00e1mara personalizadas<\/b>. Dise\u00f1adas para estudios de fotograf\u00eda, marcas de tecnolog\u00eda y tiendas de regalos de museos, estas correas ofrecen un espacio de marca de alto valor que es visible cada vez que se toma una foto.<\/p>\n<p data-path-to-node=\"13\">A diferencia de los regalos baratos, estas correas son de calidad comercial. Puedes elegir el material y el m\u00e9todo que mejor se adapte a tu marca:<\/p>\n<ol start=\"1\" data-path-to-node=\"14\">\n<li>\n<p data-path-to-node=\"14,0,0\"><b>Sublimaci\u00f3n de poli\u00e9ster:<\/b> Perfecto para gr\u00e1ficos, degradados y fotograf\u00edas complejos y coloridos (por ejemplo, estampados florales o de animales).<\/p>\n<\/li>\n<li>\n<p data-path-to-node=\"14,1,0\"><b>Tejido Jacquard (Tejido):<\/b> Ideal para estilos \u201cvintage\u201d o \u201cboho\u201d donde el patr\u00f3n est\u00e1 tejido en la tela para brindar textura y durabilidad.<\/p>\n<\/li>\n<\/ol>\n<p data-path-to-node=\"15\"><b>\u00bfPor qu\u00e9 vender correas de c\u00e1mara de marca?<\/b> A los fot\u00f3grafos les encanta personalizar su equipo. Una correa personalizada es un accesorio funcional que reemplaza la aburrida correa que viene con la c\u00e1mara, lo que la convierte en un excelente art\u00edculo para regalos corporativos o para revender.<\/p>\n<p data-path-to-node=\"16\"><b>Caracter\u00edsticas principales:<\/b><\/p>\n<ul data-path-to-node=\"17\">\n<li>\n<p data-path-to-node=\"17,0,0\"><b>Materiales:<\/b> Mezclas duraderas de algod\u00f3n, poli\u00e9ster o nailon.<\/p>\n<\/li>\n<li>\n<p data-path-to-node=\"17,1,0\"><b>Archivos adjuntos:<\/b> Bucles de cinta est\u00e1ndar de 10 mm o ganchos giratorios de metal.<\/p>\n<\/li>\n<li>\n<p data-path-to-node=\"17,2,0\"><b>Longitud ajustable:<\/b> Cuenta con hebillas de pl\u00e1stico resistentes para ajustarlo para llevarlo en el cuello o en el hombro.<\/p>\n<\/li>\n<li>\n<p data-path-to-node=\"17,3,0\"><b>Extremos de cuero:<\/b> Acabado de PU o cuero real para mayor durabilidad y estilo.<\/p>\n<\/li>\n<\/ul>","protected":false},"excerpt":{"rendered":"<ul>\n<li>\n<p data-path-to-node=\"10,0,0\"><b>Totalmente personalizable:<\/b> Elija entre impresi\u00f3n por sublimaci\u00f3n de alta definici\u00f3n o patrones tejidos de primera calidad.<\/p>\n<\/li>\n<li>\n<p data-path-to-node=\"10,1,0\"><b>Acabado Premium:<\/b> Los extremos est\u00e1n reforzados con cuero PU de alta calidad o cuero genuino para una apariencia lista para la venta minorista.<\/p>\n<\/li>\n<li>\n<p data-path-to-node=\"10,2,0\"><b>Ajuste universal:<\/b> Los conectores de cinta de nailon ajustables se adaptan a casi todas las c\u00e1maras DSLR y sin espejo (Canon, Nikon, Sony, etc.).<\/p>\n<\/li>\n<li>\n<p data-path-to-node=\"10,3,0\"><b>Estilos vers\u00e1tiles:<\/b> Disponible en estilos corporativos boho, vintage o modernos adaptados a la identidad de su marca.<\/p>\n<\/li>\n<\/ul>","protected":false},"featured_media":5641,"comment_status":"closed","ping_status":"closed","template":"","meta":[],"product_brand":[],"product_cat":[127],"product_tag":[],"class_list":{"0":"post-5636","1":"product","2":"type-product","3":"status-publish","4":"has-post-thumbnail","6":"product_cat-custom-straps-belts","8":"first","9":"instock","10":"shipping-taxable","11":"product-type-simple"},"_links":{"self":[{"href":"https:\/\/displayproducts.eu\/es\/wp-json\/wp\/v2\/product\/5636","targetHints":{"allow":["GET"]}}],"collection":[{"href":"https:\/\/displayproducts.eu\/es\/wp-json\/wp\/v2\/product"}],"about":[{"href":"https:\/\/displayproducts.eu\/es\/wp-json\/wp\/v2\/types\/product"}],"replies":[{"embeddable":true,"href":"https:\/\/displayproducts.eu\/es\/wp-json\/wp\/v2\/comments?post=5636"}],"wp:featuredmedia":[{"embeddable":true,"href":"https:\/\/displayproducts.eu\/es\/wp-json\/wp\/v2\/media\/5641"}],"wp:attachment":[{"href":"https:\/\/displayproducts.eu\/es\/wp-json\/wp\/v2\/media?parent=5636"}],"wp:term":[{"taxonomy":"product_brand","embeddable":true,"href":"https:\/\/displayproducts.eu\/es\/wp-json\/wp\/v2\/product_brand?post=5636"},{"taxonomy":"product_cat","embeddable":true,"href":"https:\/\/displayproducts.eu\/es\/wp-json\/wp\/v2\/product_cat?post=5636"},{"taxonomy":"product_tag","embeddable":true,"href":"https:\/\/displayproducts.eu\/es\/wp-json\/wp\/v2\/product_tag?post=5636"}],"curies":[{"name":"wp","href":"https:\/\/api.w.org\/{rel}","templated":true}]}}