{"id":5613,"date":"2025-12-10T11:15:00","date_gmt":"2025-12-10T08:15:00","guid":{"rendered":"https:\/\/wristbandfactory.eu\/?post_type=product&#038;p=5613"},"modified":"2026-04-01T21:52:35","modified_gmt":"2026-04-01T18:52:35","slug":"high-density-3d-screen-print-lanyards-tactile-braille-ready","status":"publish","type":"product","link":"https:\/\/displayproducts.eu\/es\/p\/high-density-3d-screen-print-lanyards-tactile-braille-ready\/","title":{"rendered":"Lanyards con impresi\u00f3n 3D en relieve \u2013 Apto para Braille"},"content":{"rendered":"<p data-path-to-node=\"11\">Aumente el impacto y la inclusi\u00f3n de su marca con nuestra <b>Cintas de cuello serigrafiados en 3D de alta densidad<\/b>. A diferencia de la impresi\u00f3n plana est\u00e1ndar, esta t\u00e9cnica avanzada de &quot;impresi\u00f3n de hojaldre&quot; crea una textura gruesa, similar a la goma, que sobresale significativamente de la superficie de la tela, haciendo que su logotipo y mensaje sean f\u00edsicamente tangibles.<\/p>\n<p data-path-to-node=\"12\"><b>La elecci\u00f3n de entornos inclusivos y cr\u00edticos para la seguridad<\/b> Esta tecnolog\u00eda es especialmente adecuada para <b>aplicaciones de accesibilidad<\/b>. Como se ve en las campa\u00f1as de seguridad (por ejemplo, \u201cOperaci\u00f3n Salvavidas\u201d), el perfil preciso y elevado permite la inclusi\u00f3n de <b>caracteres Braille t\u00e1ctiles<\/b> Junto con el texto est\u00e1ndar, estos cintas de cuello son la opci\u00f3n perfecta para:<\/p>\n<ul data-path-to-node=\"13\">\n<li>\n<p data-path-to-node=\"13,0,0\"><b>Eventos y conferencias inclusivas:<\/b> Atenci\u00f3n a asistentes con discapacidad visual.<\/p>\n<\/li>\n<li>\n<p data-path-to-node=\"13,1,0\"><b>Transporte p\u00fablico y seguridad:<\/b> Advertencias altamente t\u00e1ctiles para el personal (por ejemplo, \u201cTren aproxim\u00e1ndose\u201d, \u201cCuidado con el espacio\u201d).<\/p>\n<\/li>\n<li>\n<p data-path-to-node=\"13,2,0\"><b>Salud y gobierno:<\/b> Cumplimiento de est\u00e1ndares de RSE (Responsabilidad Social Corporativa) y accesibilidad.<\/p>\n<\/li>\n<\/ul>\n<p data-path-to-node=\"14\"><b>Textura y durabilidad de primera calidad<\/b> La tinta en relieve es duradera, flexible y resistente al agrietamiento. Crea un efecto 3D de alta calidad que realza incluso los logotipos m\u00e1s sencillos. Los lanyards est\u00e1n hechos de poli\u00e9ster resistente, disponibles en tejido tubular o plano, y pueden incorporar cierres de seguridad y hebillas desmontables para mayor funcionalidad.<\/p>\n<p data-path-to-node=\"15\"><b>Caracter\u00edsticas principales:<\/b><\/p>\n<ul data-path-to-node=\"16\">\n<li>\n<p data-path-to-node=\"16,0,0\"><b>Impresi\u00f3n de alta densidad:<\/b> Capas de tinta extra gruesas para una sensaci\u00f3n 3D distintiva.<\/p>\n<\/li>\n<li>\n<p data-path-to-node=\"16,1,0\"><b>Compatible con Braille:<\/b> Se cumplen requisitos de altura espec\u00edficos para la lectura t\u00e1ctil.<\/p>\n<\/li>\n<li>\n<p data-path-to-node=\"16,2,0\"><b>Material resistente:<\/b> Poli\u00e9ster robusto dise\u00f1ado para uso prolongado.<\/p>\n<\/li>\n<li>\n<p data-path-to-node=\"16,3,0\"><b>Archivos adjuntos personalizados:<\/b> Compatible con ganchos met\u00e1licos, hebillas de pl\u00e1stico y frenos de seguridad.<\/p>\n<\/li>\n<\/ul>","protected":false},"excerpt":{"rendered":"<ul>\n<li>\n<p data-path-to-node=\"9,0,0\"><b>Marca t\u00e1ctil:<\/b> La tecnolog\u00eda avanzada de serigraf\u00eda \u201cpuff\u201d crea una textura 3D gruesa y elevada que puedes sentir.<\/p>\n<\/li>\n<li>\n<p data-path-to-node=\"9,1,0\"><b>Listo para accesibilidad:<\/b> El alto perfil de la impresi\u00f3n permite caracteres Braille legibles, lo que hace que los eventos sean inclusivos para las personas con discapacidad visual.<\/p>\n<\/li>\n<li>\n<p data-path-to-node=\"9,2,0\"><b>Alta visibilidad:<\/b> La tinta en relieve se encuentra sobre la tela para lograr el m\u00e1ximo contraste y legibilidad, ideal para mensajes de seguridad como &quot;MANTENER FUERA DE LAS V\u00cdAS&quot;.<\/p>\n<\/li>\n<li>\n<p data-path-to-node=\"9,3,0\"><b>Durable y seguro:<\/b> Disponible con hebillas de seguridad y clips desmontables para uso diario intensivo.<\/p>\n<\/li>\n<\/ul>","protected":false},"featured_media":5617,"comment_status":"closed","ping_status":"closed","template":"","meta":[],"product_brand":[],"product_cat":[104],"product_tag":[],"class_list":{"0":"post-5613","1":"product","2":"type-product","3":"status-publish","4":"has-post-thumbnail","6":"product_cat-custom-printed-lanyards","8":"first","9":"instock","10":"shipping-taxable","11":"product-type-simple"},"_links":{"self":[{"href":"https:\/\/displayproducts.eu\/es\/wp-json\/wp\/v2\/product\/5613","targetHints":{"allow":["GET"]}}],"collection":[{"href":"https:\/\/displayproducts.eu\/es\/wp-json\/wp\/v2\/product"}],"about":[{"href":"https:\/\/displayproducts.eu\/es\/wp-json\/wp\/v2\/types\/product"}],"replies":[{"embeddable":true,"href":"https:\/\/displayproducts.eu\/es\/wp-json\/wp\/v2\/comments?post=5613"}],"wp:featuredmedia":[{"embeddable":true,"href":"https:\/\/displayproducts.eu\/es\/wp-json\/wp\/v2\/media\/5617"}],"wp:attachment":[{"href":"https:\/\/displayproducts.eu\/es\/wp-json\/wp\/v2\/media?parent=5613"}],"wp:term":[{"taxonomy":"product_brand","embeddable":true,"href":"https:\/\/displayproducts.eu\/es\/wp-json\/wp\/v2\/product_brand?post=5613"},{"taxonomy":"product_cat","embeddable":true,"href":"https:\/\/displayproducts.eu\/es\/wp-json\/wp\/v2\/product_cat?post=5613"},{"taxonomy":"product_tag","embeddable":true,"href":"https:\/\/displayproducts.eu\/es\/wp-json\/wp\/v2\/product_tag?post=5613"}],"curies":[{"name":"wp","href":"https:\/\/api.w.org\/{rel}","templated":true}]}}