{"id":5559,"date":"2025-11-17T00:22:15","date_gmt":"2025-11-16T21:22:15","guid":{"rendered":"https:\/\/wristbandfactory.eu\/?post_type=product&#038;p=5559"},"modified":"2026-04-01T21:52:35","modified_gmt":"2026-04-01T18:52:35","slug":"rechargeable-dmx-led-wristbands-type-c","status":"publish","type":"product","link":"https:\/\/displayproducts.eu\/es\/p\/rechargeable-dmx-led-wristbands-type-c\/","title":{"rendered":"Pulseras LED recargables"},"content":{"rendered":"<p data-path-to-node=\"10\">Transforme su evento en una producci\u00f3n de iluminaci\u00f3n de primera clase con nuestra pulsera LED m\u00e1s avanzada. El modelo DMX recargable est\u00e1 dise\u00f1ado espec\u00edficamente para giras de alta gama, eventos corporativos a gran escala y cualquier cliente B2B que requiera un control total. M\u00e1s all\u00e1 de las bater\u00edas desechables, este modelo cuenta con un sistema de carga sostenible Tipo C, lo que lo convierte en la soluci\u00f3n m\u00e1s rentable y ecol\u00f3gica para conferencias de varios d\u00edas. Con una paleta de 256 colores disponibles e integraci\u00f3n completa con el software DMX, es la opci\u00f3n predilecta para productores de eventos profesionales de todo el mundo.<\/p>\n<h2 data-path-to-node=\"11\">Caracter\u00edsticas principales<\/h2>\n<ul data-path-to-node=\"12\">\n<li>\n<p data-path-to-node=\"12,0,0\"><b data-path-to-node=\"12,0,0\" data-index-in-node=\"0\">Recargable por USB tipo C:<\/b> Sistema de energ\u00eda moderno que soporta varios d\u00edas de uso intensivo sin necesidad de reemplazos de bater\u00edas.<\/p>\n<\/li>\n<li>\n<p data-path-to-node=\"12,1,0\"><b data-path-to-node=\"12,1,0\" data-index-in-node=\"0\">Control total por DMX y software:<\/b> Permite realizar secuencias de iluminaci\u00f3n profesionales y complejas gestionadas a trav\u00e9s de mesas de iluminaci\u00f3n centrales o software especializado.<\/p>\n<\/li>\n<li>\n<p data-path-to-node=\"12,2,0\"><b data-path-to-node=\"12,2,0\" data-index-in-node=\"0\">Espectro RGB de 256 colores:<\/b> Ofrece una gama de colores completa que va mucho m\u00e1s all\u00e1 de los modelos est\u00e1ndar de 15 colores, lo que permite una combinaci\u00f3n precisa de marcas y transiciones art\u00edsticas.<\/p>\n<\/li>\n<li>\n<p data-path-to-node=\"12,3,0\"><b data-path-to-node=\"12,3,0\" data-index-in-node=\"0\">Garant\u00eda profesional de 2 a\u00f1os:<\/b> Una garant\u00eda de calidad B2B dedicada, que asegura que su inversi\u00f3n est\u00e9 protegida para un uso a largo plazo.<\/p>\n<\/li>\n<li>\n<p data-path-to-node=\"12,4,0\"><b data-path-to-node=\"12,4,0\" data-index-in-node=\"0\">Seguridad certificada:<\/b> Cumple con todos los est\u00e1ndares europeos CE y RoHS de materiales y seguridad en entornos profesionales.<\/p>\n<\/li>\n<\/ul>\n<h2 data-path-to-node=\"13\">Presupuesto<\/h2>\n<ul data-path-to-node=\"14\">\n<li>\n<p data-path-to-node=\"14,0,0\"><b data-path-to-node=\"14,0,0\" data-index-in-node=\"0\">Material:<\/b> Carcasa de ABS de alto impacto y correa de PVC duradera<\/p>\n<\/li>\n<li>\n<p data-path-to-node=\"14,1,0\"><b data-path-to-node=\"14,1,0\" data-index-in-node=\"0\">Tama\u00f1o de la unidad:<\/b> 6,77 x 8,5 x 3,3 cent\u00edmetros<\/p>\n<\/li>\n<li>\n<p data-path-to-node=\"14,2,0\"><b data-path-to-node=\"14,2,0\" data-index-in-node=\"0\">\u00c1rea de impresi\u00f3n de logotipos:<\/b> 2 x 4 cent\u00edmetros<\/p>\n<\/li>\n<li>\n<p data-path-to-node=\"14,3,0\"><b data-path-to-node=\"14,3,0\" data-index-in-node=\"0\">Comunicaci\u00f3n:<\/b> RF 433 MHz \/ DMX512 \/ Control por software \/ Bot\u00f3n manual<\/p>\n<\/li>\n<li>\n<p data-path-to-node=\"14,4,0\"><b data-path-to-node=\"14,4,0\" data-index-in-node=\"0\">Fuerza:<\/b> Recargable por USB (Tipo C 5 V-1 A)<\/p>\n<\/li>\n<li>\n<p data-path-to-node=\"14,5,0\"><b data-path-to-node=\"14,5,0\" data-index-in-node=\"0\">Garant\u00eda:<\/b> 2 a\u00f1os<\/p>\n<\/li>\n<li>\n<p data-path-to-node=\"14,6,0\"><b data-path-to-node=\"14,6,0\" data-index-in-node=\"0\">Certificados:<\/b> CE, RoHS<\/p>\n<\/li>\n<li>\n<p data-path-to-node=\"14,7,0\"><b data-path-to-node=\"14,7,0\" data-index-in-node=\"0\">Colores de LED:<\/b> Paleta RGB de 256 colores<\/p>\n<\/li>\n<\/ul>\n<h2 data-path-to-node=\"15\">Casos de uso<\/h2>\n<ul data-path-to-node=\"16\">\n<li>\n<p data-path-to-node=\"16,0,0\"><b data-path-to-node=\"16,0,0\" data-index-in-node=\"0\">Festivales de m\u00fasica de varios d\u00edas:<\/b> Elimina el desperdicio de bater\u00eda y permite a los organizadores recargar miles de unidades durante la noche.<\/p>\n<\/li>\n<li>\n<p data-path-to-node=\"16,1,0\"><b data-path-to-node=\"16,1,0\" data-index-in-node=\"0\">Galas corporativas de alto nivel:<\/b> Proporcionar el control de iluminaci\u00f3n granular necesario para combinar paletas de marcas complejas y sincronizar con las presentaciones principales.<\/p>\n<\/li>\n<li>\n<p data-path-to-node=\"16,2,0\"><b data-path-to-node=\"16,2,0\" data-index-in-node=\"0\">Visitas a estadios profesionales:<\/b> Lo suficientemente duradero y confiable para soportar el uso repetido y la recarga diaria en m\u00faltiples fechas de gira.<\/p>\n<\/li>\n<li>\n<p data-path-to-node=\"16,3,0\"><b data-path-to-node=\"16,3,0\" data-index-in-node=\"0\">Hospitalidad VIP:<\/b> Un souvenir premium y de alta tecnolog\u00eda que refleja un compromiso con la innovaci\u00f3n y la sostenibilidad.<\/p>\n<\/li>\n<\/ul>\n<p data-path-to-node=\"17\">","protected":false},"excerpt":{"rendered":"<ul>\n<li>\n<p data-path-to-node=\"9,0,0\"><b data-path-to-node=\"9,0,0\" data-index-in-node=\"0\">Carga ecol\u00f3gica:<\/b> Cuenta con un moderno puerto tipo C para una recarga USB r\u00e1pida, eliminando el desperdicio de bater\u00eda y haci\u00e9ndolo ideal para eventos de varios d\u00edas.<\/p>\n<\/li>\n<li>\n<p data-path-to-node=\"9,1,0\"><b data-path-to-node=\"9,1,0\" data-index-in-node=\"0\">Control de software profesional:<\/b> Totalmente compatible con DMX512 y software especializado para control de iluminaci\u00f3n granular a escala de estadio.<\/p>\n<\/li>\n<li>\n<p data-path-to-node=\"9,2,0\"><b data-path-to-node=\"9,2,0\" data-index-in-node=\"0\">Paleta de colores RGB 256:<\/b> Una actualizaci\u00f3n masiva de los modelos est\u00e1ndar, que proporciona un espectro completo de colores para espect\u00e1culos de luces complejos y perfectamente sincronizados.<\/p>\n<\/li>\n<li>\n<p data-path-to-node=\"9,3,0\"><b data-path-to-node=\"9,3,0\" data-index-in-node=\"0\">Confiabilidad certificada:<\/b> Respaldado por una garant\u00eda B2B de 2 a\u00f1os y certificaci\u00f3n CE\/RoHS completa para la producci\u00f3n de eventos profesionales de alto riesgo.<\/p>\n<\/li>\n<\/ul>","protected":false},"featured_media":5558,"comment_status":"closed","ping_status":"closed","template":"","meta":[],"product_brand":[],"product_cat":[80],"product_tag":[],"class_list":{"0":"post-5559","1":"product","2":"type-product","3":"status-publish","4":"has-post-thumbnail","6":"product_cat-led-wristbands","8":"first","9":"instock","10":"shipping-taxable","11":"purchasable","12":"product-type-simple"},"_links":{"self":[{"href":"https:\/\/displayproducts.eu\/es\/wp-json\/wp\/v2\/product\/5559","targetHints":{"allow":["GET"]}}],"collection":[{"href":"https:\/\/displayproducts.eu\/es\/wp-json\/wp\/v2\/product"}],"about":[{"href":"https:\/\/displayproducts.eu\/es\/wp-json\/wp\/v2\/types\/product"}],"replies":[{"embeddable":true,"href":"https:\/\/displayproducts.eu\/es\/wp-json\/wp\/v2\/comments?post=5559"}],"wp:featuredmedia":[{"embeddable":true,"href":"https:\/\/displayproducts.eu\/es\/wp-json\/wp\/v2\/media\/5558"}],"wp:attachment":[{"href":"https:\/\/displayproducts.eu\/es\/wp-json\/wp\/v2\/media?parent=5559"}],"wp:term":[{"taxonomy":"product_brand","embeddable":true,"href":"https:\/\/displayproducts.eu\/es\/wp-json\/wp\/v2\/product_brand?post=5559"},{"taxonomy":"product_cat","embeddable":true,"href":"https:\/\/displayproducts.eu\/es\/wp-json\/wp\/v2\/product_cat?post=5559"},{"taxonomy":"product_tag","embeddable":true,"href":"https:\/\/displayproducts.eu\/es\/wp-json\/wp\/v2\/product_tag?post=5559"}],"curies":[{"name":"wp","href":"https:\/\/api.w.org\/{rel}","templated":true}]}}