{"id":5497,"date":"2025-11-15T16:43:25","date_gmt":"2025-11-15T13:43:25","guid":{"rendered":"https:\/\/wristbandfactory.eu\/?post_type=product&#038;p=5497"},"modified":"2026-04-01T21:52:35","modified_gmt":"2026-04-01T18:52:35","slug":"custom-printed-tyvek-wristbands","status":"publish","type":"product","link":"https:\/\/displayproducts.eu\/es\/p\/custom-printed-tyvek-wristbands\/","title":{"rendered":"Pulseras Tyvek personalizadas (impresi\u00f3n a 1 color)"},"content":{"rendered":"<p data-path-to-node=\"12\">Asegure su evento y agilice la gesti\u00f3n de entradas con nuestro <b data-path-to-node=\"12\" data-index-in-node=\"84\">Pulseras Tyvek con impresi\u00f3n personalizada (monocrom\u00e1ticas)<\/b>. Dise\u00f1adas para brindar eficiencia y asequibilidad, estas bandas son el est\u00e1ndar de la industria para festivales, conciertos, clubes y funciones corporativas que requieren un control de acceso confiable.<\/p>\n<p data-path-to-node=\"13\">A diferencia de las opciones gen\u00e9ricas, nuestro servicio de impresi\u00f3n personalizado le permite agregar su logotipo, nombre del evento o texto personalizado en un formato n\u00edtido. <b data-path-to-node=\"13\" data-index-in-node=\"117\">Tinta negra o blanca<\/b>. Este m\u00e9todo de serigraf\u00eda de un solo color ofrece el equilibrio perfecto entre bajo costo y alta visibilidad, lo que lo convierte en la opci\u00f3n ideal para clasificar a los asistentes (por ejemplo, VIP, personal, admisi\u00f3n general) sin salirse del presupuesto.<\/p>\n<h2 data-path-to-node=\"14\">Caracter\u00edsticas principales<\/h2>\n<ul data-path-to-node=\"15\">\n<li>\n<p data-path-to-node=\"15,0,0\"><b data-path-to-node=\"15,0,0\" data-index-in-node=\"0\">Soluci\u00f3n de impresi\u00f3n econ\u00f3mica:<\/b> La serigraf\u00eda monocrom\u00e1tica de alta velocidad (blanco y negro) garantiza bajos costos unitarios, perfecta para eventos a gran escala.<\/p>\n<\/li>\n<li>\n<p data-path-to-node=\"15,1,0\"><b data-path-to-node=\"15,1,0\" data-index-in-node=\"0\">Seguridad a prueba de manipulaciones:<\/b> Cada banda cuenta con un cierre adhesivo troquelado que se destruye si se intenta quitarla, lo que evita la transferencia y la p\u00e9rdida de ingresos.<\/p>\n<\/li>\n<li>\n<p data-path-to-node=\"15,2,0\"><b data-path-to-node=\"15,2,0\" data-index-in-node=\"0\">Numeraci\u00f3n secuencial:<\/b> Todas las bandas vienen preimpresas con n\u00fameros de serie \u00fanicos para ayudarlo a rastrear la asistencia y auditar las ventas de entradas.<\/p>\n<\/li>\n<li>\n<p data-path-to-node=\"15,3,1\"><span data-path-to-node=\"15,3,1,0\"><b data-path-to-node=\"15,3,1,0\" data-index-in-node=\"0\"><span class=\"citation-19\">DuPont\u2122 Tyvek\u00ae genuino:<\/span><\/b><span class=\"citation-19\"> Utilizamos \u00fanicamente material aut\u00e9ntico que es liviano, totalmente impermeable y resistente al desgarro durante hasta 5 d\u00edas de uso. <\/span><\/span><\/p>\n<\/li>\n<li>\n<p data-path-to-node=\"15,4,0\"><b data-path-to-node=\"15,4,0\" data-index-in-node=\"0\">Amplia gama de colores:<\/b> La impresi\u00f3n en negro se destaca audazmente contra nuestra amplia selecci\u00f3n de colores de banda base ne\u00f3n, met\u00e1licos y s\u00f3lidos.<\/p>\n<\/li>\n<\/ul>\n<h2 data-path-to-node=\"16\">Presupuesto<\/h2>\n<ul data-path-to-node=\"17\">\n<li>\n<p data-path-to-node=\"17,0,1\"><span data-path-to-node=\"17,0,1,0\"><b data-path-to-node=\"17,0,1,0\" data-index-in-node=\"0\"><span class=\"citation-18\">Material:<\/span><\/b><span class=\"citation-18\"> DuPont\u2122 Tyvek\u00ae (Polietileno de alta densidad reciclable). <\/span><\/span><\/p>\n<\/li>\n<li>\n<p data-path-to-node=\"17,1,0\"><b data-path-to-node=\"17,1,0\" data-index-in-node=\"0\">Tipo de impresi\u00f3n:<\/b> Serigraf\u00eda de 1 color (est\u00e1ndar: tinta negra).<\/p>\n<\/li>\n<li>\n<p data-path-to-node=\"17,2,0\"><b data-path-to-node=\"17,2,0\" data-index-in-node=\"0\">Tama\u00f1o:<\/b> Ancho est\u00e1ndar de 19 mm o 25 mm (largo ajustable).<\/p>\n<\/li>\n<li>\n<p data-path-to-node=\"17,3,0\"><b data-path-to-node=\"17,3,0\" data-index-in-node=\"0\">Cierre:<\/b> Adhesivo de seguridad de un solo uso.<\/p>\n<\/li>\n<li>\n<p data-path-to-node=\"17,4,0\"><b data-path-to-node=\"17,4,0\" data-index-in-node=\"0\">Durabilidad:<\/b> Resistente al agua, al desgarro, adecuado durante 1 a 5 d\u00edas.<\/p>\n<\/li>\n<\/ul>\n<h2 data-path-to-node=\"18\">Casos de uso<\/h2>\n<ul data-path-to-node=\"19\">\n<li>\n<p data-path-to-node=\"19,0,0\"><b data-path-to-node=\"19,0,0\" data-index-in-node=\"0\">Control de puerta:<\/b> Identificaci\u00f3n visual r\u00e1pida de clientes que pagan en clubes nocturnos y bares.<\/p>\n<\/li>\n<li>\n<p data-path-to-node=\"19,1,0\"><b data-path-to-node=\"19,1,0\" data-index-in-node=\"0\">Gesti\u00f3n de multitudes:<\/b> Texto distintivo (por ejemplo, \u201cPERSONAL\u201d, \u201cARTISTA\u201d) para \u00e1reas restringidas.<\/p>\n<\/li>\n<li>\n<p data-path-to-node=\"19,2,0\"><b data-path-to-node=\"19,2,0\" data-index-in-node=\"0\">Grandes festivales:<\/b> La forma m\u00e1s econ\u00f3mica de asegurar miles de asistentes.<\/p>\n<\/li>\n<li>\n<p data-path-to-node=\"19,3,0\"><b data-path-to-node=\"19,3,0\" data-index-in-node=\"0\">Guardarropa y venta de entradas:<\/b> Utilizando los n\u00fameros secuenciales para verificar la capacidad.<\/p>\n<\/li>\n<\/ul>","protected":false},"excerpt":{"rendered":"<ul>\n<li>\n<p data-path-to-node=\"11,0,1\"><span data-path-to-node=\"11,0,1,0\"><b data-path-to-node=\"11,0,1,0\" data-index-in-node=\"0\"><span class=\"citation-22\">Marca rentable:<\/span><\/b><span class=\"citation-22\"> Serigraf\u00eda n\u00edtida de 1 color (blanco o negro) ideal para logotipos y texto<\/span><\/span><\/p>\n<\/li>\n<li>\n<p data-path-to-node=\"11,1,1\"><span data-path-to-node=\"11,1,1,0\"><b data-path-to-node=\"11,1,1,0\" data-index-in-node=\"0\"><span class=\"citation-21\">Alta seguridad:<\/span><\/b><span class=\"citation-21\"> Prenumerado con n\u00fameros de serie secuenciales y adhesivo a prueba de manipulaciones. <\/span><\/span><\/p>\n<\/li>\n<li>\n<p data-path-to-node=\"11,2,1\"><span data-path-to-node=\"11,2,1,0\"><b data-path-to-node=\"11,2,1,0\" data-index-in-node=\"0\"><span class=\"citation-20\">Material duradero:<\/span><\/b><span class=\"citation-20\"> Fabricado con aut\u00e9ntico DuPont\u2122 Tyvek\u00ae: impermeable y resistente al desgarro. <\/span><\/span><\/p>\n<\/li>\n<li>\n<p data-path-to-node=\"11,3,0\"><b data-path-to-node=\"11,3,0\" data-index-in-node=\"0\">Producci\u00f3n r\u00e1pida:<\/b> La soluci\u00f3n personalizada m\u00e1s r\u00e1pida para plazos ajustados.<\/p>\n<\/li>\n<\/ul>","protected":false},"featured_media":6108,"comment_status":"closed","ping_status":"closed","template":"","meta":[],"product_brand":[],"product_cat":[41],"product_tag":[],"class_list":{"0":"post-5497","1":"product","2":"type-product","3":"status-publish","4":"has-post-thumbnail","6":"product_cat-tyvek","8":"first","9":"instock","10":"shipping-taxable","11":"purchasable","12":"product-type-simple"},"_links":{"self":[{"href":"https:\/\/displayproducts.eu\/es\/wp-json\/wp\/v2\/product\/5497","targetHints":{"allow":["GET"]}}],"collection":[{"href":"https:\/\/displayproducts.eu\/es\/wp-json\/wp\/v2\/product"}],"about":[{"href":"https:\/\/displayproducts.eu\/es\/wp-json\/wp\/v2\/types\/product"}],"replies":[{"embeddable":true,"href":"https:\/\/displayproducts.eu\/es\/wp-json\/wp\/v2\/comments?post=5497"}],"wp:featuredmedia":[{"embeddable":true,"href":"https:\/\/displayproducts.eu\/es\/wp-json\/wp\/v2\/media\/6108"}],"wp:attachment":[{"href":"https:\/\/displayproducts.eu\/es\/wp-json\/wp\/v2\/media?parent=5497"}],"wp:term":[{"taxonomy":"product_brand","embeddable":true,"href":"https:\/\/displayproducts.eu\/es\/wp-json\/wp\/v2\/product_brand?post=5497"},{"taxonomy":"product_cat","embeddable":true,"href":"https:\/\/displayproducts.eu\/es\/wp-json\/wp\/v2\/product_cat?post=5497"},{"taxonomy":"product_tag","embeddable":true,"href":"https:\/\/displayproducts.eu\/es\/wp-json\/wp\/v2\/product_tag?post=5497"}],"curies":[{"name":"wp","href":"https:\/\/api.w.org\/{rel}","templated":true}]}}