{"id":5409,"date":"2025-11-13T17:32:46","date_gmt":"2025-11-13T14:32:46","guid":{"rendered":"https:\/\/wristbandfactory.eu\/?post_type=product&#038;p=5409"},"modified":"2026-04-01T21:52:03","modified_gmt":"2026-04-01T18:52:03","slug":"charging-cable-with-rpet-phone-strap-60w-usb-c","status":"publish","type":"product","link":"https:\/\/displayproducts.eu\/es\/p\/charging-cable-with-rpet-phone-strap-60w-usb-c\/","title":{"rendered":"Cable de carga con correa para tel\u00e9fono rPET (USB-C de 60 W)"},"content":{"rendered":"<p><span style=\"font-family: -apple-system, BlinkMacSystemFont, 'Segoe UI', Roboto, 'Helvetica Neue', Arial, 'Noto Sans', sans-serif, 'Apple Color Emoji', 'Segoe UI Emoji', 'Segoe UI Symbol', 'Noto Color Emoji';\">Ofrezca un art\u00edculo tecnol\u00f3gico verdaderamente pr\u00e1ctico y sostenible en su pr\u00f3xima feria o evento corporativo. Este innovador cable de carga 2 en 1 es m\u00e1s que una simple fuente de alimentaci\u00f3n; tambi\u00e9n es una resistente correa para tel\u00e9fono, que garantiza que su marca permanezca conectada y visible.<\/span><\/p>\n<p>El n\u00facleo de este producto es un cable USB Tipo-C a Tipo-C de alto rendimiento (60 W), compatible con carga r\u00e1pida y transferencia de datos a alta velocidad. El cable trenzado est\u00e1 fabricado con PET reciclado (rPET), lo que resulta atractivo para clientes y socios con conciencia ecol\u00f3gica. Su funci\u00f3n secundaria es la de una resistente correa para tel\u00e9fono, compatible con la mayor\u00eda de las fundas. La correa es ligera, ajustable e incre\u00edblemente duradera, con una resistencia probada de hasta 8 kg.<\/p>\n<p>Este cable de carga multifuncional es una excelente herramienta promocional para empresas tecnol\u00f3gicas, congresos corporativos y agencias de marketing. Al personalizar la resistente carcasa de aluminio con su marca, les ofrece a los asistentes un art\u00edculo \u00fatil que utilizar\u00e1n mucho despu\u00e9s del evento, maximizando as\u00ed la visibilidad de su marca.<\/p>\n<p><b>Caracter\u00edsticas principales:<\/b><\/p>\n<ul>\n<li><b>Carga r\u00e1pida de 60 W:<\/b> El cable USB-C a USB-C de alta velocidad alimenta los dispositivos r\u00e1pidamente y admite la transferencia de datos.<\/li>\n<li><b>Correa para tel\u00e9fono duradera:<\/b> Funciona como una correa de mu\u00f1eca manos libres, probada para soportar de forma segura hasta 8 kg.<\/li>\n<li><b>Material ecol\u00f3gico:<\/b> Cable trenzado fabricado con botellas de rPET recicladas, ideal para marcas centradas en la sostenibilidad.<\/li>\n<li><b>Compatibilidad universal:<\/b> Dise\u00f1ado para funcionar con la mayor\u00eda de las fundas de tel\u00e9fono, se acopla f\u00e1cilmente para su uso inmediato.<\/li>\n<li><b>Construcci\u00f3n Premium:<\/b> Cuenta con carcasas de conectores de aluminio duraderas, perfectas para el grabado l\u00e1ser de su logotipo.<\/li>\n<\/ul>","protected":false},"excerpt":{"rendered":"<ul>\n<li>Una soluci\u00f3n 3 en 1: correa de mu\u00f1eca para tel\u00e9fono, cable de carga r\u00e1pida de 60 W y cable de transferencia de datos.<\/li>\n<li>Fabricado con material trenzado de nailon rPET sostenible.<\/li>\n<li>Incluye conectores Tipo C a Tipo C para dispositivos modernos.<\/li>\n<li>Un art\u00edculo promocional de gran utilidad para conferencias tecnol\u00f3gicas y eventos corporativos.<\/li>\n<\/ul>","protected":false},"featured_media":6681,"comment_status":"closed","ping_status":"closed","template":"","meta":[],"product_brand":[],"product_cat":[128],"product_tag":[],"class_list":{"0":"post-5409","1":"product","2":"type-product","3":"status-publish","4":"has-post-thumbnail","6":"product_cat-mobile-tech-accessories","8":"first","9":"instock","10":"shipping-taxable","11":"purchasable","12":"product-type-simple"},"_links":{"self":[{"href":"https:\/\/displayproducts.eu\/es\/wp-json\/wp\/v2\/product\/5409","targetHints":{"allow":["GET"]}}],"collection":[{"href":"https:\/\/displayproducts.eu\/es\/wp-json\/wp\/v2\/product"}],"about":[{"href":"https:\/\/displayproducts.eu\/es\/wp-json\/wp\/v2\/types\/product"}],"replies":[{"embeddable":true,"href":"https:\/\/displayproducts.eu\/es\/wp-json\/wp\/v2\/comments?post=5409"}],"wp:featuredmedia":[{"embeddable":true,"href":"https:\/\/displayproducts.eu\/es\/wp-json\/wp\/v2\/media\/6681"}],"wp:attachment":[{"href":"https:\/\/displayproducts.eu\/es\/wp-json\/wp\/v2\/media?parent=5409"}],"wp:term":[{"taxonomy":"product_brand","embeddable":true,"href":"https:\/\/displayproducts.eu\/es\/wp-json\/wp\/v2\/product_brand?post=5409"},{"taxonomy":"product_cat","embeddable":true,"href":"https:\/\/displayproducts.eu\/es\/wp-json\/wp\/v2\/product_cat?post=5409"},{"taxonomy":"product_tag","embeddable":true,"href":"https:\/\/displayproducts.eu\/es\/wp-json\/wp\/v2\/product_tag?post=5409"}],"curies":[{"name":"wp","href":"https:\/\/api.w.org\/{rel}","templated":true}]}}