{"id":5406,"date":"2025-11-13T17:14:36","date_gmt":"2025-11-13T14:14:36","guid":{"rendered":"https:\/\/wristbandfactory.eu\/?post_type=product&#038;p=5406"},"modified":"2026-04-01T21:52:03","modified_gmt":"2026-04-01T18:52:03","slug":"microfiber-wristbands-with-zipper","status":"publish","type":"product","link":"https:\/\/displayproducts.eu\/es\/p\/microfiber-wristbands-with-zipper\/","title":{"rendered":"Pulseras de microfibra con cremallera"},"content":{"rendered":"<p>Ofrezca a los asistentes a su evento o a su equipo un art\u00edculo promocional pr\u00e1ctico y de gran visibilidad. <span class=\"citation-205 citation-end-205\">Nuestras pulseras de microfibra cuentan con un bolsillo integrado con cremallera, que ofrece una forma segura de llevar llaves, dinero en efectivo u objetos de valor peque\u00f1os durante deportes, festivales y otras actividades de ocio.<\/span>.<\/p>\n<p><span class=\"citation-204 citation-end-204\">Fabricada con un material de microfibra resistente pero suave, esta pulsera proporciona un ajuste c\u00f3modo y firme para usarla durante todo el d\u00eda.<\/span>. <span class=\"citation-203 citation-end-203\">El bolsillo con cremallera del mismo color est\u00e1 dise\u00f1ado para la personalizaci\u00f3n, ofreciendo un \u00e1rea de impresi\u00f3n de 5,5 x 4 cm para el logotipo de su empresa o la imagen de su evento mediante serigraf\u00eda o una transferencia serigr\u00e1fica duradera.<\/span><\/p>\n<p>Ideal para programas de bienestar corporativo, patrocinios de gimnasios, obsequios en ferias comerciales o como art\u00edculo funcional para los asistentes a festivales, esta cartera de mu\u00f1eca garantiza que su marca permanezca visible en movimiento.<\/p>\n<p><b>Caracter\u00edsticas principales:<\/b><\/p>\n<ul>\n<li><b><span class=\"citation-202\">Bolsillo seguro con cremallera:<\/span><\/b><span class=\"citation-202 citation-end-202\"> Cuenta con un bolsillo integrado con cremallera del mismo color para un almacenamiento seguro.<\/span>.<\/li>\n<li><b><span class=\"citation-201\">Material de microfibra suave:<\/span><\/b><span class=\"citation-201 citation-end-201\"> Confeccionada con microfibra resistente y suave, dise\u00f1ada para el deporte y el ocio<\/span>.<\/li>\n<li><b><span class=\"citation-200\">Ajuste firme y c\u00f3modo:<\/span><\/b><span class=\"citation-200 citation-end-200\"> Mide 10 x 9 cm, lo que proporciona un ajuste ce\u00f1ido y c\u00f3modo para un uso activo.<\/span>.<\/li>\n<li><b><span class=\"citation-199\">\u00c1rea de personalizaci\u00f3n de marca:<\/span><\/b><span class=\"citation-199 citation-end-199\"> Ofrece un \u00e1rea de impresi\u00f3n de 5,5 x 4 cm en el bolsillo para su logotipo<\/span>.<\/li>\n<li><b><span class=\"citation-198\">Colores vibrantes:<\/span><\/b><span class=\"citation-198 citation-end-198\"> Disponible en varios tonos brillantes para que coincidan con la identidad de tu marca.<\/span>.<\/li>\n<\/ul>","protected":false},"excerpt":{"rendered":"<ul>\n<li><span class=\"citation-209 citation-end-209\">Cuenta con un bolsillo seguro con cremallera para llaves, dinero u objetos peque\u00f1os.<\/span>.<\/li>\n<li><span class=\"citation-208 citation-end-208\">Confeccionada con microfibra suave y resistente, ideal para deportes y eventos activos.<\/span>.<\/li>\n<li><span class=\"citation-207 citation-end-207\">Amplia \u00e1rea de impresi\u00f3n de 5,5 x 4 cm en el bolsillo para su logotipo<\/span>.\n<div class=\"source-inline-chip-container ng-star-inserted\"><\/div>\n<\/li>\n<li><span class=\"citation-206 citation-end-206\">Disponible en una gama de colores brillantes que combinan con tu marca.<\/span><\/li>\n<\/ul>","protected":false},"featured_media":6414,"comment_status":"closed","ping_status":"closed","template":"","meta":[],"product_brand":[],"product_cat":[66,118,122],"product_tag":[],"class_list":{"0":"post-5406","1":"product","2":"type-product","3":"status-publish","4":"has-post-thumbnail","6":"product_cat-wristbands","7":"product_cat-sports-fitness","8":"product_cat-promotional-accessories","10":"first","11":"instock","12":"shipping-taxable","13":"purchasable","14":"product-type-simple"},"_links":{"self":[{"href":"https:\/\/displayproducts.eu\/es\/wp-json\/wp\/v2\/product\/5406","targetHints":{"allow":["GET"]}}],"collection":[{"href":"https:\/\/displayproducts.eu\/es\/wp-json\/wp\/v2\/product"}],"about":[{"href":"https:\/\/displayproducts.eu\/es\/wp-json\/wp\/v2\/types\/product"}],"replies":[{"embeddable":true,"href":"https:\/\/displayproducts.eu\/es\/wp-json\/wp\/v2\/comments?post=5406"}],"wp:featuredmedia":[{"embeddable":true,"href":"https:\/\/displayproducts.eu\/es\/wp-json\/wp\/v2\/media\/6414"}],"wp:attachment":[{"href":"https:\/\/displayproducts.eu\/es\/wp-json\/wp\/v2\/media?parent=5406"}],"wp:term":[{"taxonomy":"product_brand","embeddable":true,"href":"https:\/\/displayproducts.eu\/es\/wp-json\/wp\/v2\/product_brand?post=5406"},{"taxonomy":"product_cat","embeddable":true,"href":"https:\/\/displayproducts.eu\/es\/wp-json\/wp\/v2\/product_cat?post=5406"},{"taxonomy":"product_tag","embeddable":true,"href":"https:\/\/displayproducts.eu\/es\/wp-json\/wp\/v2\/product_tag?post=5406"}],"curies":[{"name":"wp","href":"https:\/\/api.w.org\/{rel}","templated":true}]}}