{"id":5404,"date":"2025-11-13T17:06:02","date_gmt":"2025-11-13T14:06:02","guid":{"rendered":"https:\/\/wristbandfactory.eu\/?post_type=product&#038;p=5404"},"modified":"2026-04-01T21:52:03","modified_gmt":"2026-04-01T18:52:03","slug":"rpet-phone-strap-with-60w-data-cable","status":"publish","type":"product","link":"https:\/\/displayproducts.eu\/es\/p\/rpet-phone-strap-with-60w-data-cable\/","title":{"rendered":"Correa para tel\u00e9fono RPET con cable de datos de 60 W"},"content":{"rendered":"<p>Ofrezca un art\u00edculo promocional pr\u00e1ctico y sostenible en su pr\u00f3xima conferencia tecnol\u00f3gica o evento corporativo. VRIST es una pulsera multifuncional dise\u00f1ada para profesionales modernos, que combina la comodidad de tener las manos libres con funciones de carga esenciales.<\/p>\n<p>La correa de 45 cm est\u00e1 fabricada con RPET (PET reciclado) ecol\u00f3gico, lo que refleja el compromiso de tu marca con la sostenibilidad. Funciona como un soporte seguro para el tel\u00e9fono, permitiendo a los asistentes tener su dispositivo a mano.<\/p>\n<p>La funci\u00f3n principal de la pulsera es una potente <b>Cable USB-C a USB-C de 60 W<\/b>, compatible tanto con la carga de alta velocidad como con <b>transferencia de datos<\/b>. Esto lo convierte en un obsequio incre\u00edblemente pr\u00e1ctico para un p\u00fablico familiarizado con la tecnolog\u00eda. Un clip para llaves a\u00f1ade funcionalidad adicional. Este producto se fabrica en una f\u00e1brica de amfori con certificaci\u00f3n BSCI, lo que garantiza una cadena de suministro responsable.<\/p>\n<p><b>Caracter\u00edsticas principales:<\/b><\/p>\n<ul>\n<li><b>Dise\u00f1o multifuncional:<\/b> Sirve como pulsera para sujetar el tel\u00e9fono, cable de datos de alta velocidad y clip para llaves.<\/li>\n<li><b>Material ecol\u00f3gico:<\/b> La correa est\u00e1 fabricada con PET reciclado (RPET), lo que demuestra la sostenibilidad corporativa.<\/li>\n<li><b>60 W de potencia y datos:<\/b> El cable de alta velocidad de 60 W de tipo C a tipo C admite tanto la carga r\u00e1pida como la transferencia de datos.<\/li>\n<li><b>Uso manos libres en eventos:<\/b> Permite a los asistentes mantener sus tel\u00e9fonos y llaves seguros y accesibles.<\/li>\n<li><b>Abastecimiento responsable:<\/b> Fabricado en una f\u00e1brica auditada por amfori BSCI.<\/li>\n<\/ul>","protected":false},"excerpt":{"rendered":"<ul>\n<li>Correa ecol\u00f3gica fabricada con material PET reciclado (RPET).<\/li>\n<li>Cable USB-C a USB-C de alta velocidad de 60 W para carga y transferencia de datos.<\/li>\n<li>Funciona como una pulsera con soporte para el tel\u00e9fono para mayor comodidad al tener las manos libres en eventos.<\/li>\n<li>Incluye un clip para llaves para mayor utilidad.<\/li>\n<\/ul>","protected":false},"featured_media":6666,"comment_status":"closed","ping_status":"closed","template":"","meta":[],"product_brand":[],"product_cat":[128],"product_tag":[],"class_list":{"0":"post-5404","1":"product","2":"type-product","3":"status-publish","4":"has-post-thumbnail","6":"product_cat-mobile-tech-accessories","8":"first","9":"instock","10":"shipping-taxable","11":"purchasable","12":"product-type-simple"},"_links":{"self":[{"href":"https:\/\/displayproducts.eu\/es\/wp-json\/wp\/v2\/product\/5404","targetHints":{"allow":["GET"]}}],"collection":[{"href":"https:\/\/displayproducts.eu\/es\/wp-json\/wp\/v2\/product"}],"about":[{"href":"https:\/\/displayproducts.eu\/es\/wp-json\/wp\/v2\/types\/product"}],"replies":[{"embeddable":true,"href":"https:\/\/displayproducts.eu\/es\/wp-json\/wp\/v2\/comments?post=5404"}],"wp:featuredmedia":[{"embeddable":true,"href":"https:\/\/displayproducts.eu\/es\/wp-json\/wp\/v2\/media\/6666"}],"wp:attachment":[{"href":"https:\/\/displayproducts.eu\/es\/wp-json\/wp\/v2\/media?parent=5404"}],"wp:term":[{"taxonomy":"product_brand","embeddable":true,"href":"https:\/\/displayproducts.eu\/es\/wp-json\/wp\/v2\/product_brand?post=5404"},{"taxonomy":"product_cat","embeddable":true,"href":"https:\/\/displayproducts.eu\/es\/wp-json\/wp\/v2\/product_cat?post=5404"},{"taxonomy":"product_tag","embeddable":true,"href":"https:\/\/displayproducts.eu\/es\/wp-json\/wp\/v2\/product_tag?post=5404"}],"curies":[{"name":"wp","href":"https:\/\/api.w.org\/{rel}","templated":true}]}}