{"id":5402,"date":"2025-11-13T16:55:11","date_gmt":"2025-11-13T13:55:11","guid":{"rendered":"https:\/\/wristbandfactory.eu\/?post_type=product&#038;p=5402"},"modified":"2026-04-01T21:52:03","modified_gmt":"2026-04-01T18:52:03","slug":"floating-foam-wristband-keychains","status":"publish","type":"product","link":"https:\/\/displayproducts.eu\/es\/p\/floating-foam-wristband-keychains\/","title":{"rendered":"Llaveros de pulsera de espuma flotante"},"content":{"rendered":"<p>Garantice la seguridad de las llaves de sus clientes durante eventos acu\u00e1ticos corporativos, en puertos deportivos o en excursiones n\u00e1uticas con nuestros llaveros de pulsera de espuma flotante. Este pr\u00e1ctico art\u00edculo promocional es imprescindible para cualquier empresa relacionada con el agua, la hosteler\u00eda o la navegaci\u00f3n.<\/p>\n<p>Dise\u00f1ado para llevarse c\u00f3modamente en la mu\u00f1eca, este llavero est\u00e1 fabricado con poli\u00e9ster PET resistente y relleno de espuma. Su construcci\u00f3n garantiza que flote, evitando que las llaves comunes se hundan si caen al agua. Su color brillante PANTONE 298C ofrece alta visibilidad, facilitando su localizaci\u00f3n.<\/p>\n<p>Ideal para su distribuci\u00f3n en salones n\u00e1uticos, como art\u00edculo est\u00e1ndar para los miembros de los puertos deportivos o como obsequio funcional para marcas de viajes y hosteler\u00eda, este llavero flotante garantiza que su marca se asocie con seguridad y practicidad.<\/p>\n<p><b>Caracter\u00edsticas principales:<\/b><\/p>\n<ul>\n<li><b>Dise\u00f1o flotante relleno de espuma:<\/b> Flota de forma fiable, evitando que las llaves se hundan en el agua.<\/li>\n<li><b>Material PET duradero:<\/b> Fabricado con poli\u00e9ster resistente para un uso prolongado en ambientes marinos.<\/li>\n<li><b>Color de alta visibilidad:<\/b> Viene en un brillante color PANTONE 298C para facilitar su localizaci\u00f3n en el agua.<\/li>\n<li><b>Uso manos libres:<\/b> Funciona como pulsera y llavero para mayor comodidad.<\/li>\n<li><b>Producci\u00f3n certificada:<\/b> Fabricado en una f\u00e1brica auditada por amfori BSCI, lo que garantiza un abastecimiento responsable.<\/li>\n<\/ul>","protected":false},"excerpt":{"rendered":"<ul>\n<li>Evita que las llaves se hundan, ideal para navegaci\u00f3n, puertos deportivos y eventos junto al agua.<\/li>\n<li>Fabricado con poli\u00e9ster PET relleno de espuma duradera para una flotabilidad fiable.<\/li>\n<li>Proporciona un art\u00edculo promocional de alta visibilidad para marcas relacionadas con el agua.<\/li>\n<li>Disponible en un vibrante azul PANTONE 298C para una f\u00e1cil identificaci\u00f3n.<\/li>\n<\/ul>","protected":false},"featured_media":6411,"comment_status":"closed","ping_status":"closed","template":"","meta":[],"product_brand":[],"product_cat":[66,94],"product_tag":[],"class_list":{"0":"post-5402","1":"product","2":"type-product","3":"status-publish","4":"has-post-thumbnail","6":"product_cat-wristbands","7":"product_cat-keychains","9":"first","10":"instock","11":"shipping-taxable","12":"purchasable","13":"product-type-simple"},"_links":{"self":[{"href":"https:\/\/displayproducts.eu\/es\/wp-json\/wp\/v2\/product\/5402","targetHints":{"allow":["GET"]}}],"collection":[{"href":"https:\/\/displayproducts.eu\/es\/wp-json\/wp\/v2\/product"}],"about":[{"href":"https:\/\/displayproducts.eu\/es\/wp-json\/wp\/v2\/types\/product"}],"replies":[{"embeddable":true,"href":"https:\/\/displayproducts.eu\/es\/wp-json\/wp\/v2\/comments?post=5402"}],"wp:featuredmedia":[{"embeddable":true,"href":"https:\/\/displayproducts.eu\/es\/wp-json\/wp\/v2\/media\/6411"}],"wp:attachment":[{"href":"https:\/\/displayproducts.eu\/es\/wp-json\/wp\/v2\/media?parent=5402"}],"wp:term":[{"taxonomy":"product_brand","embeddable":true,"href":"https:\/\/displayproducts.eu\/es\/wp-json\/wp\/v2\/product_brand?post=5402"},{"taxonomy":"product_cat","embeddable":true,"href":"https:\/\/displayproducts.eu\/es\/wp-json\/wp\/v2\/product_cat?post=5402"},{"taxonomy":"product_tag","embeddable":true,"href":"https:\/\/displayproducts.eu\/es\/wp-json\/wp\/v2\/product_tag?post=5402"}],"curies":[{"name":"wp","href":"https:\/\/api.w.org\/{rel}","templated":true}]}}