{"id":5393,"date":"2025-11-13T16:47:58","date_gmt":"2025-11-13T13:47:58","guid":{"rendered":"https:\/\/wristbandfactory.eu\/?post_type=product&#038;p=5393"},"modified":"2026-04-01T21:52:03","modified_gmt":"2026-04-01T18:52:03","slug":"silicone-wristbands-with-aluminium-plate","status":"publish","type":"product","link":"https:\/\/displayproducts.eu\/es\/p\/silicone-wristbands-with-aluminium-plate\/","title":{"rendered":"Pulseras de silicona con placa de aluminio"},"content":{"rendered":"<p><span class=\"citation-125 citation-end-125\">Realce sus art\u00edculos promocionales con nuestras pulseras de silicona que incorporan una placa de aluminio de gran visibilidad. <\/span><span class=\"citation-124 citation-end-124\">Este modelo combina la comodidad y durabilidad de la silicona con una placa met\u00e1lica de primera calidad, creando el lienzo perfecto para el logotipo de su empresa. <\/span><\/p>\n<p><span class=\"citation-123 citation-end-123\">A diferencia de las bandas impresas o grabadas est\u00e1ndar, la placa de aluminio plateado <\/span> Est\u00e1 dise\u00f1ado para grabado l\u00e1ser, ofreciendo un acabado n\u00edtido, permanente y de alta calidad que no se desgasta. Esto lo convierte en una opci\u00f3n excepcional para eventos corporativos, acceso VIP o como art\u00edculo promocional duradero que clientes y empleados apreciar\u00e1n.<\/p>\n<p><span class=\"citation-122 citation-end-122\">La propia banda est\u00e1 fabricada con silicona resistente de alta calidad, lo que garantiza un ajuste c\u00f3modo para usarla durante todo el d\u00eda en conferencias o ferias comerciales. <\/span> Su tama\u00f1o de 202 x 12 x 3 mm se adapta a la mayor\u00eda de los adultos. Este dise\u00f1o de materiales mixtos ofrece una imagen sofisticada y moderna para su pr\u00f3xima campa\u00f1a de marketing.<\/p>\n<p><b>Caracter\u00edsticas principales:<\/b><\/p>\n<ul>\n<li><b><span class=\"citation-121\">Placa met\u00e1lica premium:<\/span><\/b><span class=\"citation-121 citation-end-121\"> Cuenta con una placa de aluminio plateado brillante, ideal para el grabado l\u00e1ser. <\/span><\/li>\n<li><b><span class=\"citation-120\">Banda de silicona duradera:<\/span><\/b><span class=\"citation-120 citation-end-120\"> Fabricado con silicona 100% de alta calidad para mayor comodidad y durabilidad. <\/span><\/li>\n<li><b>Marca de alta gama:<\/b> Ofrece una opci\u00f3n de marca m\u00e1s sofisticada y duradera que las bandas est\u00e1ndar de silicona.<\/li>\n<li><b>Talla est\u00e1ndar para adultos:<\/b> Sus dimensiones de 202 x 12 x 3 mm se adaptan a la mayor\u00eda de los asistentes.<\/li>\n<li><b>Ligero:<\/b> Solo pesa 8 g, por lo que resulta c\u00f3modo para usarlo durante todo el d\u00eda.<\/li>\n<\/ul>","protected":false},"excerpt":{"rendered":"<ul>\n<li><span class=\"citation-127 citation-end-127\">Cuenta con una placa de aluminio plateado de primera calidad para un logotipo grabado duradero. <\/span><\/li>\n<li><span class=\"citation-126 citation-end-126\">La resistente banda de silicona 100% es c\u00f3moda para usarla durante todo el d\u00eda en eventos. <\/span><\/li>\n<li>Ideal para eventos corporativos, recaudaciones de fondos y como art\u00edculo promocional de alta gama.<\/li>\n<li>El tama\u00f1o est\u00e1ndar de 202 x 12 x 3 mm se adapta a la mayor\u00eda de las mu\u00f1ecas de adultos.<\/li>\n<\/ul>","protected":false},"featured_media":5946,"comment_status":"closed","ping_status":"closed","template":"","meta":[],"product_brand":[],"product_cat":[49],"product_tag":[],"class_list":{"0":"post-5393","1":"product","2":"type-product","3":"status-publish","4":"has-post-thumbnail","6":"product_cat-silicone","8":"first","9":"instock","10":"shipping-taxable","11":"purchasable","12":"product-type-simple"},"_links":{"self":[{"href":"https:\/\/displayproducts.eu\/es\/wp-json\/wp\/v2\/product\/5393","targetHints":{"allow":["GET"]}}],"collection":[{"href":"https:\/\/displayproducts.eu\/es\/wp-json\/wp\/v2\/product"}],"about":[{"href":"https:\/\/displayproducts.eu\/es\/wp-json\/wp\/v2\/types\/product"}],"replies":[{"embeddable":true,"href":"https:\/\/displayproducts.eu\/es\/wp-json\/wp\/v2\/comments?post=5393"}],"wp:featuredmedia":[{"embeddable":true,"href":"https:\/\/displayproducts.eu\/es\/wp-json\/wp\/v2\/media\/5946"}],"wp:attachment":[{"href":"https:\/\/displayproducts.eu\/es\/wp-json\/wp\/v2\/media?parent=5393"}],"wp:term":[{"taxonomy":"product_brand","embeddable":true,"href":"https:\/\/displayproducts.eu\/es\/wp-json\/wp\/v2\/product_brand?post=5393"},{"taxonomy":"product_cat","embeddable":true,"href":"https:\/\/displayproducts.eu\/es\/wp-json\/wp\/v2\/product_cat?post=5393"},{"taxonomy":"product_tag","embeddable":true,"href":"https:\/\/displayproducts.eu\/es\/wp-json\/wp\/v2\/product_tag?post=5393"}],"curies":[{"name":"wp","href":"https:\/\/api.w.org\/{rel}","templated":true}]}}